{"id":11917,"date":"2018-02-20T00:30:05","date_gmt":"2018-02-20T00:30:05","guid":{"rendered":"https:\/\/www.feurich.com\/pianos-classiques\/piano-a-queue-modele-162-dynamic-i\/"},"modified":"2020-12-23T11:27:57","modified_gmt":"2020-12-23T11:27:57","slug":"piano-a-queue-modele-162-dynamic-i","status":"publish","type":"page","link":"https:\/\/test.feurich.com\/fr\/produits\/pianos-classiques\/piano-a-queue-modele-162-dynamic-i\/","title":{"rendered":"Piano \u00e0 queue Mod\u00e8le 162 &#8211; Dynamic I"},"content":{"rendered":"<div class=\"wpb-content-wrapper\"><div  class=\"sec_row container\"><div class=\"vc_row wpb_row vc_row-fluid\"><div class=\"wpb_column vc_column_container vc_col-sm-12 et-dark-column\"><div class=\"vc_column-inner\"><div class=\"wpb_wrapper\">\n\t<div class=\"wpb_text_column wpb_content_element   no-bottom-margin\" >\n\t\t<div class=\"wpb_wrapper\">\n\t\t\t<p>[class_piano_menu]<\/p>\n\n\t\t<\/div>\n\t<\/div>\n\n\t<div class=\"wpb_text_column wpb_content_element  \" >\n\t\t<div class=\"wpb_wrapper\">\n\t\t\t<div class=\"as-styles-warning\" style=\"width: 450px; background-color: #FFF; color: #F00; border: 1px solid #F00; padding: 10px; font-size: 14px;\">\n\t\t\t<span style=\"font-weight: bold;\">Warning: The stylesheets were not loaded!<\/span> \n\t\t\tYou will need to change the <i>Load stylesheets<\/i> setting from <i>Automatically<\/i> to <i>On homepage<\/i> or <i>On all pages<\/i>. \n\t\t\tYou can set that <a style=\"text-decoration: underline; color: #F00;\" href=\"https:\/\/test.feurich.com\/wp-admin\/admin.php?page=accordion-slider-lite-settings\">here<\/a>.\n\t\t\t<\/div>\r\n<div id=\"accordion-slider-13\" class=\"accordion-slider as-no-js\" style=\"width: 100%px; height: 440px;\">\r\n\t<div class=\"as-panels\">\r\n\t\t\r\n\t\t<div class=\"as-panel\">\r\n\t\t\t<img loading=\"lazy\" decoding=\"async\" class=\"as-background\" src=\"\/wp-content\/uploads\/FEURICH-Mod.-162-Dynamic-I-LED.jpg\" alt=\"FEURICH, Mod. 162 Dynamic I, LED\" title=\"FEURICH, Mod. 162 Dynamic I, LED\" width=\"660\" height=\"440\" \/>\r\n\t\t<\/div>\r\n\t\t<div class=\"as-panel\">\r\n\t\t\t<img loading=\"lazy\" decoding=\"async\" class=\"as-background\" src=\"\/wp-content\/uploads\/FERUICH-Mod.-162-Dynamic-I-Angelo-Wang.jpg\" alt=\"FERUICH, Mod. 162 Dynamic I, Angelo Wang\" title=\"FERUICH, Mod. 162 Dynamic I, Angelo Wang\" width=\"601\" height=\"400\" \/>\r\n\t\t<\/div>\r\n\t\t<div class=\"as-panel\">\r\n\t\t\t<img loading=\"lazy\" decoding=\"async\" class=\"as-background\" src=\"\/wp-content\/uploads\/FEURICH-Mod.-162-Dynamic-I-Gr\u00fcnbichler_Jabr_Saleh_\u00a9Georg-Cizek-Graf.jpg\" alt=\"FEURICH, Mod. 162 Dynamic I, Gr\u00fcnbichler_Jabr_Saleh_\u00a9Georg Cizek-Graf\" title=\"FEURICH, Mod. 162 Dynamic I, Gr\u00fcnbichler_Jabr_Saleh_\u00a9Georg Cizek-Graf\" width=\"587\" height=\"440\" \/>\r\n\t\t<\/div>\r\n\t\t<div class=\"as-panel\">\r\n\t\t\t<img loading=\"lazy\" decoding=\"async\" class=\"as-background\" src=\"\/wp-content\/uploads\/FEURICH-Mod.-162-Dynamic-I-sound-board-1.jpg\" alt=\"FEURICH, Mod. 162 Dynamic I, sound board\" title=\"FEURICH, Mod. 162 Dynamic I, sound board\" width=\"660\" height=\"440\" \/>\r\n\t\t<\/div>\r\n\t\t<div class=\"as-panel\">\r\n\t\t\t<img loading=\"lazy\" decoding=\"async\" class=\"as-background\" src=\"\/wp-content\/uploads\/FEURICH-Mod.-162-Dynamic-I-cat.jpg\" alt=\"FEURICH Mod. 162 - Dynamic I, cat\" title=\"FEURICH Mod. 162 - Dynamic I, cat\" width=\"330\" height=\"440\" \/>\r\n\t\t<\/div>\r\n\t<\/div>\r\n<\/div>\n\n\t\t<\/div>\n\t<\/div>\n<\/div><\/div><\/div><\/div><\/div><div  class=\"sec_row container\"><div class=\"vc_row wpb_row vc_row-fluid\"><div class=\"wpb_column vc_column_container vc_col-sm-4 et-dark-column\"><div class=\"vc_column-inner\"><div class=\"wpb_wrapper\">\n\t<div class=\"wpb_text_column wpb_content_element   piano-title\" >\n\t\t<div class=\"wpb_wrapper\">\n\t\t\t<p>Mod\u00e8le 162 &#8211; Dynamic I<\/p>\n\n\t\t<\/div>\n\t<\/div>\n\n\t<div  class=\"wpb_single_image wpb_content_element vc_align_center  vc_custom_1608722843366\">\n\t\t\n\t\t<figure class=\"wpb_wrapper vc_figure\">\n\t\t\t<a href=\"modele-162-dynamic-i-details\" target=\"_self\" class=\"vc_single_image-wrapper   vc_box_border_grey\"><img decoding=\"async\" class=\"vc_single_image-img \" src=\"https:\/\/test.feurich.com\/wp-content\/uploads\/Mod._162_-_Dynamic_I_11white_chrome-357x258.png\" width=\"357\" height=\"258\" alt=\"Mod._162_-_Dynamic_I_#11white_chrome\" title=\"Mod._162_-_Dynamic_I_#11white_chrome\" loading=\"lazy\" \/><\/a>\n\t\t<\/figure>\n\t<\/div>\n\n\t<div class=\"wpb_text_column wpb_content_element  \" >\n\t\t<div class=\"wpb_wrapper\">\n\t\t\t<p>Comme tr\u00e8s peu de pianos \u00e0 queue de cette taille (avec une longueur de 162 cm seulement), il offre un son complet, une gamme de dynamiques exceptionnelle ainsi qu&#8217;une clart\u00e9 subtiles, et ce jusque dans les basses.\u00a0<a href=\"https:\/\/test.feurich.com\/fr\/produits\/pianos-classiques\/piano-a-queue-modele-162-dynamic-i\/modele-162-dynamic-i-details\/\">&gt;&gt; Details<\/a><\/p>\n\n\t\t<\/div>\n\t<\/div>\n<\/div><\/div><\/div><div class=\"wpb_column vc_column_container vc_col-sm-4 et-dark-column\"><div class=\"vc_column-inner\"><div class=\"wpb_wrapper\">\n\t<div class=\"wpb_text_column wpb_content_element   piano-title\" >\n\t\t<div class=\"wpb_wrapper\">\n\t\t\t<p>D\u00e9tails techniques<\/p>\n\n\t\t<\/div>\n\t<\/div>\n\n\t<div  class=\"wpb_single_image wpb_content_element vc_align_center  vc_custom_1608722837927\">\n\t\t\n\t\t<figure class=\"wpb_wrapper vc_figure\">\n\t\t\t<a href=\"modele-162-dynamic-i-details\" target=\"_self\" class=\"vc_single_image-wrapper   vc_box_border_grey\"><img decoding=\"async\" class=\"vc_single_image-img \" src=\"https:\/\/test.feurich.com\/wp-content\/uploads\/masse_162_deutsch.jpg\" width=\"357\" height=\"258\" alt=\"FEURICH Mod. 162 \u2013 Dynamic I, Ma\u00dfe deutsch\" title=\"FEURICH_Mod.162_Masse_deutsch\" loading=\"lazy\" \/><\/a>\n\t\t<\/figure>\n\t<\/div>\n\n\t<div class=\"wpb_text_column wpb_content_element  \" >\n\t\t<div class=\"wpb_wrapper\">\n\t\t\t<p>Cet instrument d&#8217;enseignement tr\u00e8s populaire dans le monde est r\u00e9sistant aux variations hygrom\u00e9triques, et peut \u00eatre parfaitement r\u00e9gl\u00e9. <a href=\"https:\/\/test.feurich.com\/fr\/produits\/pianos-classiques\/piano-a-queue-modele-162-dynamic-i\/modele-162-dynamic-i-details\/\">&gt;&gt; Details<\/a><\/p>\n\n\t\t<\/div>\n\t<\/div>\n<\/div><\/div><\/div><div class=\"wpb_column vc_column_container vc_col-sm-4 et-dark-column\"><div class=\"vc_column-inner\"><div class=\"wpb_wrapper\">\n\t<div class=\"wpb_text_column wpb_content_element   piano-title\" >\n\t\t<div class=\"wpb_wrapper\">\n\t\t\t<p>Vid\u00e9o<\/p>\n\n\t\t<\/div>\n\t<\/div>\n\n\t<div class=\"wpb_text_column wpb_content_element  \" >\n\t\t<div class=\"wpb_wrapper\">\n\t\t\t<p>[feurich_vid youtube=&#8221;AbJO4AcbbHk&#8221; youku=&#8221;XMzg2MDM0MTU4MA==&#8221; el_class=&#8221;product-video&#8221;]<\/p>\n\n\t\t<\/div>\n\t<\/div>\n\n\t<div class=\"wpb_text_column wpb_content_element  \" >\n\t\t<div class=\"wpb_wrapper\">\n\t\t\t<p>Son on, dans cette vid\u00e9o : Nous vous pr\u00e9sentons le son, les d\u00e9tails et les particularit\u00e9s du [feurich_vid_link youtube = &#8220;zYl-5Jqu8B0&#8221; youku = &#8220;XMzI4MTg4Mzg2NA ==&#8221;] FEURICH Mod 162-Dynamique I [\/feurich_vid_link].<\/p>\n\n\t\t<\/div>\n\t<\/div>\n<\/div><\/div><\/div><\/div><\/div>\n<\/div>","protected":false},"excerpt":{"rendered":"<p>Comme tr\u00e8s peu de pianos \u00e0 queue de cette taille (avec une longueur de 162 cm seulement), il offre un son complet, une gamme de dynamiques  exceptionnelle ainsi qu&#8217;une clart\u00e9 subtiles, et ce jusque dans les basses.<\/p>\n","protected":false},"author":4,"featured_media":6981,"parent":11854,"menu_order":4,"comment_status":"closed","ping_status":"closed","template":"template-fullwidth.php","meta":{"inline_featured_image":false,"footnotes":""},"class_list":["post-11917","page","type-page","status-publish","has-post-thumbnail","hentry"],"acf":[],"_links":{"self":[{"href":"https:\/\/test.feurich.com\/fr\/wp-json\/wp\/v2\/pages\/11917"}],"collection":[{"href":"https:\/\/test.feurich.com\/fr\/wp-json\/wp\/v2\/pages"}],"about":[{"href":"https:\/\/test.feurich.com\/fr\/wp-json\/wp\/v2\/types\/page"}],"author":[{"embeddable":true,"href":"https:\/\/test.feurich.com\/fr\/wp-json\/wp\/v2\/users\/4"}],"replies":[{"embeddable":true,"href":"https:\/\/test.feurich.com\/fr\/wp-json\/wp\/v2\/comments?post=11917"}],"version-history":[{"count":19,"href":"https:\/\/test.feurich.com\/fr\/wp-json\/wp\/v2\/pages\/11917\/revisions"}],"predecessor-version":[{"id":48610,"href":"https:\/\/test.feurich.com\/fr\/wp-json\/wp\/v2\/pages\/11917\/revisions\/48610"}],"up":[{"embeddable":true,"href":"https:\/\/test.feurich.com\/fr\/wp-json\/wp\/v2\/pages\/11854"}],"wp:featuredmedia":[{"embeddable":true,"href":"https:\/\/test.feurich.com\/fr\/wp-json\/wp\/v2\/media\/6981"}],"wp:attachment":[{"href":"https:\/\/test.feurich.com\/fr\/wp-json\/wp\/v2\/media?parent=11917"}],"curies":[{"name":"wp","href":"https:\/\/api.w.org\/{rel}","templated":true}]}}