{"id":11957,"date":"2018-02-20T00:43:02","date_gmt":"2018-02-20T00:43:02","guid":{"rendered":"https:\/\/www.feurich.com\/accessoires\/banquettes-de-piano\/"},"modified":"2018-02-20T00:43:03","modified_gmt":"2018-02-20T00:43:03","slug":"banquettes-de-piano","status":"publish","type":"page","link":"https:\/\/test.feurich.com\/fr\/produits\/accessoires\/banquettes-de-piano\/","title":{"rendered":"Banquettes de piano"},"content":{"rendered":"<div class=\"wpb-content-wrapper\"><div  class=\"sec_row container\"><div class=\"vc_row wpb_row vc_row-fluid\"><div class=\"wpb_column vc_column_container vc_col-sm-12 et-dark-column\"><div class=\"vc_column-inner\"><div class=\"wpb_wrapper\"><div class=\"vc_empty_space\"   style=\"height: 5px\"><span class=\"vc_empty_space_inner\"><\/span><\/div><div class=\"vc_row wpb_row vc_inner vc_row-fluid max_width\"><div class=\"wpb_column vc_column_container vc_col-sm-2 et-dark-column\"><div class=\"vc_column-inner\"><div class=\"wpb_wrapper\"><\/div><\/div><\/div><div class=\"wpb_column vc_column_container vc_col-sm-8 et-dark-column\"><div class=\"vc_column-inner\"><div class=\"wpb_wrapper\">\n\t<div class=\"wpb_text_column wpb_content_element   vc_custom_1507013499500 big-title\" >\n\t\t<div class=\"wpb_wrapper\">\n\t\t\t<p style=\"text-align: center\">Banquettes de piano<\/p>\n\n\t\t<\/div>\n\t<\/div>\n\n\t<div class=\"wpb_text_column wpb_content_element  \" >\n\t\t<div class=\"wpb_wrapper\">\n\t\t\t\n\t\t<\/div>\n\t<\/div>\n<\/div><\/div><\/div><div class=\"wpb_column vc_column_container vc_col-sm-2 et-dark-column\"><div class=\"vc_column-inner\"><div class=\"wpb_wrapper\"><\/div><\/div><\/div><\/div><div class=\"vc_empty_space\"   style=\"height: 32px\"><span class=\"vc_empty_space_inner\"><\/span><\/div><\/div><\/div><\/div><\/div><\/div><!-- Row Backgrounds --><div class=\"upb_bg_img\" data-ultimate-bg=\"url(https:\/\/test.feurich.com\/wp-content\/uploads\/2017\/08\/home-fon-bl3.jpg)\" data-image-id=\"id^521|url^\/wp-content\/uploads\/2017\/08\/home-fon-bl3.jpg|caption^null|alt^null|title^home-fon-bl3|description^null\" data-ultimate-bg-style=\"vcpb-default\" data-bg-img-repeat=\"no-repeat\" data-bg-img-size=\"cover\" data-bg-img-position=\"\" data-parallx_sense=\"30\" data-bg-override=\"full\" data-bg_img_attach=\"scroll\" data-upb-overlay-color=\"\" data-upb-bg-animation=\"\" data-fadeout=\"\" data-bg-animation=\"left-animation\" data-bg-animation-type=\"h\" data-animation-repeat=\"repeat\" data-fadeout-percentage=\"30\" data-parallax-content=\"\" data-parallax-content-sense=\"30\" data-row-effect-mobile-disable=\"true\" data-img-parallax-mobile-disable=\"true\" data-rtl=\"false\"  data-custom-vc-row=\"\"  data-vc=\"7.4\"  data-is_old_vc=\"\"  data-theme-support=\"\"   data-overlay=\"false\" data-overlay-color=\"\" data-overlay-pattern=\"\" data-overlay-pattern-opacity=\"\" data-overlay-pattern-size=\"\"    ><\/div><div  class=\"sec_row container\"><div class=\"vc_row wpb_row vc_row-fluid\"><div class=\"wpb_column vc_column_container vc_col-sm-4 et-dark-column\"><div class=\"vc_column-inner\"><div class=\"wpb_wrapper\">\n\t<div class=\"wpb_text_column wpb_content_element   products-title\" >\n\t\t<div class=\"wpb_wrapper\">\n\t\t\t<p>Con\u00e7ues par des pianistes<\/p>\n\n\t\t<\/div>\n\t<\/div>\n\n\t<div class=\"wpb_text_column wpb_content_element  \" >\n\t\t<div class=\"wpb_wrapper\">\n\t\t\t<p>Qui en sait plus sur les besoins des pianistes que les pianistes eux-m\u00eames ? C&#8217;est pourquoi nous avons d\u00e9velopp\u00e9 nos bancs de piano exactement en fonction des besoins des pianistes modernes:<\/p>\n<p>hauteur r\u00e9glable pour une posture parfaite<br \/>\nextr\u00eamement confortable<br \/>\ntr\u00e8s robuste et durable<\/p>\n\n\t\t<\/div>\n\t<\/div>\n<\/div><\/div><\/div><div class=\"wpb_column vc_column_container vc_col-sm-4 et-dark-column\"><div class=\"vc_column-inner\"><div class=\"wpb_wrapper\"><div class=\"wpb_gallery wpb_content_element vc_clearfix\" ><div class=\"wpb_wrapper\"><div class=\"wpb_gallery_slides wpb_flexslider flexslider_fade flexslider\" data-interval=\"5\" data-flex_fx=\"fade\"><ul class=\"slides\"><li><a class=\"\" href=\"https:\/\/test.feurich.com\/wp-content\/uploads\/XD1414_1_web-1024x1016.jpg\" data-lightbox=\"lightbox[rel-11957-994133193]\"><img loading=\"lazy\" decoding=\"async\" width=\"1024\" height=\"1016\" src=\"https:\/\/test.feurich.com\/wp-content\/uploads\/XD1414_1_web-1024x1016.jpg\" class=\"attachment-thumbnail\" alt=\"\" title=\"XD14#14_1_web\" srcset=\"https:\/\/test.feurich.com\/wp-content\/uploads\/XD1414_1_web.jpg 1024w, https:\/\/test.feurich.com\/wp-content\/uploads\/XD1414_1_web-450x446.jpg 450w, https:\/\/test.feurich.com\/wp-content\/uploads\/XD1414_1_web-100x100.jpg 100w, https:\/\/test.feurich.com\/wp-content\/uploads\/XD1414_1_web-1000x992.jpg 1000w, https:\/\/test.feurich.com\/wp-content\/uploads\/XD1414_1_web-300x298.jpg 300w, https:\/\/test.feurich.com\/wp-content\/uploads\/XD1414_1_web-768x762.jpg 768w, https:\/\/test.feurich.com\/wp-content\/uploads\/XD1414_1_web-150x150.jpg 150w, https:\/\/test.feurich.com\/wp-content\/uploads\/XD1414_1_web-800x794.jpg 800w\" sizes=\"(max-width: 1024px) 100vw, 1024px\" \/><\/a><\/li><li><a class=\"\" href=\"https:\/\/test.feurich.com\/wp-content\/uploads\/Concert-bench_XD14-white-pol._web-1024x953.jpg\" data-lightbox=\"lightbox[rel-11957-994133193]\"><img loading=\"lazy\" decoding=\"async\" width=\"1024\" height=\"953\" src=\"https:\/\/test.feurich.com\/wp-content\/uploads\/Concert-bench_XD14-white-pol._web-1024x953.jpg\" class=\"attachment-thumbnail\" alt=\"\" title=\"Concert bench_XD14 white pol._web\" srcset=\"https:\/\/test.feurich.com\/wp-content\/uploads\/Concert-bench_XD14-white-pol._web.jpg 1024w, https:\/\/test.feurich.com\/wp-content\/uploads\/Concert-bench_XD14-white-pol._web-450x419.jpg 450w, https:\/\/test.feurich.com\/wp-content\/uploads\/Concert-bench_XD14-white-pol._web-1000x931.jpg 1000w, https:\/\/test.feurich.com\/wp-content\/uploads\/Concert-bench_XD14-white-pol._web-300x279.jpg 300w, https:\/\/test.feurich.com\/wp-content\/uploads\/Concert-bench_XD14-white-pol._web-768x715.jpg 768w, https:\/\/test.feurich.com\/wp-content\/uploads\/Concert-bench_XD14-white-pol._web-800x745.jpg 800w\" sizes=\"(max-width: 1024px) 100vw, 1024px\" \/><\/a><\/li><li><a class=\"\" href=\"https:\/\/test.feurich.com\/wp-content\/uploads\/Concert-bench_XD14-black-pol._web-1024x867.jpg\" data-lightbox=\"lightbox[rel-11957-994133193]\"><img loading=\"lazy\" decoding=\"async\" width=\"1024\" height=\"867\" src=\"https:\/\/test.feurich.com\/wp-content\/uploads\/Concert-bench_XD14-black-pol._web-1024x867.jpg\" class=\"attachment-thumbnail\" alt=\"\" title=\"Concert bench_XD14 black pol._web\" srcset=\"https:\/\/test.feurich.com\/wp-content\/uploads\/Concert-bench_XD14-black-pol._web.jpg 1024w, https:\/\/test.feurich.com\/wp-content\/uploads\/Concert-bench_XD14-black-pol._web-600x508.jpg 600w, https:\/\/test.feurich.com\/wp-content\/uploads\/Concert-bench_XD14-black-pol._web-300x254.jpg 300w, https:\/\/test.feurich.com\/wp-content\/uploads\/Concert-bench_XD14-black-pol._web-768x650.jpg 768w, https:\/\/test.feurich.com\/wp-content\/uploads\/Concert-bench_XD14-black-pol._web-800x677.jpg 800w\" sizes=\"(max-width: 1024px) 100vw, 1024px\" \/><\/a><\/li><li><a class=\"\" href=\"https:\/\/test.feurich.com\/wp-content\/uploads\/Bench_XD3-black-pol.-open_web-883x1024.jpg\" data-lightbox=\"lightbox[rel-11957-994133193]\"><img loading=\"lazy\" decoding=\"async\" width=\"883\" height=\"1024\" src=\"https:\/\/test.feurich.com\/wp-content\/uploads\/Bench_XD3-black-pol.-open_web-883x1024.jpg\" class=\"attachment-thumbnail\" alt=\"\" title=\"Bench_XD3 black pol. open_web\" srcset=\"https:\/\/test.feurich.com\/wp-content\/uploads\/Bench_XD3-black-pol.-open_web.jpg 883w, https:\/\/test.feurich.com\/wp-content\/uploads\/Bench_XD3-black-pol.-open_web-450x522.jpg 450w, https:\/\/test.feurich.com\/wp-content\/uploads\/Bench_XD3-black-pol.-open_web-600x696.jpg 600w, https:\/\/test.feurich.com\/wp-content\/uploads\/Bench_XD3-black-pol.-open_web-259x300.jpg 259w, https:\/\/test.feurich.com\/wp-content\/uploads\/Bench_XD3-black-pol.-open_web-768x891.jpg 768w, https:\/\/test.feurich.com\/wp-content\/uploads\/Bench_XD3-black-pol.-open_web-800x928.jpg 800w\" sizes=\"(max-width: 883px) 100vw, 883px\" \/><\/a><\/li><li><a class=\"\" href=\"https:\/\/test.feurich.com\/wp-content\/uploads\/Bench_XD3-black-pol._web-1024x867.jpg\" data-lightbox=\"lightbox[rel-11957-994133193]\"><img loading=\"lazy\" decoding=\"async\" width=\"1024\" height=\"867\" src=\"https:\/\/test.feurich.com\/wp-content\/uploads\/Bench_XD3-black-pol._web-1024x867.jpg\" class=\"attachment-thumbnail\" alt=\"\" title=\"Bench_XD3 black pol._web\" srcset=\"https:\/\/test.feurich.com\/wp-content\/uploads\/Bench_XD3-black-pol._web.jpg 1024w, https:\/\/test.feurich.com\/wp-content\/uploads\/Bench_XD3-black-pol._web-450x381.jpg 450w, https:\/\/test.feurich.com\/wp-content\/uploads\/Bench_XD3-black-pol._web-1000x847.jpg 1000w, https:\/\/test.feurich.com\/wp-content\/uploads\/Bench_XD3-black-pol._web-300x254.jpg 300w, https:\/\/test.feurich.com\/wp-content\/uploads\/Bench_XD3-black-pol._web-768x650.jpg 768w, https:\/\/test.feurich.com\/wp-content\/uploads\/Bench_XD3-black-pol._web-800x677.jpg 800w\" sizes=\"(max-width: 1024px) 100vw, 1024px\" \/><\/a><\/li><li><a class=\"\" href=\"https:\/\/test.feurich.com\/wp-content\/uploads\/Bench_XD2-black-pol._web-1024x980.jpg\" data-lightbox=\"lightbox[rel-11957-994133193]\"><img loading=\"lazy\" decoding=\"async\" width=\"1024\" height=\"980\" src=\"https:\/\/test.feurich.com\/wp-content\/uploads\/Bench_XD2-black-pol._web-1024x980.jpg\" class=\"attachment-thumbnail\" alt=\"\" title=\"Bench_XD2 black pol._web\" srcset=\"https:\/\/test.feurich.com\/wp-content\/uploads\/Bench_XD2-black-pol._web.jpg 1024w, https:\/\/test.feurich.com\/wp-content\/uploads\/Bench_XD2-black-pol._web-450x431.jpg 450w, https:\/\/test.feurich.com\/wp-content\/uploads\/Bench_XD2-black-pol._web-1000x957.jpg 1000w, https:\/\/test.feurich.com\/wp-content\/uploads\/Bench_XD2-black-pol._web-300x287.jpg 300w, https:\/\/test.feurich.com\/wp-content\/uploads\/Bench_XD2-black-pol._web-768x735.jpg 768w, https:\/\/test.feurich.com\/wp-content\/uploads\/Bench_XD2-black-pol._web-800x766.jpg 800w\" sizes=\"(max-width: 1024px) 100vw, 1024px\" \/><\/a><\/li><li><a class=\"\" href=\"https:\/\/test.feurich.com\/wp-content\/uploads\/Bench_XD1-white-pol._web-1024x867.jpg\" data-lightbox=\"lightbox[rel-11957-994133193]\"><img loading=\"lazy\" decoding=\"async\" width=\"1024\" height=\"867\" src=\"https:\/\/test.feurich.com\/wp-content\/uploads\/Bench_XD1-white-pol._web-1024x867.jpg\" class=\"attachment-thumbnail\" alt=\"\" title=\"Bench_XD1 white pol._web\" srcset=\"https:\/\/test.feurich.com\/wp-content\/uploads\/Bench_XD1-white-pol._web.jpg 1024w, https:\/\/test.feurich.com\/wp-content\/uploads\/Bench_XD1-white-pol._web-450x381.jpg 450w, https:\/\/test.feurich.com\/wp-content\/uploads\/Bench_XD1-white-pol._web-1000x847.jpg 1000w, https:\/\/test.feurich.com\/wp-content\/uploads\/Bench_XD1-white-pol._web-300x254.jpg 300w, https:\/\/test.feurich.com\/wp-content\/uploads\/Bench_XD1-white-pol._web-768x650.jpg 768w, https:\/\/test.feurich.com\/wp-content\/uploads\/Bench_XD1-white-pol._web-800x677.jpg 800w\" sizes=\"(max-width: 1024px) 100vw, 1024px\" \/><\/a><\/li><li><a class=\"\" href=\"https:\/\/test.feurich.com\/wp-content\/uploads\/Bench_XD1-walnut-satin_web-1024x867.jpg\" data-lightbox=\"lightbox[rel-11957-994133193]\"><img loading=\"lazy\" decoding=\"async\" width=\"1024\" height=\"867\" src=\"https:\/\/test.feurich.com\/wp-content\/uploads\/Bench_XD1-walnut-satin_web-1024x867.jpg\" class=\"attachment-thumbnail\" alt=\"\" title=\"Bench_XD1 walnut satin_web\" srcset=\"https:\/\/test.feurich.com\/wp-content\/uploads\/Bench_XD1-walnut-satin_web.jpg 1024w, https:\/\/test.feurich.com\/wp-content\/uploads\/Bench_XD1-walnut-satin_web-450x381.jpg 450w, https:\/\/test.feurich.com\/wp-content\/uploads\/Bench_XD1-walnut-satin_web-1000x847.jpg 1000w, https:\/\/test.feurich.com\/wp-content\/uploads\/Bench_XD1-walnut-satin_web-300x254.jpg 300w, https:\/\/test.feurich.com\/wp-content\/uploads\/Bench_XD1-walnut-satin_web-768x650.jpg 768w, https:\/\/test.feurich.com\/wp-content\/uploads\/Bench_XD1-walnut-satin_web-800x677.jpg 800w\" sizes=\"(max-width: 1024px) 100vw, 1024px\" \/><\/a><\/li><li><a class=\"\" href=\"https:\/\/test.feurich.com\/wp-content\/uploads\/Bench_XD1-walnut-pol._web-1024x867.jpg\" data-lightbox=\"lightbox[rel-11957-994133193]\"><img loading=\"lazy\" decoding=\"async\" width=\"1024\" height=\"867\" src=\"https:\/\/test.feurich.com\/wp-content\/uploads\/Bench_XD1-walnut-pol._web-1024x867.jpg\" class=\"attachment-thumbnail\" alt=\"\" title=\"Bench_XD1 walnut pol._web\" srcset=\"https:\/\/test.feurich.com\/wp-content\/uploads\/Bench_XD1-walnut-pol._web.jpg 1024w, https:\/\/test.feurich.com\/wp-content\/uploads\/Bench_XD1-walnut-pol._web-450x381.jpg 450w, https:\/\/test.feurich.com\/wp-content\/uploads\/Bench_XD1-walnut-pol._web-1000x847.jpg 1000w, https:\/\/test.feurich.com\/wp-content\/uploads\/Bench_XD1-walnut-pol._web-300x254.jpg 300w, https:\/\/test.feurich.com\/wp-content\/uploads\/Bench_XD1-walnut-pol._web-768x650.jpg 768w, https:\/\/test.feurich.com\/wp-content\/uploads\/Bench_XD1-walnut-pol._web-800x677.jpg 800w\" sizes=\"(max-width: 1024px) 100vw, 1024px\" \/><\/a><\/li><li><a class=\"\" href=\"https:\/\/test.feurich.com\/wp-content\/uploads\/Bench_XD1-mahogany-satin_web-1024x819.jpg\" data-lightbox=\"lightbox[rel-11957-994133193]\"><img loading=\"lazy\" decoding=\"async\" width=\"1024\" height=\"819\" src=\"https:\/\/test.feurich.com\/wp-content\/uploads\/Bench_XD1-mahogany-satin_web-1024x819.jpg\" class=\"attachment-thumbnail\" alt=\"\" title=\"Bench_XD1 mahogany satin_web\" srcset=\"https:\/\/test.feurich.com\/wp-content\/uploads\/Bench_XD1-mahogany-satin_web.jpg 1024w, https:\/\/test.feurich.com\/wp-content\/uploads\/Bench_XD1-mahogany-satin_web-450x360.jpg 450w, https:\/\/test.feurich.com\/wp-content\/uploads\/Bench_XD1-mahogany-satin_web-1000x800.jpg 1000w, https:\/\/test.feurich.com\/wp-content\/uploads\/Bench_XD1-mahogany-satin_web-300x240.jpg 300w, https:\/\/test.feurich.com\/wp-content\/uploads\/Bench_XD1-mahogany-satin_web-768x614.jpg 768w, https:\/\/test.feurich.com\/wp-content\/uploads\/Bench_XD1-mahogany-satin_web-800x640.jpg 800w\" sizes=\"(max-width: 1024px) 100vw, 1024px\" \/><\/a><\/li><li><a class=\"\" href=\"https:\/\/test.feurich.com\/wp-content\/uploads\/Bench_XD1-cherry-satin_web-1024x958.jpg\" data-lightbox=\"lightbox[rel-11957-994133193]\"><img loading=\"lazy\" decoding=\"async\" width=\"1024\" height=\"958\" src=\"https:\/\/test.feurich.com\/wp-content\/uploads\/Bench_XD1-cherry-satin_web-1024x958.jpg\" class=\"attachment-thumbnail\" alt=\"\" title=\"Bench_XD1 cherry satin_web\" srcset=\"https:\/\/test.feurich.com\/wp-content\/uploads\/Bench_XD1-cherry-satin_web.jpg 1024w, https:\/\/test.feurich.com\/wp-content\/uploads\/Bench_XD1-cherry-satin_web-450x421.jpg 450w, https:\/\/test.feurich.com\/wp-content\/uploads\/Bench_XD1-cherry-satin_web-1000x936.jpg 1000w, https:\/\/test.feurich.com\/wp-content\/uploads\/Bench_XD1-cherry-satin_web-300x281.jpg 300w, https:\/\/test.feurich.com\/wp-content\/uploads\/Bench_XD1-cherry-satin_web-768x719.jpg 768w, https:\/\/test.feurich.com\/wp-content\/uploads\/Bench_XD1-cherry-satin_web-800x748.jpg 800w\" sizes=\"(max-width: 1024px) 100vw, 1024px\" \/><\/a><\/li><li><a class=\"\" href=\"https:\/\/test.feurich.com\/wp-content\/uploads\/Bench_XD1-bordeaux-pol._web-1024x867.jpg\" data-lightbox=\"lightbox[rel-11957-994133193]\"><img loading=\"lazy\" decoding=\"async\" width=\"1024\" height=\"867\" src=\"https:\/\/test.feurich.com\/wp-content\/uploads\/Bench_XD1-bordeaux-pol._web-1024x867.jpg\" class=\"attachment-thumbnail\" alt=\"\" title=\"Bench_XD1 bordeaux pol._web\" srcset=\"https:\/\/test.feurich.com\/wp-content\/uploads\/Bench_XD1-bordeaux-pol._web.jpg 1024w, https:\/\/test.feurich.com\/wp-content\/uploads\/Bench_XD1-bordeaux-pol._web-450x381.jpg 450w, https:\/\/test.feurich.com\/wp-content\/uploads\/Bench_XD1-bordeaux-pol._web-1000x847.jpg 1000w, https:\/\/test.feurich.com\/wp-content\/uploads\/Bench_XD1-bordeaux-pol._web-300x254.jpg 300w, https:\/\/test.feurich.com\/wp-content\/uploads\/Bench_XD1-bordeaux-pol._web-768x650.jpg 768w, https:\/\/test.feurich.com\/wp-content\/uploads\/Bench_XD1-bordeaux-pol._web-800x677.jpg 800w\" sizes=\"(max-width: 1024px) 100vw, 1024px\" \/><\/a><\/li><li><a class=\"\" href=\"https:\/\/test.feurich.com\/wp-content\/uploads\/Bench_XD1-black-satin_web-1-1024x867.jpg\" data-lightbox=\"lightbox[rel-11957-994133193]\"><img loading=\"lazy\" decoding=\"async\" width=\"1024\" height=\"867\" src=\"https:\/\/test.feurich.com\/wp-content\/uploads\/Bench_XD1-black-satin_web-1-1024x867.jpg\" class=\"attachment-thumbnail\" alt=\"\" title=\"Bench_XD1 black satin_web\" srcset=\"https:\/\/test.feurich.com\/wp-content\/uploads\/Bench_XD1-black-satin_web-1.jpg 1024w, https:\/\/test.feurich.com\/wp-content\/uploads\/Bench_XD1-black-satin_web-1-450x381.jpg 450w, https:\/\/test.feurich.com\/wp-content\/uploads\/Bench_XD1-black-satin_web-1-1000x847.jpg 1000w, https:\/\/test.feurich.com\/wp-content\/uploads\/Bench_XD1-black-satin_web-1-300x254.jpg 300w, https:\/\/test.feurich.com\/wp-content\/uploads\/Bench_XD1-black-satin_web-1-768x650.jpg 768w, https:\/\/test.feurich.com\/wp-content\/uploads\/Bench_XD1-black-satin_web-1-800x677.jpg 800w\" sizes=\"(max-width: 1024px) 100vw, 1024px\" \/><\/a><\/li><li><a class=\"\" href=\"https:\/\/test.feurich.com\/wp-content\/uploads\/Bench_XD1-black-pol._web-1024x867.jpg\" data-lightbox=\"lightbox[rel-11957-994133193]\"><img loading=\"lazy\" decoding=\"async\" width=\"1024\" height=\"867\" src=\"https:\/\/test.feurich.com\/wp-content\/uploads\/Bench_XD1-black-pol._web-1024x867.jpg\" class=\"attachment-thumbnail\" alt=\"\" title=\"Bench_XD1 black pol._web\" srcset=\"https:\/\/test.feurich.com\/wp-content\/uploads\/Bench_XD1-black-pol._web.jpg 1024w, https:\/\/test.feurich.com\/wp-content\/uploads\/Bench_XD1-black-pol._web-450x381.jpg 450w, https:\/\/test.feurich.com\/wp-content\/uploads\/Bench_XD1-black-pol._web-1000x847.jpg 1000w, https:\/\/test.feurich.com\/wp-content\/uploads\/Bench_XD1-black-pol._web-300x254.jpg 300w, https:\/\/test.feurich.com\/wp-content\/uploads\/Bench_XD1-black-pol._web-768x650.jpg 768w, https:\/\/test.feurich.com\/wp-content\/uploads\/Bench_XD1-black-pol._web-800x677.jpg 800w\" sizes=\"(max-width: 1024px) 100vw, 1024px\" \/><\/a><\/li><li><a class=\"\" href=\"https:\/\/test.feurich.com\/wp-content\/uploads\/Bench_XD1-beech-satin_web-1024x998.jpg\" data-lightbox=\"lightbox[rel-11957-994133193]\"><img loading=\"lazy\" decoding=\"async\" width=\"1024\" height=\"998\" src=\"https:\/\/test.feurich.com\/wp-content\/uploads\/Bench_XD1-beech-satin_web-1024x998.jpg\" class=\"attachment-thumbnail\" alt=\"\" title=\"Bench_XD1 beech satin_web\" srcset=\"https:\/\/test.feurich.com\/wp-content\/uploads\/Bench_XD1-beech-satin_web.jpg 1024w, https:\/\/test.feurich.com\/wp-content\/uploads\/Bench_XD1-beech-satin_web-450x439.jpg 450w, https:\/\/test.feurich.com\/wp-content\/uploads\/Bench_XD1-beech-satin_web-1000x975.jpg 1000w, https:\/\/test.feurich.com\/wp-content\/uploads\/Bench_XD1-beech-satin_web-300x292.jpg 300w, https:\/\/test.feurich.com\/wp-content\/uploads\/Bench_XD1-beech-satin_web-768x749.jpg 768w, https:\/\/test.feurich.com\/wp-content\/uploads\/Bench_XD1-beech-satin_web-800x780.jpg 800w\" sizes=\"(max-width: 1024px) 100vw, 1024px\" \/><\/a><\/li><\/ul><\/div><\/div><\/div><\/div><\/div><\/div><div class=\"wpb_column vc_column_container vc_col-sm-4 et-dark-column\"><div class=\"vc_column-inner\"><div class=\"wpb_wrapper\">\n\t<div class=\"wpb_text_column wpb_content_element   products-title\" >\n\t\t<div class=\"wpb_wrapper\">\n\t\t\t<p>Pour les professionnels et les particuliers<\/p>\n\n\t\t<\/div>\n\t<\/div>\n\n\t<div class=\"wpb_text_column wpb_content_element  \" >\n\t\t<div class=\"wpb_wrapper\">\n\t\t\t<p>Les pianistes ont des go\u00fbts tr\u00e8s individuels quand il s&#8217;agit d&#8217;apparences. C&#8217;est pourquoi nous r\u00e9pondons \u00e0 tous les go\u00fbts dans les couleurs et les designs de nos bancs.<\/p>\n<p>Couleurs: Noir (poli ou satin\u00e9), Blanc (poli), Bordeaux (poli ou satin\u00e9), Noyer (poli ou satin\u00e9), Cerisier (satin), H\u00eatre (satin).<\/p>\n<p>Pour plus d&#8217;informations sur nos bancs de piano, veuillez nous contacter. <a href=\"https:\/\/www.feurich.com\/?page_id=448\">&gt;&gt; Contact<\/a><\/p>\n\n\t\t<\/div>\n\t<\/div>\n<\/div><\/div><\/div><\/div><\/div>\n<\/div>","protected":false},"excerpt":{"rendered":"<p>Con\u00e7ues par des pianistes, pour un maximum de confort au piano.<\/p>\n","protected":false},"author":7,"featured_media":4644,"parent":11952,"menu_order":1,"comment_status":"closed","ping_status":"closed","template":"template-fullwidth.php","meta":{"inline_featured_image":false,"footnotes":""},"class_list":["post-11957","page","type-page","status-publish","has-post-thumbnail","hentry"],"acf":[],"_links":{"self":[{"href":"https:\/\/test.feurich.com\/fr\/wp-json\/wp\/v2\/pages\/11957"}],"collection":[{"href":"https:\/\/test.feurich.com\/fr\/wp-json\/wp\/v2\/pages"}],"about":[{"href":"https:\/\/test.feurich.com\/fr\/wp-json\/wp\/v2\/types\/page"}],"author":[{"embeddable":true,"href":"https:\/\/test.feurich.com\/fr\/wp-json\/wp\/v2\/users\/7"}],"replies":[{"embeddable":true,"href":"https:\/\/test.feurich.com\/fr\/wp-json\/wp\/v2\/comments?post=11957"}],"version-history":[{"count":5,"href":"https:\/\/test.feurich.com\/fr\/wp-json\/wp\/v2\/pages\/11957\/revisions"}],"predecessor-version":[{"id":11962,"href":"https:\/\/test.feurich.com\/fr\/wp-json\/wp\/v2\/pages\/11957\/revisions\/11962"}],"up":[{"embeddable":true,"href":"https:\/\/test.feurich.com\/fr\/wp-json\/wp\/v2\/pages\/11952"}],"wp:featuredmedia":[{"embeddable":true,"href":"https:\/\/test.feurich.com\/fr\/wp-json\/wp\/v2\/media\/4644"}],"wp:attachment":[{"href":"https:\/\/test.feurich.com\/fr\/wp-json\/wp\/v2\/media?parent=11957"}],"curies":[{"name":"wp","href":"https:\/\/api.w.org\/{rel}","templated":true}]}}