{"id":12121,"date":"2018-02-24T08:32:48","date_gmt":"2018-02-24T08:32:48","guid":{"rendered":"https:\/\/www.feurich.com\/jorg-hauser\/"},"modified":"2018-09-18T23:50:30","modified_gmt":"2018-09-18T23:50:30","slug":"jorg-hauser","status":"publish","type":"page","link":"https:\/\/test.feurich.com\/fr\/a-propos-de-nous\/une-equipe-dexperts\/jorg-hauser\/","title":{"rendered":"J\u00f6rg Hauser"},"content":{"rendered":"<div class=\"wpb-content-wrapper\"><div  class=\"sec_row container\"><div class=\"vc_row wpb_row vc_row-fluid\"><div class=\"wpb_column vc_column_container vc_col-sm-12 et-dark-column\"><div class=\"vc_column-inner\"><div class=\"wpb_wrapper\"><div class=\"vc_empty_space\"   style=\"height: 32px\"><span class=\"vc_empty_space_inner\"><\/span><\/div><\/div><\/div><\/div><\/div><\/div><div  class=\"sec_row container\"><div class=\"vc_row wpb_row vc_row-fluid\"><div class=\"wpb_column vc_column_container vc_col-sm-4 et-dark-column\"><div class=\"vc_column-inner\"><div class=\"wpb_wrapper\">\n\t<div  class=\"wpb_single_image wpb_content_element vc_align_left\">\n\t\t\n\t\t<figure class=\"wpb_wrapper vc_figure\">\n\t\t\t<div class=\"vc_single_image-wrapper   vc_box_border_grey\"><img loading=\"lazy\" decoding=\"async\" width=\"1024\" height=\"683\" src=\"https:\/\/test.feurich.com\/wp-content\/uploads\/DSC_0160-1024x683.jpg\" class=\"vc_single_image-img attachment-large\" alt=\"\" title=\"J\u00f6rg Hauser\" srcset=\"https:\/\/test.feurich.com\/wp-content\/uploads\/DSC_0160-1024x683.jpg 1024w, https:\/\/test.feurich.com\/wp-content\/uploads\/DSC_0160-scaled-450x300.jpg 450w, https:\/\/test.feurich.com\/wp-content\/uploads\/DSC_0160-scaled-1000x667.jpg 1000w, https:\/\/test.feurich.com\/wp-content\/uploads\/DSC_0160-300x200.jpg 300w, https:\/\/test.feurich.com\/wp-content\/uploads\/DSC_0160-768x512.jpg 768w, https:\/\/test.feurich.com\/wp-content\/uploads\/DSC_0160-800x533.jpg 800w\" sizes=\"(max-width: 1024px) 100vw, 1024px\" \/><\/div>\n\t\t<\/figure>\n\t<\/div>\n<\/div><\/div><\/div><div class=\"wpb_column vc_column_container vc_col-sm-8 et-dark-column\"><div class=\"vc_column-inner\"><div class=\"wpb_wrapper\">\n\t<div class=\"wpb_text_column wpb_content_element   big-title\" >\n\t\t<div class=\"wpb_wrapper\">\n\t\t\t<p>J\u00f6rg Hauser<\/p>\n\n\t\t<\/div>\n\t<\/div>\n\n\t<div class=\"wpb_text_column wpb_content_element  \" >\n\t\t<div class=\"wpb_wrapper\">\n\t\t\t<p>Facteur de pianos et de clavecins, Aldingen, Allemagne<\/p>\n<p>J\u00f6rg Hauser fait partie de l&#8217;\u00e9quipe de d\u00e9veloppement technique de FEURICH et est \u00e0 l&#8217;origine de nombreuses innovations sur les pianos FEURICH. Par exemple, le syst\u00e8me de p\u00e9dale innovant et le syst\u00e8me simplifi\u00e9 de\u00a0 d\u00e9montage du panneau du haut sont parmi ses grandes contributions \u00e0 la conception de nos piano modernes.<\/p>\n<p>J\u00f6rg Hauser est une rare technicienne pianiste qui non seulement fournit une exp\u00e9rience inestimable dans la production de piano moderne, mais qui dirige \u00e9galement un atelier de r\u00e9paration en plus de travailler comme un accordeur de concert recherch\u00e9 pour les conservatoires et les pianistes de renom. En outre, J\u00f6rg a d\u00e9velopp\u00e9 des m\u00e9thodes d&#8217;harmonisation qui servent de norme pour beaucoup d&#8217;autres techniciens de piano.<\/p>\n<p>Il a coordonn\u00e9 d&#8217;importants projets techniques pour la production de FEURICH \u00e0 Ningbo et a \u00e9t\u00e9 impliqu\u00e9 dans de nombreuses modifications et am\u00e9liorations des pianos et des processus d&#8217;assemblage.<\/p>\n\n\t\t<\/div>\n\t<\/div>\n<\/div><\/div><\/div><\/div><\/div>\n<\/div>","protected":false},"excerpt":{"rendered":"J\u00f6rg Hauser Facteur de pianos et de clavecins, Aldingen, Allemagne J\u00f6rg Hauser fait partie de l'\u00e9quipe de d\u00e9veloppement technique de FEURICH et est \u00e0 l'origine de nombreuses innovations sur les pianos FEURICH. Par exemple, le syst\u00e8me de p\u00e9dale innovant et le syst\u00e8me simplifi\u00e9 de\u00a0 d\u00e9montage du panneau du haut sont&hellip;","protected":false},"author":7,"featured_media":0,"parent":13705,"menu_order":0,"comment_status":"closed","ping_status":"closed","template":"","meta":{"inline_featured_image":false,"footnotes":""},"class_list":["post-12121","page","type-page","status-publish","hentry"],"acf":[],"_links":{"self":[{"href":"https:\/\/test.feurich.com\/fr\/wp-json\/wp\/v2\/pages\/12121"}],"collection":[{"href":"https:\/\/test.feurich.com\/fr\/wp-json\/wp\/v2\/pages"}],"about":[{"href":"https:\/\/test.feurich.com\/fr\/wp-json\/wp\/v2\/types\/page"}],"author":[{"embeddable":true,"href":"https:\/\/test.feurich.com\/fr\/wp-json\/wp\/v2\/users\/7"}],"replies":[{"embeddable":true,"href":"https:\/\/test.feurich.com\/fr\/wp-json\/wp\/v2\/comments?post=12121"}],"version-history":[{"count":5,"href":"https:\/\/test.feurich.com\/fr\/wp-json\/wp\/v2\/pages\/12121\/revisions"}],"predecessor-version":[{"id":20274,"href":"https:\/\/test.feurich.com\/fr\/wp-json\/wp\/v2\/pages\/12121\/revisions\/20274"}],"up":[{"embeddable":true,"href":"https:\/\/test.feurich.com\/fr\/wp-json\/wp\/v2\/pages\/13705"}],"wp:attachment":[{"href":"https:\/\/test.feurich.com\/fr\/wp-json\/wp\/v2\/media?parent=12121"}],"curies":[{"name":"wp","href":"https:\/\/api.w.org\/{rel}","templated":true}]}}