{"id":13267,"date":"2018-03-17T02:23:28","date_gmt":"2018-03-17T02:23:28","guid":{"rendered":"https:\/\/www.feurich.com\/accessoires\/systeme-silencieux\/"},"modified":"2021-12-06T16:30:46","modified_gmt":"2021-12-06T16:30:46","slug":"systeme-silencieux","status":"publish","type":"page","link":"https:\/\/test.feurich.com\/fr\/produits\/accessoires\/systeme-silencieux\/","title":{"rendered":"Syst\u00e8me silencieux"},"content":{"rendered":"<div class=\"wpb-content-wrapper\"><div  class=\"sec_row container\"><div class=\"vc_row wpb_row vc_row-fluid\"><div class=\"wpb_column vc_column_container vc_col-sm-12 et-dark-column\"><div class=\"vc_column-inner\"><div class=\"wpb_wrapper\"><div class=\"vc_empty_space\"   style=\"height: 5px\"><span class=\"vc_empty_space_inner\"><\/span><\/div><div class=\"vc_row wpb_row vc_inner vc_row-fluid max_width\"><div class=\"wpb_column vc_column_container vc_col-sm-2 et-dark-column\"><div class=\"vc_column-inner\"><div class=\"wpb_wrapper\"><\/div><\/div><\/div><div class=\"wpb_column vc_column_container vc_col-sm-8 et-dark-column\"><div class=\"vc_column-inner\"><div class=\"wpb_wrapper\">\n\t<div class=\"wpb_text_column wpb_content_element   vc_custom_1510697432437 big-title\" >\n\t\t<div class=\"wpb_wrapper\">\n\t\t\t\n\t\t<\/div>\n\t<\/div>\n\n\t<div class=\"wpb_text_column wpb_content_element  \" >\n\t\t<div class=\"wpb_wrapper\">\n\t\t\t\n\t\t<\/div>\n\t<\/div>\n<\/div><\/div><\/div><div class=\"wpb_column vc_column_container vc_col-sm-2 et-dark-column\"><div class=\"vc_column-inner\"><div class=\"wpb_wrapper\"><\/div><\/div><\/div><\/div><div class=\"vc_empty_space\"   style=\"height: 32px\"><span class=\"vc_empty_space_inner\"><\/span><\/div><\/div><\/div><\/div><\/div><\/div><!-- Row Backgrounds --><div class=\"upb_bg_img\" data-ultimate-bg=\"url(https:\/\/test.feurich.com\/wp-content\/uploads\/2017\/08\/home-fon-bl3.jpg)\" data-image-id=\"id^521|url^\/wp-content\/uploads\/2017\/08\/home-fon-bl3.jpg|caption^null|alt^null|title^home-fon-bl3|description^null\" data-ultimate-bg-style=\"vcpb-default\" data-bg-img-repeat=\"no-repeat\" data-bg-img-size=\"cover\" data-bg-img-position=\"\" data-parallx_sense=\"30\" data-bg-override=\"full\" data-bg_img_attach=\"scroll\" data-upb-overlay-color=\"\" data-upb-bg-animation=\"\" data-fadeout=\"\" data-bg-animation=\"left-animation\" data-bg-animation-type=\"h\" data-animation-repeat=\"repeat\" data-fadeout-percentage=\"30\" data-parallax-content=\"\" data-parallax-content-sense=\"30\" data-row-effect-mobile-disable=\"true\" data-img-parallax-mobile-disable=\"true\" data-rtl=\"false\"  data-custom-vc-row=\"\"  data-vc=\"7.4\"  data-is_old_vc=\"\"  data-theme-support=\"\"   data-overlay=\"false\" data-overlay-color=\"\" data-overlay-pattern=\"\" data-overlay-pattern-opacity=\"\" data-overlay-pattern-size=\"\"    ><\/div><div  class=\"sec_row container\"><div class=\"vc_row wpb_row vc_row-fluid\"><div class=\"wpb_column vc_column_container vc_col-sm-4 et-dark-column\"><div class=\"vc_column-inner\"><div class=\"wpb_wrapper\">\n\t<div  class=\"wpb_single_image wpb_content_element vc_align_center  vc_custom_1510697163610\">\n\t\t\n\t\t<figure class=\"wpb_wrapper vc_figure\">\n\t\t\t<div class=\"vc_single_image-wrapper   vc_box_border_grey\"><img decoding=\"async\" class=\"vc_single_image-img \" src=\"https:\/\/test.feurich.com\/wp-content\/uploads\/FEURICH_Silencer_on_1_web-360x260.jpg\" width=\"360\" height=\"260\" alt=\"FEURICH_Silencer\" title=\"FEURICH_Silencer_on_1_web\" loading=\"lazy\" \/><\/div>\n\t\t<\/figure>\n\t<\/div>\n<\/div><\/div><\/div><div class=\"wpb_column vc_column_container vc_col-sm-8 et-dark-column\"><div class=\"vc_column-inner\"><div class=\"wpb_wrapper\">\n\t<div class=\"wpb_text_column wpb_content_element  \" >\n\t\t<div class=\"wpb_wrapper\">\n\t\t\t<p><strong>VOS VOISINS NE SE SENTIRONT PLUS DERANGES<\/strong><\/p>\n\n\t\t<\/div>\n\t<\/div>\n<div class=\"vc_empty_space\"   style=\"height: 24px\"><span class=\"vc_empty_space_inner\"><\/span><\/div>\n\t<div class=\"wpb_text_column wpb_content_element  \" >\n\t\t<div class=\"wpb_wrapper\">\n\t\t\t<p>Avec le &#8220;Real Touch Silencer System&#8221; d\u00e9velopp\u00e9 par nos soins, vous pouvez couper compl\u00e8tement votre instrument et entendre le son via un casque. Cela devient un divertissement discret!<\/p>\n<p>Le syst\u00e8me Silencer s&#8217;adapte \u00e0 tous les mod\u00e8les FEURICH. Il peut \u00e9galement \u00eatre install\u00e9 sur la plupart des mod\u00e8les d&#8217;autres fabricants.<\/p>\n\n\t\t<\/div>\n\t<\/div>\n<\/div><\/div><\/div><\/div><\/div><div  class=\"sec_row container\"><div class=\"vc_row wpb_row vc_row-fluid\"><div class=\"wpb_column vc_column_container vc_col-sm-4 et-dark-column\"><div class=\"vc_column-inner\"><div class=\"wpb_wrapper\"><\/div><\/div><\/div><div class=\"wpb_column vc_column_container vc_col-sm-8 et-dark-column\"><div class=\"vc_column-inner\"><div class=\"wpb_wrapper\">\n\t<div class=\"wpb_text_column wpb_content_element  \" >\n\t\t<div class=\"wpb_wrapper\">\n\t\t\t<p>Fini le son ind\u00e9sirable pour votre entourage pendant vos heures d&#8217;entra\u00eenement! Gr\u00e2ce \u00e0 notre &#8220;Real Touch Silencer System&#8221; sp\u00e9cialement d\u00e9velopp\u00e9, les pianistes peuvent d\u00e9sormais s&#8217;entrainer sans probl\u00e8me pendant la nuit. Le mode Mute vous permet d&#8217;\u00e9teindre compl\u00e8tement votre instrument et d&#8217;entendre le son \u00e0 travers les \u00e9couteurs. Le piano peut \u00eatre facilement d\u00e9sactiv\u00e9 sans avoir \u00e0 le verrouiller. Les petits ne sont donc pas tent\u00e9s de marteler fort sur le piano.<\/p>\n<p>POUR PIANOS<br \/>\nLe syst\u00e8me Silencer peut \u00eatre install\u00e9 dans tous nos mod\u00e8les de piano. Il peut \u00e9galement \u00eatre adapt\u00e9 aux mod\u00e8les d&#8217;autres fabricants. Ce n&#8217;est qu&#8217;avec des pianinos extr\u00eamement petits que des solutions individuelles deviennent parfois n\u00e9cessaires pour des raisons d&#8217;espace.<\/p>\n<p>POUR PIANOS A QUEUE<br \/>\nSyst\u00e8me Silencer avec barre d&#8217;arr\u00eat pour presque toutes les ailes de tous les fabricants. Le d\u00e9clenchement est r\u00e9gl\u00e9 \u00e0 6-8 mm des cordes.<\/p>\n<p>Nous serions heureux de vous conseiller personnellement sur notre offre vari\u00e9e. &gt;&gt; contact<\/p>\n\n\t\t<\/div>\n\t<\/div>\n<\/div><\/div><\/div><\/div><\/div>\n<\/div>","protected":false},"excerpt":{"rendered":"<p>Jouez en mode silencieux gr\u00e2ce \u00e0 un casque &#8211; sans perte de qualit\u00e9.<\/p>\n","protected":false},"author":7,"featured_media":3115,"parent":11952,"menu_order":0,"comment_status":"closed","ping_status":"closed","template":"template-fullwidth.php","meta":{"inline_featured_image":false,"footnotes":""},"class_list":["post-13267","page","type-page","status-publish","has-post-thumbnail","hentry"],"acf":[],"_links":{"self":[{"href":"https:\/\/test.feurich.com\/fr\/wp-json\/wp\/v2\/pages\/13267"}],"collection":[{"href":"https:\/\/test.feurich.com\/fr\/wp-json\/wp\/v2\/pages"}],"about":[{"href":"https:\/\/test.feurich.com\/fr\/wp-json\/wp\/v2\/types\/page"}],"author":[{"embeddable":true,"href":"https:\/\/test.feurich.com\/fr\/wp-json\/wp\/v2\/users\/7"}],"replies":[{"embeddable":true,"href":"https:\/\/test.feurich.com\/fr\/wp-json\/wp\/v2\/comments?post=13267"}],"version-history":[{"count":6,"href":"https:\/\/test.feurich.com\/fr\/wp-json\/wp\/v2\/pages\/13267\/revisions"}],"predecessor-version":[{"id":56067,"href":"https:\/\/test.feurich.com\/fr\/wp-json\/wp\/v2\/pages\/13267\/revisions\/56067"}],"up":[{"embeddable":true,"href":"https:\/\/test.feurich.com\/fr\/wp-json\/wp\/v2\/pages\/11952"}],"wp:featuredmedia":[{"embeddable":true,"href":"https:\/\/test.feurich.com\/fr\/wp-json\/wp\/v2\/media\/3115"}],"wp:attachment":[{"href":"https:\/\/test.feurich.com\/fr\/wp-json\/wp\/v2\/media?parent=13267"}],"curies":[{"name":"wp","href":"https:\/\/api.w.org\/{rel}","templated":true}]}}