{"id":13272,"date":"2018-03-17T02:26:14","date_gmt":"2018-03-17T02:26:14","guid":{"rendered":"https:\/\/www.feurich.com\/a-propos-de-nous\/bailin-ernest-bittner\/"},"modified":"2019-09-05T15:14:05","modified_gmt":"2019-09-05T15:14:05","slug":"bailin-ernest-bittner","status":"publish","type":"page","link":"https:\/\/test.feurich.com\/fr\/a-propos-de-nous\/bailin-ernest-bittner\/","title":{"rendered":"Bailin et Ernest Bittner"},"content":{"rendered":"<div class=\"wpb-content-wrapper\"><div  class=\"sec_row container\"><div class=\"vc_row wpb_row vc_row-fluid\"><div class=\"wpb_column vc_column_container vc_col-sm-12 et-dark-column\"><div class=\"vc_column-inner\"><div class=\"wpb_wrapper\"><div class=\"vc_empty_space\"   style=\"height: 32px\"><span class=\"vc_empty_space_inner\"><\/span><\/div>\n\t<div class=\"wpb_text_column wpb_content_element   big-title\" >\n\t\t<div class=\"wpb_wrapper\">\n\t\t\t<p style=\"text-align: center;\">BAILIN et ERNEST BITTNER<\/p>\n\n\t\t<\/div>\n\t<\/div>\n<div class=\"vc_empty_space\"   style=\"height: 24px\"><span class=\"vc_empty_space_inner\"><\/span><\/div><\/div><\/div><\/div><\/div><\/div><div  class=\"sec_row container\"><div class=\"vc_row wpb_row vc_row-fluid\"><div class=\"wpb_column vc_column_container vc_col-sm-4 et-dark-column\"><div class=\"vc_column-inner\"><div class=\"wpb_wrapper\">\n\t<div  class=\"wpb_single_image wpb_content_element vc_align_left\">\n\t\t\n\t\t<figure class=\"wpb_wrapper vc_figure\">\n\t\t\t<div class=\"vc_single_image-wrapper   vc_box_border_grey\"><img loading=\"lazy\" decoding=\"async\" width=\"1024\" height=\"683\" src=\"https:\/\/test.feurich.com\/wp-content\/uploads\/Lin-Ernest-FEURICH-179-Dynamic-II-1071x476-1024x683.jpg\" class=\"vc_single_image-img attachment-large\" alt=\"\" title=\"Lin &amp; Ernest, FEURICH 179 - Dynamic II\" srcset=\"https:\/\/test.feurich.com\/wp-content\/uploads\/Lin-Ernest-FEURICH-179-Dynamic-II-1071x476-1024x683.jpg 1024w, https:\/\/test.feurich.com\/wp-content\/uploads\/Lin-Ernest-FEURICH-179-Dynamic-II-1071x476-450x300.jpg 450w, https:\/\/test.feurich.com\/wp-content\/uploads\/Lin-Ernest-FEURICH-179-Dynamic-II-1071x476-1000x667.jpg 1000w, https:\/\/test.feurich.com\/wp-content\/uploads\/Lin-Ernest-FEURICH-179-Dynamic-II-1071x476-300x200.jpg 300w, https:\/\/test.feurich.com\/wp-content\/uploads\/Lin-Ernest-FEURICH-179-Dynamic-II-1071x476-768x512.jpg 768w, https:\/\/test.feurich.com\/wp-content\/uploads\/Lin-Ernest-FEURICH-179-Dynamic-II-1071x476-800x533.jpg 800w, https:\/\/test.feurich.com\/wp-content\/uploads\/Lin-Ernest-FEURICH-179-Dynamic-II-1071x476.jpg 1071w\" sizes=\"(max-width: 1024px) 100vw, 1024px\" \/><\/div>\n\t\t<\/figure>\n\t<\/div>\n<div class=\"vc_empty_space\"   style=\"height: 32px\"><span class=\"vc_empty_space_inner\"><\/span><\/div>\n\t<div class=\"wpb_text_column wpb_content_element  \" >\n\t\t<div class=\"wpb_wrapper\">\n\t\t\t<p>[feurich_vid youtube=&#8221;3SvQuuv7lCc&#8221; youku=&#8221;XMzI4MTg3MDEyNA==&#8221;]<\/p>\n\n\t\t<\/div>\n\t<\/div>\n<div class=\"vc_empty_space\"   style=\"height: 32px\"><span class=\"vc_empty_space_inner\"><\/span><\/div><\/div><\/div><\/div><div class=\"wpb_column vc_column_container vc_col-sm-8 et-dark-column\"><div class=\"vc_column-inner\"><div class=\"wpb_wrapper\">\n\t<div class=\"wpb_text_column wpb_content_element  \" >\n\t\t<div class=\"wpb_wrapper\">\n\t\t\t<h4>BUSINESS FAMILIAL &amp; PASSION POUR LA MUSIQUE \u2026<\/h4>\n<p>Bailin et Ernest se connaissent depuis leurs ann\u00e9es d\u2019\u00e9cole, alors qu\u2019ils se disputaient la meilleure salle de piano du BRG Boerhaavegasse \u00e0 Vienne. Ernest a ensuite \u00e9tudi\u00e9 la composition et le saxophone \u00e0 l\u2019Universit\u00e9 de musique et des Arts du Spectacle. Bailin s\u2019est quant \u00e0 elle inscrite \u00e0 l\u2019Universit\u00e9 de m\u00e9decine de Vienne. Pendant leurs \u00e9tudes, en 1997, ils fondent le centre de r\u00e9p\u00e9tition et d\u2019enregistrement de musique \u00ab\u00a0t-on\u00a0\u00bb au Naschmarkt de Vienne avec des amis. En parall\u00e8le, Ernest accorde r\u00e9guli\u00e8rement des pianos. Il a alors pu constater \u00e0 quel point les instruments neufs sont inabordables pour de nombreuses familles, et que ces derni\u00e8res ne peuvent reconna\u00eetre les caract\u00e9ristiques d\u2019un bon piano sur un march\u00e9 d\u2019occasion. L\u2019argent durement \u00e9conomis\u00e9 dispara\u00eet et le r\u00eave d\u2019un bon piano aussi. Une telle situation dans cette ville de la musique a d\u00e9cid\u00e9 Ernest et Bailin de cr\u00e9er quelque chose pour am\u00e9liorer la situation.<\/p>\n<h4>TOUT POUR LE PIANO PARFAIT \u2026<\/h4>\n<p>C\u2019est en 1998, que Bailin et Ernest ont ouvert leur premi\u00e8re KLAVIERgalerie \u00e0 l\u2019Andreasgasse de Vienne, pr\u00e8s de la Mariahilfer Strasse. Sur 120 m\u00b2, ils vendaient des pianos d\u2019occasion soigneusement s\u00e9lectionn\u00e9s et peu co\u00fbteux. Apr\u00e8s leur lune de miel en 1999 en Asie, ils ont finalement r\u00e9alis\u00e9 qu\u2019ils voulaient \u00eatre \u00ab\u00a0inspir\u00e9s\u00a0\u00bb. Au cours de leur voyage, ils ont visit\u00e9 sept usines de pianos ainsi que de nombreux magasins. Ils ont reconnu le grand potentiel des productions de pianos en Chine (malgr\u00e9 d\u2019importants \u00e9carts de qualit\u00e9 \u00e0 cause d\u2019un manque de normes). Ils \u00e9taient enthousiastes \u00e0 l\u2019id\u00e9e d\u2019apporter un savoir-faire europ\u00e9en \u00e0 la Chine pour cr\u00e9er une symbiose parfaite entre les connaissances techniques traditionnelles, sp\u00e9cialis\u00e9es et la production moderne.<\/p>\n<h4>L\u2019AIGUILLE DE HEUHAUFEN \u2026<\/h4>\n<p>La premi\u00e8re coop\u00e9ration avec une production de piano chinoise appartenant \u00e0 l\u2019\u00c9tat a \u00e9t\u00e9 lanc\u00e9e. En raison d\u2019un bureaucratie complexe et de changements fr\u00e9quents de directeurs, des am\u00e9liorations significatives n\u2019ont pas pu \u00eatre effectu\u00e9es pendant de nombreuses ann\u00e9es. C\u2019est la recommandation d\u2019un ami chinois de la famille qui engagea le tournant d\u00e9cisif. Bailin et Ernest fait la connaissance d\u2019un fabricant priv\u00e9 de pi\u00e8ces de piano \u00e0 Ningbo\u00a0: c\u2019est le d\u00e9but d\u2019une coop\u00e9ration durable, fructueuse et intensive. Les normes de qualit\u00e9 \u00e9lev\u00e9es en Europe et les machines de pr\u00e9cision de haute technologie de l\u2019usine chinoise constituent un tandem parfait pour d\u00e9velopper et construire des pianos de haute qualit\u00e9 au un rapport qualit\u00e9 \/ prix incroyable.<\/p>\n<h4>LA FACTURE DE PIANO EST DE RETOUR \u00c0 VIENNE<\/h4>\n<p>Ces derni\u00e8res ann\u00e9es, Bailin et Ernest ont favoris\u00e9 le d\u00e9veloppement d\u2019une \u00e9quipe technique internationale, et n\u2019ont pas m\u00e9nag\u00e9 leurs efforts pour mettre en \u0153uvre des innovations complexes en mati\u00e8re de piano. Avec l\u2019ouverture de la KLAVIERmanufaktur \u00e0 Vienne en 2016, Bailin et Ernest ont r\u00e9alis\u00e9 leur r\u00eave. D\u2019une part, parce que l\u2019un des pianos les plus innovants et les plus modernes du monde voyait le jour et, d\u2019autre part, parce que la renaissance de cette tradition historique dans la ville de la musique est aussi pour ces passionn\u00e9s une histoire de c\u0153ur. Les deux enfants Ennio et Loreen sont aussi li\u00e9s \u00e0 la musique que leurs parents et peuvent \u00eatre souvent trouv\u00e9s \u00e0 la KLAVIERgalerie ou dans les ateliers de FEURICH.<\/p>\n<p>\u00ab\u00a0Notre vision est la suivante : nous voulons cr\u00e9er des pianos avec des innovations significatives, et faire en sorte que le plus grand nombre possible de personnes qui aiment la musique dans ce monde soient satisfaits de leur propre piano!\u00a0\u00bb (Bailin &amp; Ernest)<\/p>\n\n\t\t<\/div>\n\t<\/div>\n<\/div><\/div><\/div><\/div><\/div>\n<\/div>","protected":false},"excerpt":{"rendered":"<p>Notre vision est la suivante : nous cherchons \u00e0 cr\u00e9er des pianos aux innovations significatives, et faire en sorte que le plus grand nombre possible de personnes aimant la musique dans le monde se r\u00e9jouissent de leur propre piano!<\/p>\n","protected":false},"author":4,"featured_media":0,"parent":11860,"menu_order":0,"comment_status":"closed","ping_status":"closed","template":"template-fullwidth.php","meta":{"inline_featured_image":false,"footnotes":""},"class_list":["post-13272","page","type-page","status-publish","hentry"],"acf":[],"_links":{"self":[{"href":"https:\/\/test.feurich.com\/fr\/wp-json\/wp\/v2\/pages\/13272"}],"collection":[{"href":"https:\/\/test.feurich.com\/fr\/wp-json\/wp\/v2\/pages"}],"about":[{"href":"https:\/\/test.feurich.com\/fr\/wp-json\/wp\/v2\/types\/page"}],"author":[{"embeddable":true,"href":"https:\/\/test.feurich.com\/fr\/wp-json\/wp\/v2\/users\/4"}],"replies":[{"embeddable":true,"href":"https:\/\/test.feurich.com\/fr\/wp-json\/wp\/v2\/comments?post=13272"}],"version-history":[{"count":9,"href":"https:\/\/test.feurich.com\/fr\/wp-json\/wp\/v2\/pages\/13272\/revisions"}],"predecessor-version":[{"id":26148,"href":"https:\/\/test.feurich.com\/fr\/wp-json\/wp\/v2\/pages\/13272\/revisions\/26148"}],"up":[{"embeddable":true,"href":"https:\/\/test.feurich.com\/fr\/wp-json\/wp\/v2\/pages\/11860"}],"wp:attachment":[{"href":"https:\/\/test.feurich.com\/fr\/wp-json\/wp\/v2\/media?parent=13272"}],"curies":[{"name":"wp","href":"https:\/\/api.w.org\/{rel}","templated":true}]}}