{"id":13275,"date":"2018-03-17T02:47:43","date_gmt":"2018-03-17T02:47:43","guid":{"rendered":"https:\/\/www.feurich.com\/pianos-classiques\/piano-mod-115-premiere\/"},"modified":"2020-12-23T11:12:43","modified_gmt":"2020-12-23T11:12:43","slug":"piano-mod-115-premiere","status":"publish","type":"page","link":"https:\/\/test.feurich.com\/fr\/produits\/pianos-classiques\/piano-mod-115-premiere\/","title":{"rendered":"Piano Mod. 115 \u2013 Premiere"},"content":{"rendered":"<div class=\"wpb-content-wrapper\"><div  class=\"sec_row container\"><div class=\"vc_row wpb_row vc_row-fluid\"><div class=\"wpb_column vc_column_container vc_col-sm-12 et-dark-column\"><div class=\"vc_column-inner\"><div class=\"wpb_wrapper\">\n\t<div class=\"wpb_text_column wpb_content_element   no-bottom-margin\" >\n\t\t<div class=\"wpb_wrapper\">\n\t\t\t<p>[class_piano_menu]<\/p>\n\n\t\t<\/div>\n\t<\/div>\n\n\t<div class=\"wpb_text_column wpb_content_element  \" >\n\t\t<div class=\"wpb_wrapper\">\n\t\t\t<div class=\"as-styles-warning\" style=\"width: 450px; background-color: #FFF; color: #F00; border: 1px solid #F00; padding: 10px; font-size: 14px;\">\n\t\t\t<span style=\"font-weight: bold;\">Warning: The stylesheets were not loaded!<\/span> \n\t\t\tYou will need to change the <i>Load stylesheets<\/i> setting from <i>Automatically<\/i> to <i>On homepage<\/i> or <i>On all pages<\/i>. \n\t\t\tYou can set that <a style=\"text-decoration: underline; color: #F00;\" href=\"https:\/\/test.feurich.com\/wp-admin\/admin.php?page=accordion-slider-lite-settings\">here<\/a>.\n\t\t\t<\/div>\r\n<div id=\"accordion-slider-1\" class=\"accordion-slider as-no-js\" style=\"width: 100%px; height: 400px;\">\r\n\t<div class=\"as-panels\">\r\n\t\t\r\n\t\t<div class=\"as-panel\">\r\n\t\t\t<img loading=\"lazy\" decoding=\"async\" class=\"as-background\" src=\"\/wp-content\/uploads\/FEURICH-Mod.-115-Premiere-Bodensee_1-1.jpg\" alt=\"FEURICH Mod. 115 Premiere Bodensee_1\" title=\"FEURICH Mod. 115 Premiere Bodensee_1\" width=\"660\" height=\"440\" \/>\r\n\t\t<\/div>\r\n\t\t<div class=\"as-panel\">\r\n\t\t\t<img loading=\"lazy\" decoding=\"async\" class=\"as-background\" src=\"\/wp-content\/uploads\/FEURICH-Mod.-115-Premiere-Albertina_2-1.jpg\" alt=\"FEURICH Mod. 115 Premiere Albertina_2\" title=\"FEURICH Mod. 115 Premiere Albertina_2\" width=\"293\" height=\"440\" \/>\r\n\t\t<\/div>\r\n\t\t<div class=\"as-panel\">\r\n\t\t\t<img loading=\"lazy\" decoding=\"async\" class=\"as-background\" src=\"\/wp-content\/uploads\/FEURICH-Mod.-115-Premiere-Albertina_3-1.jpg\" alt=\"FEURICH Mod. 115 Premiere Albertina_3\" title=\"FEURICH Mod. 115 Premiere Albertina_3\" width=\"661\" height=\"440\" \/>\r\n\t\t<\/div>\r\n\t\t<div class=\"as-panel\">\r\n\t\t\t<img loading=\"lazy\" decoding=\"async\" class=\"as-background\" src=\"\/wp-content\/uploads\/FEURICH-Mod.-115-Premiere-Albertina_4-1.jpg\" alt=\"FEURICH Mod. 115 Premiere Albertina_4\" title=\"FEURICH Mod. 115 Premiere Albertina_4\" width=\"661\" height=\"440\" \/>\r\n\t\t<\/div>\r\n\t\t<div class=\"as-panel\">\r\n\t\t\t<img loading=\"lazy\" decoding=\"async\" class=\"as-background\" src=\"\/wp-content\/uploads\/FEURICH-Mod.-115-Premiere-Albertina_5-1.jpg\" alt=\"FEURICH Mod. 115 Premiere Albertina_5\" title=\"FEURICH Mod. 115 Premiere Albertina_5\" width=\"293\" height=\"440\" \/>\r\n\t\t<\/div>\r\n\t\t<div class=\"as-panel\">\r\n\t\t\t<img loading=\"lazy\" decoding=\"async\" class=\"as-background\" src=\"\/wp-content\/uploads\/FEURICH-Mod.-115-Premiere-Bodensee_6-1.jpg\" alt=\"FEURICH Mod. 115 Premiere Bodensee_6\" title=\"FEURICH Mod. 115 Premiere Bodensee_6\" width=\"660\" height=\"440\" \/>\r\n\t\t<\/div>\r\n\t<\/div>\r\n<\/div>\n\n\t\t<\/div>\n\t<\/div>\n<\/div><\/div><\/div><\/div><\/div><!-- Row Backgrounds --><div  class=\"sec_row container\"><div class=\"vc_row wpb_row vc_row-fluid\"><div class=\"wpb_column vc_column_container vc_col-sm-4 et-dark-column\"><div class=\"vc_column-inner\"><div class=\"wpb_wrapper\">\n\t<div class=\"wpb_text_column wpb_content_element   piano-title\" >\n\t\t<div class=\"wpb_wrapper\">\n\t\t\t<p><a href=\"https:\/\/test.feurich.com\/fr\/produits\/pianos-classiques\/piano-mod-115-premiere\/mod-115-premiere-details\/\">Mod. 115 \u2013 Premiere<\/a><\/p>\n\n\t\t<\/div>\n\t<\/div>\n\n\t<div  class=\"wpb_single_image wpb_content_element vc_align_center  vc_custom_1608721933661\">\n\t\t\n\t\t<figure class=\"wpb_wrapper vc_figure\">\n\t\t\t<a href=\"mod-115-premiere-details\" target=\"_self\" class=\"vc_single_image-wrapper   vc_box_border_grey\"><img decoding=\"async\" class=\"vc_single_image-img \" src=\"https:\/\/test.feurich.com\/wp-content\/uploads\/Mod._115_-_Premiere_10black_brass-357x258.png\" width=\"357\" height=\"258\" alt=\"Mod._115_-_Premiere_#10black_brass\" title=\"Mod._115_-_Premiere_#10black_brass\" loading=\"lazy\" \/><\/a>\n\t\t<\/figure>\n\t<\/div>\n\n\t<div class=\"wpb_text_column wpb_content_element  \" >\n\t\t<div class=\"wpb_wrapper\">\n\t\t\t<p>Mod\u00e8le le plus compact de notre gamme de pianos FEURICH, cet instrument se marie id\u00e9alement \u00e0 la vie urbaine moderne, o\u00f9 l&#8217;optimisation de l&#8217;espace est une chose primordiale.\u00a0<a href=\"https:\/\/test.feurich.com\/fr\/produits\/pianos-classiques\/piano-mod-115-premiere\/mod-115-premiere-details\/\">&gt;&gt;Details<\/a><\/p>\n\n\t\t<\/div>\n\t<\/div>\n<\/div><\/div><\/div><div class=\"wpb_column vc_column_container vc_col-sm-4 et-dark-column\"><div class=\"vc_column-inner\"><div class=\"wpb_wrapper\">\n\t<div class=\"wpb_text_column wpb_content_element   piano-title\" >\n\t\t<div class=\"wpb_wrapper\">\n\t\t\t<p>D\u00e9tails techniques<\/p>\n\n\t\t<\/div>\n\t<\/div>\n\n\t<div  class=\"wpb_single_image wpb_content_element vc_align_center  vc_custom_1608721938325\">\n\t\t\n\t\t<figure class=\"wpb_wrapper vc_figure\">\n\t\t\t<a href=\"mod-115-premiere-details\" target=\"_self\" class=\"vc_single_image-wrapper   vc_box_border_grey\"><img decoding=\"async\" class=\"vc_single_image-img \" src=\"https:\/\/test.feurich.com\/wp-content\/uploads\/dimensions_115-357x258.jpg\" width=\"357\" height=\"258\" alt=\"dimensions_115\" title=\"dimensions_115\" loading=\"lazy\" \/><\/a>\n\t\t<\/figure>\n\t<\/div>\n\n\t<div class=\"wpb_text_column wpb_content_element  \" >\n\t\t<div class=\"wpb_wrapper\">\n\t\t\t<p>Mod\u00e8le le plus compact de notre gamme de pianos FEURICH, cet instrument se marie id\u00e9alement \u00e0 la vie urbaine moderne, o\u00f9 l&#8217;optimisation de l&#8217;espace est une pr\u00e9occupation primordiale.<a href=\"https:\/\/test.feurich.com\/fr\/produits\/pianos-classiques\/piano-mod-115-premiere\/mod-115-premiere-details\/\">&gt;&gt;Details<\/a><\/p>\n\n\t\t<\/div>\n\t<\/div>\n<\/div><\/div><\/div><div class=\"wpb_column vc_column_container vc_col-sm-4 et-dark-column\"><div class=\"vc_column-inner\"><div class=\"wpb_wrapper\">\n\t<div class=\"wpb_text_column wpb_content_element   piano-title\" >\n\t\t<div class=\"wpb_wrapper\">\n\t\t\t<p>Video<\/p>\n\n\t\t<\/div>\n\t<\/div>\n\n\t<div class=\"wpb_text_column wpb_content_element  \" >\n\t\t<div class=\"wpb_wrapper\">\n\t\t\t<p>[feurich_vid youtube=&#8221;SHYanl3kYXA&#8221; youku=&#8221;XMzg1OTkxOTA3Mg==&#8221; el_class=&#8221;product-video&#8221;]<\/p>\n\n\t\t<\/div>\n\t<\/div>\n\n\t<div class=\"wpb_text_column wpb_content_element  \" >\n\t\t<div class=\"wpb_wrapper\">\n\t\t\t<p>Voici la vid\u00e9o de d\u00e9monstration du FEURICH 115, o\u00f9 nous pr\u00e9sentons ses aspects sonores, techniques et esth\u00e9tiques [feurich_vid_link youtube=&#8221;SHYanl3kYXA&#8221; youku=&#8221;XMzI4MTMzMTQwMA==&#8221;]FEURICH Mod. 115 \u2013 Premiere [\/feurich_vid_link] FEURICH Mod.<\/p>\n\n\t\t<\/div>\n\t<\/div>\n<\/div><\/div><\/div><\/div><\/div>\n<\/div>","protected":false},"excerpt":{"rendered":"<p>Mod\u00e8le le plus compact de notre gamme de pianos FEURICH, cet instrument se marie  id\u00e9alement \u00e0 la vie urbaine moderne, o\u00f9 l&#8217;optimisation de l&#8217;espace est une chose primordiale.<\/p>\n","protected":false},"author":4,"featured_media":7511,"parent":11854,"menu_order":0,"comment_status":"closed","ping_status":"closed","template":"template-fullwidth.php","meta":{"inline_featured_image":false,"footnotes":""},"class_list":["post-13275","page","type-page","status-publish","has-post-thumbnail","hentry"],"acf":[],"_links":{"self":[{"href":"https:\/\/test.feurich.com\/fr\/wp-json\/wp\/v2\/pages\/13275"}],"collection":[{"href":"https:\/\/test.feurich.com\/fr\/wp-json\/wp\/v2\/pages"}],"about":[{"href":"https:\/\/test.feurich.com\/fr\/wp-json\/wp\/v2\/types\/page"}],"author":[{"embeddable":true,"href":"https:\/\/test.feurich.com\/fr\/wp-json\/wp\/v2\/users\/4"}],"replies":[{"embeddable":true,"href":"https:\/\/test.feurich.com\/fr\/wp-json\/wp\/v2\/comments?post=13275"}],"version-history":[{"count":15,"href":"https:\/\/test.feurich.com\/fr\/wp-json\/wp\/v2\/pages\/13275\/revisions"}],"predecessor-version":[{"id":48601,"href":"https:\/\/test.feurich.com\/fr\/wp-json\/wp\/v2\/pages\/13275\/revisions\/48601"}],"up":[{"embeddable":true,"href":"https:\/\/test.feurich.com\/fr\/wp-json\/wp\/v2\/pages\/11854"}],"wp:featuredmedia":[{"embeddable":true,"href":"https:\/\/test.feurich.com\/fr\/wp-json\/wp\/v2\/media\/7511"}],"wp:attachment":[{"href":"https:\/\/test.feurich.com\/fr\/wp-json\/wp\/v2\/media?parent=13275"}],"curies":[{"name":"wp","href":"https:\/\/api.w.org\/{rel}","templated":true}]}}