{"id":13287,"date":"2018-03-17T03:19:34","date_gmt":"2018-03-17T03:19:34","guid":{"rendered":"https:\/\/www.feurich.com\/modele-122-universal\/"},"modified":"2020-01-03T14:16:07","modified_gmt":"2020-01-03T14:16:07","slug":"modele-122-universal","status":"publish","type":"page","link":"https:\/\/test.feurich.com\/fr\/produits\/pianos-classiques\/piano-mod-122-universal\/modele-122-universal\/","title":{"rendered":"Mod\u00e8le 122 &#8211; Universal"},"content":{"rendered":"<div class=\"wpb-content-wrapper\"><div  class=\"sec_row container\"><div class=\"vc_row wpb_row vc_row-fluid\"><div class=\"wpb_column vc_column_container vc_col-sm-12 et-dark-column\"><div class=\"vc_column-inner\"><div class=\"wpb_wrapper\">\n\t<div class=\"wpb_text_column wpb_content_element  \" >\n\t\t<div class=\"wpb_wrapper\">\n\t\t\t<p>[class_piano_menu]<\/p>\n\n\t\t<\/div>\n\t<\/div>\n\n\t<div class=\"wpb_text_column wpb_content_element   big-title\" >\n\t\t<div class=\"wpb_wrapper\">\n\t\t\t<p style=\"text-align: center;\">Mod\u00e8le 122 \u2013 Universal<\/p>\n\n\t\t<\/div>\n\t<\/div>\n<\/div><\/div><\/div><\/div><\/div><div  class=\"sec_row container\"><div class=\"vc_row wpb_row vc_row-fluid\"><div class=\"wpb_column vc_column_container vc_col-sm-6 et-dark-column\"><div class=\"vc_column-inner\"><div class=\"wpb_wrapper\">\n\t<div class=\"wpb_text_column wpb_content_element  \" >\n\t\t<div class=\"wpb_wrapper\">\n\t\t\t<div class=\"wonderplugingallery-container\" id=\"wonderplugingallery-container-2\" style=\"max-width:550px;margin:0 auto;\"><div class=\"wonderplugingallery\" id=\"wonderplugingallery-2\" data-galleryid=\"2\" data-width=\"550\" data-height=\"400\" data-skin=\"gallerywithtext\" data-random=\"false\" data-autoslide=\"false\" data-autoplayvideo=\"false\" data-schemamarkup=\"false\" data-stopallplaying=\"false\" data-hidetitlewhenvideoisplaying=\"false\" data-disablehovereventontouch=\"false\" data-autoslideandplayafterfirstplayed=\"false\" data-html5player=\"true\" data-responsive=\"true\" data-fullwidth=\"false\" data-showtitle=\"true\" data-showdescription=\"true\" data-showplaybutton=\"false\" data-showfullscreenbutton=\"true\" data-showtimer=\"false\" data-showcarousel=\"true\" data-galleryshadow=\"false\" data-slideshadow=\"false\" data-thumbshowtitle=\"false\" data-thumbshadow=\"false\" data-lightboxshowtitle=\"true\" data-lightboxshowdescription=\"true\" data-specifyid=\"true\" data-donotinit=\"false\" data-addinitscript=\"true\" data-triggerresize=\"false\" data-thumbcolumnsresponsive=\"false\" data-showimgtitle=\"false\" data-titlesmallscreen=\"false\" data-initsocial=\"true\" data-showsocial=\"false\" data-showemail=\"false\" data-showfacebook=\"true\" data-showtwitter=\"true\" data-showpinterest=\"true\" data-socialrotateeffect=\"true\" data-doshortcodeontext=\"false\" data-duration=\"1500\" data-slideduration=\"1000\" data-slideshowinterval=\"6000\" data-googleanalyticsaccount=\"\" data-resizemode=\"fill\" data-imagetoolboxmode=\"hide\" data-effect=\"fadeinout\" data-padding=\"12\" data-bgcolor=\"\" data-bgimage=\"\" data-thumbwidth=\"54\" data-thumbheight=\"42\" data-thumbgap=\"8\" data-thumbrowgap=\"16\" data-lightboxtextheight=\"72\" data-lightboxtitlecss=\"{color:#333333; font:bold 12px Arial,Helvetica,sans-serif; overflow:hidden; white-space:normal; line-height:18px;}\" data-lightboxdescriptioncss=\"{color:#333333; font:normal 12px Arial,Helvetica,sans-serif; overflow:hidden; white-space:normal; line-height:14px;}\" data-titlecss=\"{color:#333;font-size:14px;font-family:Armata,sans-serif,Arial;overflow:hidden;text-align:center;padding:16px 8px 4px 8px;display:none}\" data-descriptioncss=\"{color:#333;font-size:14px;font-family:Arial,Helvetica,sans-serif;overflow:hidden;text-align:center;padding:4px 8px; padding-top: 15px;}\" data-titleheight=\"35\" data-titlesmallscreenwidth=\"640\" data-titleheightsmallscreen=\"148\" data-socialmode=\"mouseover\" data-socialposition=\"position:absolute;top:8px;right:8px;\" data-socialpositionlightbox=\"position:absolute;top:8px;right:8px;\" data-socialdirection=\"horizontal\" data-socialbuttonsize=\"32\" data-socialbuttonfontsize=\"18\" data-triggerresizedelay=\"100\" data-thumbmediumsize=\"800\" data-thumbsmallsize=\"480\" data-thumbmediumwidth=\"64\" data-thumbmediumheight=\"64\" data-thumbsmallwidth=\"48\" data-thumbsmallheight=\"48\" data-imgtitle=\"title\" data-jsfolder=\"https:\/\/test.feurich.com\/wp-content\/plugins\/wonderplugin-gallery\/engine\/\" style=\"display:none;\" ><a href=\"https:\/\/www.feurich.com\/wp-content\/uploads\/Mod._122_-_Universal_10black_chrome.png\" data-mediatype=1><img decoding=\"async\" class=\"html5galleryimg\" src=\"https:\/\/www.feurich.com\/wp-content\/uploads\/Mod._122_-_Universal_10black_chrome.png\" alt=\"Mod._122_-_Universal_#10black_chrome\" data-description=\"Noir verni - Chrom\"><\/a><a href=\"https:\/\/www.feurich.com\/wp-content\/uploads\/Mod._122_-_Universal_10black_brass.png\" data-mediatype=1><img decoding=\"async\" class=\"html5galleryimg\" src=\"https:\/\/www.feurich.com\/wp-content\/uploads\/Mod._122_-_Universal_10black_brass.png\" alt=\"Mod._122_-_Universal_#10black_brass\" data-description=\"Noir verni - Laiton\"><\/a><a href=\"https:\/\/www.feurich.com\/wp-content\/uploads\/Mod._122_-_Universal_11white_chrome.png\" data-mediatype=1><img decoding=\"async\" class=\"html5galleryimg\" src=\"https:\/\/www.feurich.com\/wp-content\/uploads\/Mod._122_-_Universal_11white_chrome.png\" alt=\"Mod._122_-_Universal_#11white_chrome\" data-description=\"Wei\u00df poliert \u2013 Chrom\"><\/a><a href=\"https:\/\/www.feurich.com\/wp-content\/uploads\/Mod._122_-_Universal_11white_brass.png\" data-mediatype=1><img decoding=\"async\" class=\"html5galleryimg\" src=\"https:\/\/www.feurich.com\/wp-content\/uploads\/Mod._122_-_Universal_11white_brass.png\" alt=\"Mod._122_-_Universal_#11white_brass\" data-description=\"Wei\u00df poliert \u2013 Messing\"><\/a><a href=\"https:\/\/www.feurich.com\/wp-content\/uploads\/Mod._122_-_Universal_13walnut_pol.png\" data-mediatype=1><img decoding=\"async\" class=\"html5galleryimg\" src=\"https:\/\/www.feurich.com\/wp-content\/uploads\/Mod._122_-_Universal_13walnut_pol.png\" alt=\"Mod._122_-_Universal_#13walnut_pol\" data-description=\"Nuss poliert\"><\/a><a href=\"https:\/\/www.feurich.com\/wp-content\/uploads\/Mod._122_-_Universal_14bordeaux_pol.png\" data-mediatype=1><img decoding=\"async\" class=\"html5galleryimg\" src=\"https:\/\/www.feurich.com\/wp-content\/uploads\/Mod._122_-_Universal_14bordeaux_pol.png\" alt=\"Mod._122_-_Universal_#14bordeaux_pol\" data-description=\"Bordeaux poliert\"><\/a><a href=\"https:\/\/www.feurich.com\/wp-content\/uploads\/Mod.-122-Universal-15black-satin_web.jpg\" data-mediatype=1><img decoding=\"async\" class=\"html5galleryimg\" src=\"https:\/\/www.feurich.com\/wp-content\/uploads\/Mod.-122-Universal-15black-satin_web-1024x864.jpg\" alt=\"Mod. 122 - Universal #15black satin_web\" data-description=\"Black oak satin\"><\/a><a href=\"https:\/\/www.feurich.com\/wp-content\/uploads\/Mod._122_-_Universal_17bordeaux_sat.png\" data-mediatype=1><img decoding=\"async\" class=\"html5galleryimg\" src=\"https:\/\/www.feurich.com\/wp-content\/uploads\/Mod._122_-_Universal_17bordeaux_sat.png\" alt=\"Mod._122_-_Universal_#17bordeaux_sat\" data-description=\"Bordeaux satiniert\"><\/a><a href=\"https:\/\/www.feurich.com\/wp-content\/uploads\/Mod.-122-Universal-walnut-satin.png\" data-mediatype=1><img decoding=\"async\" class=\"html5galleryimg\" src=\"https:\/\/www.feurich.com\/wp-content\/uploads\/Mod.-122-Universal-walnut-satin-1024x768.png\" alt=\"Mod. 122 - Universal, walnut satin\" data-description=\"Nuss satiniert\"><\/a><a href=\"https:\/\/www.feurich.com\/wp-content\/uploads\/Mod._122_-_Universal_19beech_sat.png\" data-mediatype=1><img decoding=\"async\" class=\"html5galleryimg\" src=\"https:\/\/www.feurich.com\/wp-content\/uploads\/Mod._122_-_Universal_19beech_sat.png\" alt=\"Mod._122_-_Universal_#19beech_sat\" data-description=\"Buche satiniert\"><\/a><div class=\"wonderplugin-engine\"><a href=\"http:\/\/www.wonderplugin.com\/wordpress-gallery\/\" title=\"WordPress YouTube Gallery Plugin\">WordPress YouTube Gallery Plugin<\/a><\/div><\/div><\/div><script>jQuery(document).ready(function(){jQuery(\".wonderplugin-engine\").css({display:\"none\"});jQuery(\".wonderplugingallery\").wonderplugingallery({forceinit:true});});<\/script>\n\n\t\t<\/div>\n\t<\/div>\n<\/div><\/div><\/div><div class=\"wpb_column vc_column_container vc_col-sm-6 et-dark-column\"><div class=\"vc_column-inner\"><div class=\"wpb_wrapper\">\n\t<div class=\"wpb_text_column wpb_content_element  \" >\n\t\t<div class=\"wpb_wrapper\">\n\t\t\t<p>Notre best-seller prim\u00e9 impressionne toujours autant, avec une technologie sophistiqu\u00e9e et des d\u00e9tails ex\u00e9cut\u00e9s avec le plus grand soin, ainsi qu&#8217;un son aussi puissant que vivant. La m\u00e9canique\u00a0 FEURICH innovante permet un pianissimo d\u00e9licat ainsi qu&#8217;un impressionnant fortissimo. Il surpasse de nombreux pianos \u00e0 queue de petite taille.<\/p>\n<p>D\u00e9j\u00e0 par deux fois, notre Piano Mod\u00e8le 122 &#8211; Universal a re\u00e7u le prix\u00a0 du magazine Diapason pour &#8220;le meilleur piano de sa cat\u00e9gorie&#8221;. De plus en plus d&#8217;\u00e9coles et d&#8217;institutions l&#8217;utilisent pour les r\u00e9p\u00e9titions ainsi que l&#8217;ensenseignement.<\/p>\n<p>\u2022 timbres incroyables sur toute l&#8217;\u00e9tendue du clavier<\/p>\n<p>\u2022 une construction robuste et durable<br \/>\n\u2022 table d&#8217;harmonie en \u00e9pic\u00e9a de grande qualit\u00e9, avec une stratification sp\u00e9ciale suppl\u00e9mentaire pour un son et une stabilit\u00e9 hygrom\u00e9trique excellents<br \/>\n\u2022 M\u00e9canique FEURICH pr\u00e9cise et sans composants en plastique<br \/>\n\u2022 T\u00eates de marteaux garnies par la meilleure laine vierge australienne<br \/>\n\u2022 plage dynamique exceptionnelle<br \/>\n\u2022 P\u00e9dale de nuances FEURICH pour un mode de jeu silencieux &#8211; pour les voisins sensibles!<\/p>\n<p>Le mod\u00e8le est constamment d\u00e9velopp\u00e9 par notre \u00e9quipe d&#8217;experts afin d&#8217;am\u00e9liorer en permanence l&#8217;avantage de qualit\u00e9 par rapport aux autres pianos de marque, et d&#8217;optimiser la stabilit\u00e9 du climat.<\/p>\n<p>Comme tous les pianos FEURICH, il est disponible en diff\u00e9rentes couleurs, et peut \u00e9galement \u00eatre \u00e9quip\u00e9 du syst\u00e8me FEURICH Silencer. Vous souhaitez en savoir plus sur cet instrument? <a href=\"https:\/\/www.feurich.com\/fr\/information-contact\/contact\/\">Nous attendons de vos nouvelles!<\/a><\/p>\n\n\t\t<\/div>\n\t<\/div>\n<\/div><\/div><\/div><\/div><\/div><div  class=\"sec_row container\"><div class=\"vc_row wpb_row vc_row-fluid\"><div class=\"wpb_column vc_column_container vc_col-sm-12 et-dark-column\"><div class=\"vc_column-inner\"><div class=\"wpb_wrapper\">\n<div class=\"vc_grid-container-wrapper vc_clearfix vc_grid-animation-zoomIn\">\n\t<div class=\"vc_grid-container vc_clearfix wpb_content_element vc_masonry_media_grid\" data-initial-loading-animation=\"zoomIn\" data-vc-grid-settings=\"{&quot;page_id&quot;:13287,&quot;style&quot;:&quot;all-masonry&quot;,&quot;action&quot;:&quot;vc_get_vc_grid_data&quot;,&quot;shortcode_id&quot;:&quot;1578060814329-4ef39059-0563-1&quot;,&quot;tag&quot;:&quot;vc_masonry_media_grid&quot;}\" data-vc-request=\"https:\/\/test.feurich.com\/wp-admin\/admin-ajax.php?lang=fr\" data-vc-post-id=\"13287\" data-vc-public-nonce=\"5f9d30fde1\">\n\t\t\n\t<\/div>\n<\/div><\/div><\/div><\/div><\/div><\/div><div  class=\"sec_row container\"><div class=\"vc_row wpb_row vc_row-fluid\"><div class=\"wpb_column vc_column_container vc_col-sm-4 et-dark-column\"><div class=\"vc_column-inner\"><div class=\"wpb_wrapper\">\n\t<div class=\"wpb_text_column wpb_content_element  \" >\n\t\t<div class=\"wpb_wrapper\">\n\t\t\t<h3>TELECHARGER LA FICHE TECHNIQUE<\/h3>\n\n\t\t<\/div>\n\t<\/div>\n\n\t<div  class=\"wpb_single_image wpb_content_element vc_align_left\">\n\t\t\n\t\t<figure class=\"wpb_wrapper vc_figure\">\n\t\t\t<a href=\"\/wp-content\/uploads\/Page_dinformation_122_web.pdf\" target=\"_blank\" class=\"vc_single_image-wrapper   vc_box_border_grey\"><img loading=\"lazy\" decoding=\"async\" width=\"360\" height=\"260\" src=\"https:\/\/test.feurich.com\/wp-content\/uploads\/Infoblatt-FEURICH-Mod-122-Universal-1-1.jpg\" class=\"vc_single_image-img attachment-thumbnail\" alt=\"\" title=\"Infoblatt FEURICH Mod 122 - Universal-1\" srcset=\"https:\/\/test.feurich.com\/wp-content\/uploads\/Infoblatt-FEURICH-Mod-122-Universal-1-1.jpg 360w, https:\/\/test.feurich.com\/wp-content\/uploads\/Infoblatt-FEURICH-Mod-122-Universal-1-1-300x217.jpg 300w\" sizes=\"(max-width: 360px) 100vw, 360px\" \/><\/a>\n\t\t<\/figure>\n\t<\/div>\n<\/div><\/div><\/div><div class=\"wpb_column vc_column_container vc_col-sm-4 et-dark-column\"><div class=\"vc_column-inner\"><div class=\"wpb_wrapper\">\n\t<div class=\"wpb_text_column wpb_content_element  \" >\n\t\t<div class=\"wpb_wrapper\">\n\t\t\t<h3>VIDEO PRODUIT<\/h3>\n\n\t\t<\/div>\n\t<\/div>\n\n\t<div class=\"wpb_text_column wpb_content_element  \" >\n\t\t<div class=\"wpb_wrapper\">\n\t\t\t<p>[feurich_vid youtube=&#8221;RtsdOJTtJsw&#8221; youku=&#8221;XMzg1OTkxODg5Ng==&#8221;]<\/p>\n\n\t\t<\/div>\n\t<\/div>\n<\/div><\/div><\/div><div class=\"wpb_column vc_column_container vc_col-sm-4 et-dark-column\"><div class=\"vc_column-inner\"><div class=\"wpb_wrapper\">\n\t<div class=\"wpb_text_column wpb_content_element  \" >\n\t\t<div class=\"wpb_wrapper\">\n\t\t\t<h3>DIMENSIONS<\/h3>\n\n\t\t<\/div>\n\t<\/div>\n\n\t<div  class=\"wpb_single_image wpb_content_element vc_align_left\">\n\t\t\n\t\t<figure class=\"wpb_wrapper vc_figure\">\n\t\t\t<div class=\"vc_single_image-wrapper   vc_box_border_grey\"><img decoding=\"async\" class=\"vc_single_image-img \" src=\"https:\/\/test.feurich.com\/wp-content\/uploads\/dimensions_122-360x260.jpg\" width=\"360\" height=\"260\" alt=\"dimensions_122\" title=\"dimensions_122\" loading=\"lazy\" \/><\/div>\n\t\t<\/figure>\n\t<\/div>\n<\/div><\/div><\/div><\/div><\/div>\n<\/div>","protected":false},"excerpt":{"rendered":"<p>Notre best-seller prim\u00e9 impressionne toujours autant, avec une technologie sophistiqu\u00e9e et des d\u00e9tails ex\u00e9cut\u00e9s avec le plus grand soin, ainsi qu&#8217;un son aussi puissant que vivant.<\/p>\n","protected":false},"author":7,"featured_media":0,"parent":15599,"menu_order":0,"comment_status":"closed","ping_status":"closed","template":"","meta":{"inline_featured_image":false,"footnotes":""},"class_list":["post-13287","page","type-page","status-publish","hentry"],"acf":[],"_links":{"self":[{"href":"https:\/\/test.feurich.com\/fr\/wp-json\/wp\/v2\/pages\/13287"}],"collection":[{"href":"https:\/\/test.feurich.com\/fr\/wp-json\/wp\/v2\/pages"}],"about":[{"href":"https:\/\/test.feurich.com\/fr\/wp-json\/wp\/v2\/types\/page"}],"author":[{"embeddable":true,"href":"https:\/\/test.feurich.com\/fr\/wp-json\/wp\/v2\/users\/7"}],"replies":[{"embeddable":true,"href":"https:\/\/test.feurich.com\/fr\/wp-json\/wp\/v2\/comments?post=13287"}],"version-history":[{"count":22,"href":"https:\/\/test.feurich.com\/fr\/wp-json\/wp\/v2\/pages\/13287\/revisions"}],"predecessor-version":[{"id":39987,"href":"https:\/\/test.feurich.com\/fr\/wp-json\/wp\/v2\/pages\/13287\/revisions\/39987"}],"up":[{"embeddable":true,"href":"https:\/\/test.feurich.com\/fr\/wp-json\/wp\/v2\/pages\/15599"}],"wp:attachment":[{"href":"https:\/\/test.feurich.com\/fr\/wp-json\/wp\/v2\/media?parent=13287"}],"curies":[{"name":"wp","href":"https:\/\/api.w.org\/{rel}","templated":true}]}}