{"id":13705,"date":"2018-03-28T21:29:23","date_gmt":"2018-03-28T21:29:23","guid":{"rendered":"https:\/\/www.feurich.com\/a-propos-de-nous\/une-equipe-dexperts\/"},"modified":"2019-08-08T11:18:27","modified_gmt":"2019-08-08T11:18:27","slug":"une-equipe-dexperts","status":"publish","type":"page","link":"https:\/\/test.feurich.com\/fr\/a-propos-de-nous\/une-equipe-dexperts\/","title":{"rendered":"Une \u00e9quipe d&#8217;experts"},"content":{"rendered":"<div class=\"wpb-content-wrapper\"><div  class=\"sec_row container\"><div class=\"vc_row wpb_row vc_row-fluid\"><div class=\"wpb_column vc_column_container vc_col-sm-2 et-dark-column\"><div class=\"vc_column-inner\"><div class=\"wpb_wrapper\"><\/div><\/div><\/div><div class=\"wpb_column vc_column_container vc_col-sm-8 et-dark-column\"><div class=\"vc_column-inner\"><div class=\"wpb_wrapper\"><div class=\"vc_empty_space\"   style=\"height: 44px\"><span class=\"vc_empty_space_inner\"><\/span><\/div>\n\t<div class=\"wpb_text_column wpb_content_element   big-title\" >\n\t\t<div class=\"wpb_wrapper\">\n\t\t\t<p style=\"text-align: center;\">FEURICH Team of Experts<\/p>\n\n\t\t<\/div>\n\t<\/div>\n<div class=\"vc_empty_space\"   style=\"height: 24px\"><span class=\"vc_empty_space_inner\"><\/span><\/div>\n\t<div class=\"wpb_text_column wpb_content_element  \" >\n\t\t<div class=\"wpb_wrapper\">\n\t\t\t<p><span style=\"font-size: 14pt;\">Pour combiner l&#8217;innovation \u00e0 la vie au quotidien, il faut des gens avec de grandes visions, et une total ma\u00eetrise de leur m\u00e9tier dans les moindre d\u00e9tails. Nous sommes fiers de vous pr\u00e9senter notre \u00e9quipe internationale d&#8217;experts, compos\u00e9e de v\u00e9ritables ma\u00eetres dans leur domaine, et qui travaillent sans rel\u00e2che pour trouver de nouvelles solutions et d\u00e9couvrir des zones encore inexplor\u00e9es de leur art.<\/span><\/p>\n<p><span style=\"font-size: 14pt;\">Accompagner cette \u00e9quipe d&#8217;experts, c&#8217;est le soutien permanent et la passion pour le piano de toute l&#8217;\u00e9quipe de FEURICH.<\/span><\/p>\n\n\t\t<\/div>\n\t<\/div>\n<div class=\"vc_empty_space\"   style=\"height: 24px\"><span class=\"vc_empty_space_inner\"><\/span><\/div><\/div><\/div><\/div><div class=\"wpb_column vc_column_container vc_col-sm-2 et-dark-column\"><div class=\"vc_column-inner\"><div class=\"wpb_wrapper\"><\/div><\/div><\/div><\/div><\/div><div  class=\"sec_row container\"><div class=\"vc_row wpb_row vc_row-fluid\"><div class=\"wpb_column vc_column_container vc_col-sm-4 et-dark-column\"><div class=\"vc_column-inner\"><div class=\"wpb_wrapper\">\n\t<div  class=\"wpb_single_image wpb_content_element vc_align_center\">\n\t\t\n\t\t<figure class=\"wpb_wrapper vc_figure\">\n\t\t\t<a href=\"?page_id=13755\" target=\"_self\" class=\"vc_single_image-wrapper   vc_box_border_grey\"><img decoding=\"async\" class=\"vc_single_image-img \" src=\"https:\/\/test.feurich.com\/wp-content\/uploads\/Jo\u0308rg_Wachler-360x260.jpg\" width=\"360\" height=\"260\" alt=\"J\u00f6rg Wachler\" title=\"Jo\u0308rg_Wachler\" loading=\"lazy\" \/><\/a>\n\t\t<\/figure>\n\t<\/div>\n\n\t<div class=\"wpb_text_column wpb_content_element   products-title\" >\n\t\t<div class=\"wpb_wrapper\">\n\t\t\t<p><a href=\"?page_id=13755\">J\u00f6rg Wachler<\/a><\/p>\n\n\t\t<\/div>\n\t<\/div>\n\n\t<div class=\"wpb_text_column wpb_content_element  \" >\n\t\t<div class=\"wpb_wrapper\">\n\t\t\t<p><strong>Harmonisateur de piano en chef de FEURICH Vienne &amp; Accordeur de pianos de concert<\/strong><\/p>\n<p>J\u00f6rg Wachler est responsable de la pr\u00e9paration finale des pianos sur les sites de production de FEURICH \u00e0 Vienne. Il est continuellement impliqu\u00e9 dans le d\u00e9veloppement de nouvelles techniques dans le monde du son et de l&#8217;harmonisation du piano, et dialogue constamment avec notre \u00e9quipe et les nombreux partenaires de FEURICH dans le monde, afin de partager et d\u00e9velopper ces connaissances. <a href=\"https:\/\/www.feurich.com\/fr\/a-propos-de-nous\/une-equipe-dexperts\/jorg-wachler\/\">En savoir plus sur J\u00f6rg Wachler<\/a><\/p>\n\n\t\t<\/div>\n\t<\/div>\n<\/div><\/div><\/div><div class=\"wpb_column vc_column_container vc_col-sm-4 et-dark-column\"><div class=\"vc_column-inner\"><div class=\"wpb_wrapper\">\n\t<div  class=\"wpb_single_image wpb_content_element vc_align_center\">\n\t\t\n\t\t<figure class=\"wpb_wrapper vc_figure\">\n\t\t\t<a href=\"?page_id=13753\" target=\"_self\" class=\"vc_single_image-wrapper   vc_box_border_grey\"><img decoding=\"async\" class=\"vc_single_image-img \" src=\"https:\/\/test.feurich.com\/wp-content\/uploads\/Sibin_Zlatkovic-360x260.jpg\" width=\"360\" height=\"260\" alt=\"Sibin Zlatkovic\" title=\"Sibin Zlatkovic\" loading=\"lazy\" \/><\/a>\n\t\t<\/figure>\n\t<\/div>\n\n\t<div class=\"wpb_text_column wpb_content_element   products-title\" >\n\t\t<div class=\"wpb_wrapper\">\n\t\t\t<p><a class=\"mega-menu-link\" href=\"https:\/\/www.feurich.com\/fr\/a-propos-de-nous\/une-equipe-dexperts\/sibin-zlatkovic\/\">Sibin Zlatkovic<\/a><\/p>\n\n\t\t<\/div>\n\t<\/div>\n\n\t<div class=\"wpb_text_column wpb_content_element  \" >\n\t\t<div class=\"wpb_wrapper\">\n\t\t\t<p><strong>Harmonisateur de piano en chef &amp; Accordeur de pianos de concert<\/strong><\/p>\n<p>Sibin Zlatkovic est responsable de la formation et du perfectionnement de nos techniciens de piano, ainsi que de tous les partenaires de FEURICH dans le monde. Avec J\u00f6rg Wachler et St\u00e9phane Boussuge, il dirige notre \u00e9quipe technique en termes d&#8217;expertise sonore et de pr\u00e9paration au piano. Il travaille pour atteindre la meilleure gamme dynamique possible, un ton long et chaud, et une riche vari\u00e9t\u00e9 de couleurs de nos pianos &#8211; le son typiquement viennois. <a href=\"https:\/\/www.feurich.com\/fr\/a-propos-de-nous\/une-equipe-dexperts\/sibin-zlatkovic\/\">En savoir plus sur Sibin Zlatkovic<\/a><\/p>\n\n\t\t<\/div>\n\t<\/div>\n<\/div><\/div><\/div><div class=\"wpb_column vc_column_container vc_col-sm-4 et-dark-column\"><div class=\"vc_column-inner\"><div class=\"wpb_wrapper\">\n\t<div  class=\"wpb_single_image wpb_content_element vc_align_center   info-img\">\n\t\t\n\t\t<figure class=\"wpb_wrapper vc_figure\">\n\t\t\t<a href=\"?page_id=13751\" target=\"_self\" class=\"vc_single_image-wrapper   vc_box_border_grey\"><img decoding=\"async\" class=\"vc_single_image-img \" src=\"https:\/\/test.feurich.com\/wp-content\/uploads\/featured-360x260.jpg\" width=\"360\" height=\"260\" alt=\"Boussuge\" title=\"Boussuge\" loading=\"lazy\" \/><\/a>\n\t\t<\/figure>\n\t<\/div>\n\n\t<div class=\"wpb_text_column wpb_content_element   products-title\" >\n\t\t<div class=\"wpb_wrapper\">\n\t\t\t<p><a href=\"https:\/\/www.feurich.com\/fr\/a-propos-de-nous\/une-equipe-dexperts\/stephane-boussouge\/\">St\u00e9phane Boussuge<\/a><\/p>\n\n\t\t<\/div>\n\t<\/div>\n\n\t<div class=\"wpb_text_column wpb_content_element  \" >\n\t\t<div class=\"wpb_wrapper\">\n\t\t\t<p><strong>Harmonisateur de piano en chef &amp; Accordeur de pianos de concert<\/strong><\/p>\n<p>St\u00e9phane Boussuge poss\u00e8de une vaste connaissance et expertise dans l&#8217;harmonisation du piano, le r\u00e9glage et l&#8217;accord, et est responsable de la pr\u00e9paration des instruments FEURICH \u00e0 Vienne. Son travail \u00e9tonne \u00e0 la fois les pianistes et les techniciens du piano dans le monde entier. <a href=\"https:\/\/www.feurich.com\/fr\/a-propos-de-nous\/une-equipe-dexperts\/stephane-boussouge\/\">En savoir plus sur St\u00e9phane Boussuge<\/a><\/p>\n\n\t\t<\/div>\n\t<\/div>\n<\/div><\/div><\/div><\/div><\/div><div  class=\"sec_row container\"><div class=\"vc_row wpb_row vc_row-fluid\"><div class=\"wpb_column vc_column_container vc_col-sm-4 et-dark-column\"><div class=\"vc_column-inner\"><div class=\"wpb_wrapper\">\n\t<div  class=\"wpb_single_image wpb_content_element vc_align_center\">\n\t\t\n\t\t<figure class=\"wpb_wrapper vc_figure\">\n\t\t\t<a href=\"?page_id=20152\" target=\"_self\" class=\"vc_single_image-wrapper   vc_box_border_grey\"><img decoding=\"async\" class=\"vc_single_image-img \" src=\"https:\/\/test.feurich.com\/wp-content\/uploads\/Vladislav-and-Oleg-Mikucionok-1-360x260.jpg\" width=\"360\" height=\"260\" alt=\"Vladislav and Oleg Mikucionok KLAVIERmanufaktur\" title=\"Vladislav and Oleg Mikucionok 1\" loading=\"lazy\" \/><\/a>\n\t\t<\/figure>\n\t<\/div>\n\n\t<div class=\"wpb_text_column wpb_content_element   products-title\" >\n\t\t<div class=\"wpb_wrapper\">\n\t\t\t<p><a href=\"?page_id=20152\">Vladislav &amp; Oleg Mikucionok<\/a><\/p>\n\n\t\t<\/div>\n\t<\/div>\n\n\t<div class=\"wpb_text_column wpb_content_element  \" >\n\t\t<div class=\"wpb_wrapper\">\n\t\t\t<p><strong>Technicien de piano et ma\u00eetre facteur de pianos, FEURICH Vienne<\/strong><\/p>\n<p>Vladislav Mikucionok est un technicien de piano et le directeur de notre centre de production \u00e0 Vienne. Son p\u00e8re, le ma\u00eetre facteur de piano Oleg Mikucionok,<br \/>\ntransmet son savoir-faire aux nouvelles g\u00e9n\u00e9rations et forme nos apprentis dans l\u2019usine de Vienne. <a href=\"?page_id=20152\">En savoir plus sur Vladislav et Oleg Mikucionok<\/a><\/p>\n\n\t\t<\/div>\n\t<\/div>\n<\/div><\/div><\/div><div class=\"wpb_column vc_column_container vc_col-sm-4 et-dark-column\"><div class=\"vc_column-inner\"><div class=\"wpb_wrapper\">\n\t<div  class=\"wpb_single_image wpb_content_element vc_align_center\">\n\t\t\n\t\t<figure class=\"wpb_wrapper vc_figure\">\n\t\t\t<a href=\"?page_id=13742\" target=\"_self\" class=\"vc_single_image-wrapper   vc_box_border_grey\"><img decoding=\"async\" class=\"vc_single_image-img \" src=\"https:\/\/test.feurich.com\/wp-content\/uploads\/Wang_Jing-360x260.jpg\" width=\"360\" height=\"260\" alt=\"WANG Jing\" title=\"Wang Jing\" loading=\"lazy\" \/><\/a>\n\t\t<\/figure>\n\t<\/div>\n\n\t<div class=\"wpb_text_column wpb_content_element   products-title\" >\n\t\t<div class=\"wpb_wrapper\">\n\t\t\t<p><a href=\"?page_id=13742\">Mag. Wang Jing<\/a><\/p>\n\n\t\t<\/div>\n\t<\/div>\n\n\t<div class=\"wpb_text_column wpb_content_element  \" >\n\t\t<div class=\"wpb_wrapper\">\n\t\t\t<p><strong>Direction &amp; Communication de la production FEURICH \u00e0 Vienne<\/strong><\/p>\n<p>Wang Jing est le directeur administratif et op\u00e9rationnel des installations de production de FEURICH \u00e0 Vienne. <a href=\"https:\/\/www.feurich.com\/fr\/a-propos-de-nous\/une-equipe-dexperts\/wang-jing\/\">En savoir plus sur Wang Jing<\/a><\/p>\n\n\t\t<\/div>\n\t<\/div>\n<\/div><\/div><\/div><div class=\"wpb_column vc_column_container vc_col-sm-4 et-dark-column\"><div class=\"vc_column-inner\"><div class=\"wpb_wrapper\">\n\t<div  class=\"wpb_single_image wpb_content_element vc_align_center\">\n\t\t\n\t\t<figure class=\"wpb_wrapper vc_figure\">\n\t\t\t<a href=\"?page_id=13745\" target=\"_self\" class=\"vc_single_image-wrapper   vc_box_border_grey\"><img decoding=\"async\" class=\"vc_single_image-img \" src=\"https:\/\/test.feurich.com\/wp-content\/uploads\/Udo-Kamm-e1505666597852-360x260.jpg\" width=\"360\" height=\"260\" alt=\"Udo Kamm_FEURICH-Expert\" title=\"Udo Kamm\" loading=\"lazy\" \/><\/a>\n\t\t<\/figure>\n\t<\/div>\n\n\t<div class=\"wpb_text_column wpb_content_element   products-title\" >\n\t\t<div class=\"wpb_wrapper\">\n\t\t\t<p><a class=\"mega-menu-link\" href=\"?page_id=13745\">Udo Kamm<\/a><\/p>\n\n\t\t<\/div>\n\t<\/div>\n\n\t<div class=\"wpb_text_column wpb_content_element  \" >\n\t\t<div class=\"wpb_wrapper\">\n\t\t\t<p><strong>Ma\u00eetre constructeur de pianos et Artisan \u00e0 Kirchhain en Allemagne<\/strong><\/p>\n<p>Udo Kamm est un inventeur brillant et le cerveau derri\u00e8re de nombreuses innovations dans le monde des pianos acoustiques. <a href=\"https:\/\/www.feurich.com\/fr\/a-propos-de-nous\/une-equipe-dexperts\/udo-kamm\/\">En savoir plus sur Udo Kamm<\/a><\/p>\n\n\t\t<\/div>\n\t<\/div>\n<\/div><\/div><\/div><\/div><\/div><div  class=\"sec_row container\"><div class=\"vc_row wpb_row vc_row-fluid\"><div class=\"wpb_column vc_column_container vc_col-sm-4 et-dark-column\"><div class=\"vc_column-inner\"><div class=\"wpb_wrapper\">\n\t<div  class=\"wpb_single_image wpb_content_element vc_align_center\">\n\t\t\n\t\t<figure class=\"wpb_wrapper vc_figure\">\n\t\t\t<div class=\"vc_single_image-wrapper   vc_box_border_grey\"><img decoding=\"async\" class=\"vc_single_image-img \" src=\"https:\/\/test.feurich.com\/wp-content\/uploads\/Claire-Paulello-360x260.jpg\" width=\"360\" height=\"260\" alt=\"Claire Paulello\" title=\"Claire Paulello\" loading=\"lazy\" \/><\/div>\n\t\t<\/figure>\n\t<\/div>\n\n\t<div class=\"wpb_text_column wpb_content_element   products-title\" >\n\t\t<div class=\"wpb_wrapper\">\n\t\t\t<p><a class=\"mega-menu-link\">Claire Paulello<\/a><\/p>\n\n\t\t<\/div>\n\t<\/div>\n\n\t<div class=\"wpb_text_column wpb_content_element  \" >\n\t\t<div class=\"wpb_wrapper\">\n\t\t\t<p><strong>Piano Designer, Villethierry, France.<\/strong><\/p>\n<p>Claire Paulello est un constructeur de caissons qualifi\u00e9s et poss\u00e8de une vaste exp\u00e9rience dans le dessin technique. Gr\u00e2ce \u00e0 son exp\u00e9rience pratique de la restauration de nombreux instruments, elle a acquis une profonde compr\u00e9hension de la relation entre la forme et le mat\u00e9riau. Elle est sp\u00e9cialiste des dessins informatiques 2D et 3D en design de piano.<\/p>\n\n\t\t<\/div>\n\t<\/div>\n<\/div><\/div><\/div><div class=\"wpb_column vc_column_container vc_col-sm-4 et-dark-column\"><div class=\"vc_column-inner\"><div class=\"wpb_wrapper\">\n\t<div  class=\"wpb_single_image wpb_content_element vc_align_center\">\n\t\t\n\t\t<figure class=\"wpb_wrapper vc_figure\">\n\t\t\t<a href=\"?page_id=13748\" target=\"_self\" class=\"vc_single_image-wrapper   vc_box_border_grey\"><img decoding=\"async\" class=\"vc_single_image-img \" src=\"https:\/\/test.feurich.com\/wp-content\/uploads\/Stepehen_Paulello-360x260.jpg\" width=\"360\" height=\"260\" alt=\"Stephen Paulello\" title=\"Stephen Paulello\" loading=\"lazy\" \/><\/a>\n\t\t<\/figure>\n\t<\/div>\n\n\t<div class=\"wpb_text_column wpb_content_element   products-title\" >\n\t\t<div class=\"wpb_wrapper\">\n\t\t\t<p><a class=\"mega-menu-link\" href=\"?page_id=13748\">Stephen Paulello<\/a><\/p>\n\n\t\t<\/div>\n\t<\/div>\n\n\t<div class=\"wpb_text_column wpb_content_element  \" >\n\t\t<div class=\"wpb_wrapper\">\n\t\t\t<p><strong>Pianiste de concert et constructeur de pianos \u00e0 Villethierry en France<\/strong><\/p>\n<p>Depuis 2006, Stephen Paulello soutient FEURICH dans le domaine de la conception de pianos et peut \u00eatre consid\u00e9r\u00e9 comme l&#8217;innovateur par excellence dans la construction de pianos classiques. Le FEURICH 218 &#8211; Concert I a \u00e9t\u00e9 construit par lui et son \u00e9pouse Claire Paulello. La 4\u00e8me p\u00e9dale innovante, la \u00abp\u00e9dale harmonique\u00bb ainsi que de nombreux autres \u00e9l\u00e9ments cl\u00e9s des instruments FEURICH ont \u00e9t\u00e9 con\u00e7us par lui. <a href=\"https:\/\/www.feurich.com\/fr\/a-propos-de-nous\/une-equipe-dexperts\/stephen-paulello\/\">En savoir plus sur Stephen Paulello<\/a><\/p>\n\n\t\t<\/div>\n\t<\/div>\n<\/div><\/div><\/div><div class=\"wpb_column vc_column_container vc_col-sm-4 et-dark-column\"><div class=\"vc_column-inner\"><div class=\"wpb_wrapper\">\n\t<div  class=\"wpb_single_image wpb_content_element vc_align_center\">\n\t\t\n\t\t<figure class=\"wpb_wrapper vc_figure\">\n\t\t\t<a href=\"?page_id=12121\" target=\"_self\" class=\"vc_single_image-wrapper   vc_box_border_grey\"><img decoding=\"async\" class=\"vc_single_image-img \" src=\"https:\/\/test.feurich.com\/wp-content\/uploads\/DSC_0160-scaled-360x260.jpg\" width=\"360\" height=\"260\" alt=\"J\u00f6rg Hauser_FEURICH-Expert\" title=\"J\u00f6rg Hauser\" loading=\"lazy\" \/><\/a>\n\t\t<\/figure>\n\t<\/div>\n\n\t<div class=\"wpb_text_column wpb_content_element   products-title\" >\n\t\t<div class=\"wpb_wrapper\">\n\t\t\t<p><a class=\"mega-menu-link\" href=\"?page_id=12121\">J\u00f6rg Hauser<\/a><\/p>\n\n\t\t<\/div>\n\t<\/div>\n\n\t<div class=\"wpb_text_column wpb_content_element  \" >\n\t\t<div class=\"wpb_wrapper\">\n\t\t\t<p><strong>Ma\u00eetre constructeur de pianos et de clavecins \u00e0 Aldingen en Allemagne<\/strong><\/p>\n<p>J\u00f6rg Hauser fait partie de l&#8217;\u00e9quipe de d\u00e9veloppement technique de FEURICH et est responsable de nombreuses innovations des nouveaux pianos FEURICH. Par exemple, le syst\u00e8me de p\u00e9dale et le simple d\u00e9montage de l&#8217;enveloppe de piano sont parmi ses grandes contributions \u00e0 la conception de piano moderne. <a href=\"https:\/\/www.feurich.com\/fr\/a-propos-de-nous\/une-equipe-dexperts\/jorg-hauser\/\">En savoir plus sur J\u00f6rg Hauser<\/a><\/p>\n\n\t\t<\/div>\n\t<\/div>\n<\/div><\/div><\/div><\/div><\/div><div  class=\"sec_row container\"><div class=\"vc_row wpb_row vc_row-fluid\"><div class=\"wpb_column vc_column_container vc_col-sm-12 et-dark-column\"><div class=\"vc_column-inner\"><div class=\"wpb_wrapper\"><div class=\"vc_empty_space\"   style=\"height: 52px\"><span class=\"vc_empty_space_inner\"><\/span><\/div><\/div><\/div><\/div><\/div><\/div>\n<\/div>","protected":false},"excerpt":{"rendered":"<p>Seuls ceux qui ont une vision \u00e9largie des choses et poss\u00e8dent une expertise d\u00e9taill\u00e9e dans leur m\u00e9tier, sont capables de poursuivre des innovations : voici l&#8217;\u00e9quipe internationale d&#8217;experts de chez FEURICH.<\/p>\n","protected":false},"author":4,"featured_media":0,"parent":11860,"menu_order":0,"comment_status":"closed","ping_status":"closed","template":"template-fullwidth.php","meta":{"inline_featured_image":false,"footnotes":""},"class_list":["post-13705","page","type-page","status-publish","hentry"],"acf":[],"_links":{"self":[{"href":"https:\/\/test.feurich.com\/fr\/wp-json\/wp\/v2\/pages\/13705"}],"collection":[{"href":"https:\/\/test.feurich.com\/fr\/wp-json\/wp\/v2\/pages"}],"about":[{"href":"https:\/\/test.feurich.com\/fr\/wp-json\/wp\/v2\/types\/page"}],"author":[{"embeddable":true,"href":"https:\/\/test.feurich.com\/fr\/wp-json\/wp\/v2\/users\/4"}],"replies":[{"embeddable":true,"href":"https:\/\/test.feurich.com\/fr\/wp-json\/wp\/v2\/comments?post=13705"}],"version-history":[{"count":50,"href":"https:\/\/test.feurich.com\/fr\/wp-json\/wp\/v2\/pages\/13705\/revisions"}],"predecessor-version":[{"id":25792,"href":"https:\/\/test.feurich.com\/fr\/wp-json\/wp\/v2\/pages\/13705\/revisions\/25792"}],"up":[{"embeddable":true,"href":"https:\/\/test.feurich.com\/fr\/wp-json\/wp\/v2\/pages\/11860"}],"wp:attachment":[{"href":"https:\/\/test.feurich.com\/fr\/wp-json\/wp\/v2\/media?parent=13705"}],"curies":[{"name":"wp","href":"https:\/\/api.w.org\/{rel}","templated":true}]}}