{"id":13745,"date":"2018-03-28T22:19:25","date_gmt":"2018-03-28T22:19:25","guid":{"rendered":"https:\/\/www.feurich.com\/a-propos-de-nous\/une-equipe-dexperts\/udo-kamm\/"},"modified":"2018-09-18T23:59:43","modified_gmt":"2018-09-18T23:59:43","slug":"udo-kamm","status":"publish","type":"page","link":"https:\/\/test.feurich.com\/fr\/a-propos-de-nous\/une-equipe-dexperts\/udo-kamm\/","title":{"rendered":"Udo Kamm"},"content":{"rendered":"<div class=\"wpb-content-wrapper\"><div  class=\"sec_row container\"><div class=\"vc_row wpb_row vc_row-fluid\"><div class=\"wpb_column vc_column_container vc_col-sm-12 et-dark-column\"><div class=\"vc_column-inner\"><div class=\"wpb_wrapper\"><div class=\"vc_empty_space\"   style=\"height: 32px\"><span class=\"vc_empty_space_inner\"><\/span><\/div><\/div><\/div><\/div><\/div><\/div><div  class=\"sec_row container\"><div class=\"vc_row wpb_row vc_row-fluid\"><div class=\"wpb_column vc_column_container vc_col-sm-4 et-dark-column\"><div class=\"vc_column-inner\"><div class=\"wpb_wrapper\">\n\t<div  class=\"wpb_single_image wpb_content_element vc_align_left\">\n\t\t\n\t\t<figure class=\"wpb_wrapper vc_figure\">\n\t\t\t<div class=\"vc_single_image-wrapper   vc_box_border_grey\"><img loading=\"lazy\" decoding=\"async\" width=\"1024\" height=\"680\" src=\"https:\/\/test.feurich.com\/wp-content\/uploads\/Udo-Kamm-e1505666597852-1024x680.jpg\" class=\"vc_single_image-img attachment-large\" alt=\"\" title=\"Udo Kamm\" srcset=\"https:\/\/test.feurich.com\/wp-content\/uploads\/Udo-Kamm-e1505666597852-1024x680.jpg 1024w, https:\/\/test.feurich.com\/wp-content\/uploads\/Udo-Kamm-e1505666597852-450x299.jpg 450w, https:\/\/test.feurich.com\/wp-content\/uploads\/Udo-Kamm-e1505666597852-1000x664.jpg 1000w, https:\/\/test.feurich.com\/wp-content\/uploads\/Udo-Kamm-e1505666597852-300x199.jpg 300w, https:\/\/test.feurich.com\/wp-content\/uploads\/Udo-Kamm-e1505666597852-768x510.jpg 768w, https:\/\/test.feurich.com\/wp-content\/uploads\/Udo-Kamm-e1505666597852-800x531.jpg 800w, https:\/\/test.feurich.com\/wp-content\/uploads\/Udo-Kamm-e1505666597852.jpg 1920w\" sizes=\"(max-width: 1024px) 100vw, 1024px\" \/><\/div>\n\t\t<\/figure>\n\t<\/div>\n<\/div><\/div><\/div><div class=\"wpb_column vc_column_container vc_col-sm-8 et-dark-column\"><div class=\"vc_column-inner\"><div class=\"wpb_wrapper\">\n\t<div class=\"wpb_text_column wpb_content_element   big-title\" >\n\t\t<div class=\"wpb_wrapper\">\n\t\t\t<p>Udo Kamm<\/p>\n\n\t\t<\/div>\n\t<\/div>\n\n\t<div class=\"wpb_text_column wpb_content_element  \" >\n\t\t<div class=\"wpb_wrapper\">\n\t\t\t<h3>Ma\u00eetre constructeur et cr\u00e9ateur de pianos \u00e0 Kirchhain en allemagne<\/h3>\n<p>Udo Kamm est un inventeur g\u00e9nial et le cerveau derri\u00e8re de nombreuses innovations dans le monde des pianos acoustiques.<\/p>\n<p>Les inventions d&#8217;Udo Kamm sont d\u00e9velopp\u00e9es dans son usine de ma\u00eetre artisan moderne \u00e0 Kirchhain en Allemagne. Il est une source constante d&#8217;id\u00e9es cr\u00e9atives, \u00e0 la fois fra\u00eeches et amusantes \u00e0 mettre en \u0153uvre dans le monde des pianos. Par exemple, son &#8220;UK Silencer System&#8221; qui n&#8217;a absolument aucune influence n\u00e9gative sur la r\u00e9gulation ou le toucher du piano. Il y a aussi le nouveau syst\u00e8me d&#8217;\u00e9clairage, qui s&#8217;int\u00e8gre \u00e9l\u00e9gamment dans les pupitres sur tous les grands de la gamme FEURICH, et sans compter le\u00a0<em>FEURICH \u2013 High Speed KAMM Action.<\/em><\/p>\n\n\t\t<\/div>\n\t<\/div>\n<\/div><\/div><\/div><\/div><\/div>\n<\/div>","protected":false},"excerpt":{"rendered":"Udo Kamm Ma\u00eetre constructeur et cr\u00e9ateur de pianos \u00e0 Kirchhain en allemagne Udo Kamm est un inventeur g\u00e9nial et le cerveau derri\u00e8re de nombreuses innovations dans le monde des pianos acoustiques. Les inventions d'Udo Kamm sont d\u00e9velopp\u00e9es dans son usine de ma\u00eetre artisan moderne \u00e0 Kirchhain en Allemagne. Il est&hellip;","protected":false},"author":7,"featured_media":0,"parent":13705,"menu_order":0,"comment_status":"closed","ping_status":"closed","template":"","meta":{"inline_featured_image":false,"footnotes":""},"class_list":["post-13745","page","type-page","status-publish","hentry"],"acf":[],"_links":{"self":[{"href":"https:\/\/test.feurich.com\/fr\/wp-json\/wp\/v2\/pages\/13745"}],"collection":[{"href":"https:\/\/test.feurich.com\/fr\/wp-json\/wp\/v2\/pages"}],"about":[{"href":"https:\/\/test.feurich.com\/fr\/wp-json\/wp\/v2\/types\/page"}],"author":[{"embeddable":true,"href":"https:\/\/test.feurich.com\/fr\/wp-json\/wp\/v2\/users\/7"}],"replies":[{"embeddable":true,"href":"https:\/\/test.feurich.com\/fr\/wp-json\/wp\/v2\/comments?post=13745"}],"version-history":[{"count":2,"href":"https:\/\/test.feurich.com\/fr\/wp-json\/wp\/v2\/pages\/13745\/revisions"}],"predecessor-version":[{"id":13747,"href":"https:\/\/test.feurich.com\/fr\/wp-json\/wp\/v2\/pages\/13745\/revisions\/13747"}],"up":[{"embeddable":true,"href":"https:\/\/test.feurich.com\/fr\/wp-json\/wp\/v2\/pages\/13705"}],"wp:attachment":[{"href":"https:\/\/test.feurich.com\/fr\/wp-json\/wp\/v2\/media?parent=13745"}],"curies":[{"name":"wp","href":"https:\/\/api.w.org\/{rel}","templated":true}]}}