{"id":13748,"date":"2018-03-28T22:26:28","date_gmt":"2018-03-28T22:26:28","guid":{"rendered":"https:\/\/www.feurich.com\/a-propos-de-nous\/une-equipe-dexperts\/stephen-paulello\/"},"modified":"2018-09-18T23:57:29","modified_gmt":"2018-09-18T23:57:29","slug":"stephen-paulello","status":"publish","type":"page","link":"https:\/\/test.feurich.com\/fr\/a-propos-de-nous\/une-equipe-dexperts\/stephen-paulello\/","title":{"rendered":"Stephen Paulello"},"content":{"rendered":"<div class=\"wpb-content-wrapper\"><div  class=\"sec_row container\"><div class=\"vc_row wpb_row vc_row-fluid\"><div class=\"wpb_column vc_column_container vc_col-sm-12 et-dark-column\"><div class=\"vc_column-inner\"><div class=\"wpb_wrapper\"><div class=\"vc_empty_space\"   style=\"height: 32px\"><span class=\"vc_empty_space_inner\"><\/span><\/div><\/div><\/div><\/div><\/div><\/div><div  class=\"sec_row container\"><div class=\"vc_row wpb_row vc_row-fluid\"><div class=\"wpb_column vc_column_container vc_col-sm-4 et-dark-column\"><div class=\"vc_column-inner\"><div class=\"wpb_wrapper\">\n\t<div  class=\"wpb_single_image wpb_content_element vc_align_center\">\n\t\t\n\t\t<figure class=\"wpb_wrapper vc_figure\">\n\t\t\t<div class=\"vc_single_image-wrapper   vc_box_border_grey\"><img loading=\"lazy\" decoding=\"async\" width=\"899\" height=\"1024\" src=\"https:\/\/test.feurich.com\/wp-content\/uploads\/Stephen_Paulello_original-899x1024.jpg\" class=\"vc_single_image-img attachment-large\" alt=\"\" title=\"Stephen Paulello\" srcset=\"https:\/\/test.feurich.com\/wp-content\/uploads\/Stephen_Paulello_original-899x1024.jpg 899w, https:\/\/test.feurich.com\/wp-content\/uploads\/Stephen_Paulello_original-450x513.jpg 450w, https:\/\/test.feurich.com\/wp-content\/uploads\/Stephen_Paulello_original-1000x1140.jpg 1000w, https:\/\/test.feurich.com\/wp-content\/uploads\/Stephen_Paulello_original-263x300.jpg 263w, https:\/\/test.feurich.com\/wp-content\/uploads\/Stephen_Paulello_original-768x875.jpg 768w, https:\/\/test.feurich.com\/wp-content\/uploads\/Stephen_Paulello_original-800x912.jpg 800w, https:\/\/test.feurich.com\/wp-content\/uploads\/Stephen_Paulello_original.jpg 1060w\" sizes=\"(max-width: 899px) 100vw, 899px\" \/><\/div>\n\t\t<\/figure>\n\t<\/div>\n<\/div><\/div><\/div><div class=\"wpb_column vc_column_container vc_col-sm-8 et-dark-column\"><div class=\"vc_column-inner\"><div class=\"wpb_wrapper\">\n\t<div class=\"wpb_text_column wpb_content_element   big-title\" >\n\t\t<div class=\"wpb_wrapper\">\n\t\t\t<p>Stephen Paulello<\/p>\n\n\t\t<\/div>\n\t<\/div>\n\n\t<div class=\"wpb_text_column wpb_content_element  \" >\n\t\t<div class=\"wpb_wrapper\">\n\t\t\t<p><strong>Pianiste Concertiste et constructeur de pianos \u00e0 Villethierry en France<\/strong><\/p>\n<p>Stephen Paulello \u00e9tait un professeur de piano dans un lyc\u00e9e et professeur de musique de chambre, en plus d&#8217;\u00eatre pianiste de concert, et a remport\u00e9 de nombreuses comp\u00e9titions internationales de piano. Apr\u00e8s avoir termin\u00e9 sa formation de technicien de piano chez Bechstein, il a travaill\u00e9 \u00e0 Paris comme technicien pour Bechstein et Steinway &amp; Sons. Gr\u00e2ce \u00e0 son passage en Allemagne, il a appris et d\u00e9velopp\u00e9 une passion pour le monde du piano. Peu de temps apr\u00e8s, il commen\u00e7a avec ses premi\u00e8res constructions de piano droits et \u00e0 queue: <strong>\u00abJe voulais faire quelque chose de diff\u00e9rent, quelque chose de nouveau, d\u00e9velopper une alternative pour les pianistes &#8230;\u00bb.<\/strong> C&#8217;est quelque chose qu&#8217;il a ind\u00e9niablement accompli. En 1990, il a construit son premier piano de concert, qui a fortement attir\u00e9 l&#8217;attention et est consid\u00e9r\u00e9 comme un chef-d&#8217;\u0153uvre dans l&#8217;art de la construction de pianos.<\/p>\n<p>Les brevets et constructions de piano de Stephen Paulello ont re\u00e7u de nombreux prix prestigieux du minist\u00e8re de la Culture, ainsi que de diverses fondations et fondations. Il a 28 ans d&#8217;exp\u00e9rience dans la recherche personnelle de tous les aspects de la construction, de la restauration, de la r\u00e9paration et de l&#8217;am\u00e9lioration des pianos, y compris l&#8217;optimisation des mat\u00e9riaux utilis\u00e9s pour la fabrication des cordes et du toucher\u00a0&#8211; tout ce qui contribue \u00e0 d\u00e9velopper le vrai potentiel du piano.<\/p>\n\n\t\t<\/div>\n\t<\/div>\n<\/div><\/div><\/div><\/div><\/div>\n<\/div>","protected":false},"excerpt":{"rendered":"Stephen Paulello Pianiste Concertiste et constructeur de pianos \u00e0 Villethierry en France Stephen Paulello \u00e9tait un professeur de piano dans un lyc\u00e9e et professeur de musique de chambre, en plus d'\u00eatre pianiste de concert, et a remport\u00e9 de nombreuses comp\u00e9titions internationales de piano. Apr\u00e8s avoir termin\u00e9 sa formation de technicien&hellip;","protected":false},"author":7,"featured_media":0,"parent":13705,"menu_order":0,"comment_status":"closed","ping_status":"closed","template":"","meta":{"inline_featured_image":false,"footnotes":""},"class_list":["post-13748","page","type-page","status-publish","hentry"],"acf":[],"_links":{"self":[{"href":"https:\/\/test.feurich.com\/fr\/wp-json\/wp\/v2\/pages\/13748"}],"collection":[{"href":"https:\/\/test.feurich.com\/fr\/wp-json\/wp\/v2\/pages"}],"about":[{"href":"https:\/\/test.feurich.com\/fr\/wp-json\/wp\/v2\/types\/page"}],"author":[{"embeddable":true,"href":"https:\/\/test.feurich.com\/fr\/wp-json\/wp\/v2\/users\/7"}],"replies":[{"embeddable":true,"href":"https:\/\/test.feurich.com\/fr\/wp-json\/wp\/v2\/comments?post=13748"}],"version-history":[{"count":1,"href":"https:\/\/test.feurich.com\/fr\/wp-json\/wp\/v2\/pages\/13748\/revisions"}],"predecessor-version":[{"id":13750,"href":"https:\/\/test.feurich.com\/fr\/wp-json\/wp\/v2\/pages\/13748\/revisions\/13750"}],"up":[{"embeddable":true,"href":"https:\/\/test.feurich.com\/fr\/wp-json\/wp\/v2\/pages\/13705"}],"wp:attachment":[{"href":"https:\/\/test.feurich.com\/fr\/wp-json\/wp\/v2\/media?parent=13748"}],"curies":[{"name":"wp","href":"https:\/\/api.w.org\/{rel}","templated":true}]}}