{"id":13751,"date":"2018-03-28T22:31:43","date_gmt":"2018-03-28T22:31:43","guid":{"rendered":"https:\/\/www.feurich.com\/a-propos-de-nous\/une-equipe-dexperts\/stephane-boussouge\/"},"modified":"2019-06-25T14:39:40","modified_gmt":"2019-06-25T14:39:40","slug":"stephane-boussouge","status":"publish","type":"page","link":"https:\/\/test.feurich.com\/fr\/a-propos-de-nous\/une-equipe-dexperts\/stephane-boussouge\/","title":{"rendered":"St\u00e9phane Boussouge"},"content":{"rendered":"<div class=\"wpb-content-wrapper\"><div  class=\"sec_row container\"><div class=\"vc_row wpb_row vc_row-fluid\"><div class=\"wpb_column vc_column_container vc_col-sm-12 et-dark-column\"><div class=\"vc_column-inner\"><div class=\"wpb_wrapper\"><div class=\"vc_empty_space\"   style=\"height: 32px\"><span class=\"vc_empty_space_inner\"><\/span><\/div><\/div><\/div><\/div><\/div><\/div><div  class=\"sec_row container\"><div class=\"vc_row wpb_row vc_row-fluid\"><div class=\"wpb_column vc_column_container vc_col-sm-4 et-dark-column\"><div class=\"vc_column-inner\"><div class=\"wpb_wrapper\"><div class=\"vc_empty_space\"   style=\"height: 10px\"><span class=\"vc_empty_space_inner\"><\/span><\/div>\n\t<div  class=\"wpb_single_image wpb_content_element vc_align_center\">\n\t\t\n\t\t<figure class=\"wpb_wrapper vc_figure\">\n\t\t\t<div class=\"vc_single_image-wrapper   vc_box_border_grey\"><img loading=\"lazy\" decoding=\"async\" width=\"731\" height=\"1024\" src=\"https:\/\/test.feurich.com\/wp-content\/uploads\/20190618-2767-731x1024.jpg\" class=\"vc_single_image-img attachment-large\" alt=\"\" title=\"20190618-2767\" srcset=\"https:\/\/test.feurich.com\/wp-content\/uploads\/20190618-2767-731x1024.jpg 731w, https:\/\/test.feurich.com\/wp-content\/uploads\/20190618-2767-450x630.jpg 450w, https:\/\/test.feurich.com\/wp-content\/uploads\/20190618-2767-600x840.jpg 600w, https:\/\/test.feurich.com\/wp-content\/uploads\/20190618-2767-214x300.jpg 214w, https:\/\/test.feurich.com\/wp-content\/uploads\/20190618-2767-768x1076.jpg 768w, https:\/\/test.feurich.com\/wp-content\/uploads\/20190618-2767.jpg 771w\" sizes=\"(max-width: 731px) 100vw, 731px\" \/><\/div>\n\t\t<\/figure>\n\t<\/div>\n<\/div><\/div><\/div><div class=\"wpb_column vc_column_container vc_col-sm-8 et-dark-column\"><div class=\"vc_column-inner\"><div class=\"wpb_wrapper\">\n\t<div class=\"wpb_text_column wpb_content_element   big-title\" >\n\t\t<div class=\"wpb_wrapper\">\n\t\t\t<p>St\u00e9phane Boussuge<\/p>\n\n\t\t<\/div>\n\t<\/div>\n\n\t<div class=\"wpb_text_column wpb_content_element  \" >\n\t\t<div class=\"wpb_wrapper\">\n\t\t\t<p><span style=\"font-size: 12pt;\"><strong>Harmonisateur de piano &amp; Accordeur de pianos de concert en chef<\/strong><\/span><\/p>\n<p>St\u00e9phane Boussuge poss\u00e8de une vaste connaissance et expertise dans l&#8217;harmonisation du piano, le r\u00e9glage et l&#8217;accord, et est responsable de la pr\u00e9paration des instruments FEURICH \u00e0 Vienne. Son travail \u00e9tonne \u00e0 la fois les pianistes et les techniciens du piano dans le monde entier.<\/p>\n<p>Apr\u00e8s ses \u00e9tudes de musique \u00e0 l&#8217;Institut ITEMM en France, St\u00e9phane Boussuge a travaill\u00e9 \u00e0 la Salle Pleyel \u00e0 Paris pendant sept ans. Form\u00e9 chez Kawai au Japon, il a travaill\u00e9 pendant des d\u00e9cennies avec l&#8217;importateur fran\u00e7ais d&#8217;instruments Kawai. Il a poursuivi sa formation au Laboratoire de recherche de Kawai et a re\u00e7u le titre de Ma\u00eetre artisan de piano, qui souligne ses comp\u00e9tences exceptionnelles dans la pr\u00e9paration et l&#8217;expression de grands pianos de concert.<\/p>\n<p>St\u00e9phane est \u00e9galement tr\u00e8s impliqu\u00e9 dans l\u2019enseignement car il a form\u00e9 un grand nombre de techniciens en France et dans de nombreux pays au travers de stages et MasterClass portant sur la pr\u00e9paration, l&#8217;harmonisation et l\u2019optimisation des pianos \u00e0 queues. Il est \u00e9galement intervenant \u00e0 l\u2019ITEMM (Institut Europ\u00e9en des M\u00e9tier de la Musique) en France pour l&#8217;enseignement de l\u2019harmonisation et du r\u00e9glage de pianos \u00e0 Queues.<\/p>\n<p>De plus, St\u00e9phane est un expert dans le domaine de la composition assist\u00e9e par ordinateur. Il a travaill\u00e9 sur le d\u00e9veloppement du logiciel de composition <a href=\"https:\/\/opusmodus.com\/\">Opusmodus<\/a>, a cr\u00e9\u00e9 une version fran\u00e7aise du programme, et compose et enseigne en utilisant le logiciel.<\/p>\n<p><a href=\"https:\/\/www.feurich.com\/fr\/a-propos-de-nous\/une-equipe-dexperts\/\">&gt;&gt; retour<\/a><\/p>\n\n\t\t<\/div>\n\t<\/div>\n<\/div><\/div><\/div><\/div><\/div>\n<\/div>","protected":false},"excerpt":{"rendered":"St\u00e9phane Boussuge Harmonisateur de piano &amp; Accordeur de pianos de concert en chef St\u00e9phane Boussuge poss\u00e8de une vaste connaissance et expertise dans l'harmonisation du piano, le r\u00e9glage et l'accord, et est responsable de la pr\u00e9paration des instruments FEURICH \u00e0 Vienne. Son travail \u00e9tonne \u00e0 la fois les pianistes et les&hellip;","protected":false},"author":7,"featured_media":0,"parent":13705,"menu_order":0,"comment_status":"closed","ping_status":"closed","template":"","meta":{"inline_featured_image":false,"footnotes":""},"class_list":["post-13751","page","type-page","status-publish","hentry"],"acf":[],"_links":{"self":[{"href":"https:\/\/test.feurich.com\/fr\/wp-json\/wp\/v2\/pages\/13751"}],"collection":[{"href":"https:\/\/test.feurich.com\/fr\/wp-json\/wp\/v2\/pages"}],"about":[{"href":"https:\/\/test.feurich.com\/fr\/wp-json\/wp\/v2\/types\/page"}],"author":[{"embeddable":true,"href":"https:\/\/test.feurich.com\/fr\/wp-json\/wp\/v2\/users\/7"}],"replies":[{"embeddable":true,"href":"https:\/\/test.feurich.com\/fr\/wp-json\/wp\/v2\/comments?post=13751"}],"version-history":[{"count":4,"href":"https:\/\/test.feurich.com\/fr\/wp-json\/wp\/v2\/pages\/13751\/revisions"}],"predecessor-version":[{"id":24806,"href":"https:\/\/test.feurich.com\/fr\/wp-json\/wp\/v2\/pages\/13751\/revisions\/24806"}],"up":[{"embeddable":true,"href":"https:\/\/test.feurich.com\/fr\/wp-json\/wp\/v2\/pages\/13705"}],"wp:attachment":[{"href":"https:\/\/test.feurich.com\/fr\/wp-json\/wp\/v2\/media?parent=13751"}],"curies":[{"name":"wp","href":"https:\/\/api.w.org\/{rel}","templated":true}]}}