{"id":13753,"date":"2018-03-28T22:37:14","date_gmt":"2018-03-28T22:37:14","guid":{"rendered":"https:\/\/www.feurich.com\/a-propos-de-nous\/une-equipe-dexperts\/sibin-zlatkovic\/"},"modified":"2018-03-28T22:37:15","modified_gmt":"2018-03-28T22:37:15","slug":"sibin-zlatkovic","status":"publish","type":"page","link":"https:\/\/test.feurich.com\/fr\/a-propos-de-nous\/une-equipe-dexperts\/sibin-zlatkovic\/","title":{"rendered":"Sibin Zlatkovic"},"content":{"rendered":"<div class=\"wpb-content-wrapper\"><div  class=\"sec_row container\"><div class=\"vc_row wpb_row vc_row-fluid\"><div class=\"wpb_column vc_column_container vc_col-sm-12 et-dark-column\"><div class=\"vc_column-inner\"><div class=\"wpb_wrapper\"><div class=\"vc_empty_space\"   style=\"height: 32px\"><span class=\"vc_empty_space_inner\"><\/span><\/div><\/div><\/div><\/div><\/div><\/div><div  class=\"sec_row container\"><div class=\"vc_row wpb_row vc_row-fluid\"><div class=\"wpb_column vc_column_container vc_col-sm-4 et-dark-column\"><div class=\"vc_column-inner\"><div class=\"wpb_wrapper\">\n\t<div  class=\"wpb_single_image wpb_content_element vc_align_left\">\n\t\t\n\t\t<figure class=\"wpb_wrapper vc_figure\">\n\t\t\t<div class=\"vc_single_image-wrapper   vc_box_border_grey\"><img loading=\"lazy\" decoding=\"async\" width=\"683\" height=\"1024\" src=\"https:\/\/test.feurich.com\/wp-content\/uploads\/sibin1-683x1024.jpg\" class=\"vc_single_image-img attachment-large\" alt=\"\" title=\"Sibin Zlatkovic\" srcset=\"https:\/\/test.feurich.com\/wp-content\/uploads\/sibin1-683x1024.jpg 683w, https:\/\/test.feurich.com\/wp-content\/uploads\/sibin1-450x675.jpg 450w, https:\/\/test.feurich.com\/wp-content\/uploads\/sibin1-1000x1500.jpg 1000w, https:\/\/test.feurich.com\/wp-content\/uploads\/sibin1-200x300.jpg 200w, https:\/\/test.feurich.com\/wp-content\/uploads\/sibin1-768x1152.jpg 768w, https:\/\/test.feurich.com\/wp-content\/uploads\/sibin1-800x1200.jpg 800w, https:\/\/test.feurich.com\/wp-content\/uploads\/sibin1.jpg 1024w\" sizes=\"(max-width: 683px) 100vw, 683px\" \/><\/div>\n\t\t<\/figure>\n\t<\/div>\n<\/div><\/div><\/div><div class=\"wpb_column vc_column_container vc_col-sm-8 et-dark-column\"><div class=\"vc_column-inner\"><div class=\"wpb_wrapper\">\n\t<div class=\"wpb_text_column wpb_content_element   big-title\" >\n\t\t<div class=\"wpb_wrapper\">\n\t\t\t<p>Sibin Zlatkovic<\/p>\n\n\t\t<\/div>\n\t<\/div>\n\n\t<div class=\"wpb_text_column wpb_content_element  \" >\n\t\t<div class=\"wpb_wrapper\">\n\t\t\t<p><strong>Harmoniste &amp; Accordeur de pianos de concert en chef<\/strong><\/p>\n<p>Sibin Zlatkovic est responsable de la formation et du perfectionnement de nos techniciens de piano, ainsi que de tous les partenaires de FEURICH dans le monde. Avec J\u00f6rg Wachler et St\u00e9phane Boussuge, il dirige notre \u00e9quipe technique en termes d&#8217;expertise sonore et de pr\u00e9paration au piano. Il travaille pour atteindre la meilleure gamme dynamique possible, un ton long et chaud, et une riche vari\u00e9t\u00e9 de couleurs de nos pianos &#8211; le son typiquement viennois.<\/p>\n<p>Sibin Zlatkovic a plus de 30 ans d&#8217;exp\u00e9rience dans la pr\u00e9paration et la restauration de pianos, et la formation d&#8217;autres techniciens du piano.<\/p>\n<p>Sibin a \u00e9tudi\u00e9 \u00e0 l&#8217;Universit\u00e9 de Musique de Belgrade entre 1981 et 1984, puis a commenc\u00e9 \u00e0 travailler \u00e0 l&#8217;universit\u00e9 en tant que pianiste et technicien, assistant \u00e0 diverses masterclasses dans des usines appartenant \u00e0 des marques prestigieuses telles que Steinway &amp; Sons et Bechstein.<\/p>\n<p>En 1987, il a commenc\u00e9 \u00e0 travailler pour l&#8217;usine B\u00f6sendorfer de renomm\u00e9e mondiale \u00e0 Vienne, o\u00f9 il \u00e9tait responsable de la construction de l&#8217;action et du traitement final de l&#8217;harmonisation des instruments. Il travailla avec B\u00f6sendorfer jusqu&#8217;en 1992 et devint en m\u00eame temps le premier choix en tant que repr\u00e9sentant des ventes et des services pour de nombreuses marques europ\u00e9ennes telles que FEURICH, Steinway &amp; Sons, Hoffmann, Grotrian, Petrof, Ibach, parmi tant d&#8217;autres.<\/p>\n<p><a href=\"https:\/\/www.feurich.com\/fr\/a-propos-de-nous\/une-equipe-dexperts\/\">&gt;&gt; retour<\/a><\/p>\n\n\t\t<\/div>\n\t<\/div>\n<\/div><\/div><\/div><\/div><\/div>\n<\/div>","protected":false},"excerpt":{"rendered":"Sibin Zlatkovic Harmoniste &amp; Accordeur de pianos de concert en chef Sibin Zlatkovic est responsable de la formation et du perfectionnement de nos techniciens de piano, ainsi que de tous les partenaires de FEURICH dans le monde. Avec J\u00f6rg Wachler et St\u00e9phane Boussuge, il dirige notre \u00e9quipe technique en termes&hellip;","protected":false},"author":7,"featured_media":0,"parent":13705,"menu_order":0,"comment_status":"closed","ping_status":"closed","template":"","meta":{"inline_featured_image":false,"footnotes":""},"class_list":["post-13753","page","type-page","status-publish","hentry"],"acf":[],"_links":{"self":[{"href":"https:\/\/test.feurich.com\/fr\/wp-json\/wp\/v2\/pages\/13753"}],"collection":[{"href":"https:\/\/test.feurich.com\/fr\/wp-json\/wp\/v2\/pages"}],"about":[{"href":"https:\/\/test.feurich.com\/fr\/wp-json\/wp\/v2\/types\/page"}],"author":[{"embeddable":true,"href":"https:\/\/test.feurich.com\/fr\/wp-json\/wp\/v2\/users\/7"}],"replies":[{"embeddable":true,"href":"https:\/\/test.feurich.com\/fr\/wp-json\/wp\/v2\/comments?post=13753"}],"version-history":[{"count":1,"href":"https:\/\/test.feurich.com\/fr\/wp-json\/wp\/v2\/pages\/13753\/revisions"}],"predecessor-version":[{"id":13754,"href":"https:\/\/test.feurich.com\/fr\/wp-json\/wp\/v2\/pages\/13753\/revisions\/13754"}],"up":[{"embeddable":true,"href":"https:\/\/test.feurich.com\/fr\/wp-json\/wp\/v2\/pages\/13705"}],"wp:attachment":[{"href":"https:\/\/test.feurich.com\/fr\/wp-json\/wp\/v2\/media?parent=13753"}],"curies":[{"name":"wp","href":"https:\/\/api.w.org\/{rel}","templated":true}]}}