{"id":13755,"date":"2018-03-28T22:42:46","date_gmt":"2018-03-28T22:42:46","guid":{"rendered":"https:\/\/www.feurich.com\/a-propos-de-nous\/une-equipe-dexperts\/jorg-wachler\/"},"modified":"2018-03-28T22:42:47","modified_gmt":"2018-03-28T22:42:47","slug":"jorg-wachler","status":"publish","type":"page","link":"https:\/\/test.feurich.com\/fr\/a-propos-de-nous\/une-equipe-dexperts\/jorg-wachler\/","title":{"rendered":"J\u00f6rg Wachler"},"content":{"rendered":"<div class=\"wpb-content-wrapper\"><div  class=\"sec_row container\"><div class=\"vc_row wpb_row vc_row-fluid\"><div class=\"wpb_column vc_column_container vc_col-sm-12 et-dark-column\"><div class=\"vc_column-inner\"><div class=\"wpb_wrapper\"><div class=\"vc_empty_space\"   style=\"height: 32px\"><span class=\"vc_empty_space_inner\"><\/span><\/div><\/div><\/div><\/div><\/div><\/div><div  class=\"sec_row container\"><div class=\"vc_row wpb_row vc_row-fluid\"><div class=\"wpb_column vc_column_container vc_col-sm-4 et-dark-column\"><div class=\"vc_column-inner\"><div class=\"wpb_wrapper\">\n\t<div  class=\"wpb_single_image wpb_content_element vc_align_left\">\n\t\t\n\t\t<figure class=\"wpb_wrapper vc_figure\">\n\t\t\t<div class=\"vc_single_image-wrapper   vc_box_border_grey\"><img loading=\"lazy\" decoding=\"async\" width=\"1024\" height=\"683\" src=\"https:\/\/test.feurich.com\/wp-content\/uploads\/J\u00f6rg_1-1024x683.jpg\" class=\"vc_single_image-img attachment-large\" alt=\"\" title=\"J\u00f6rg_1\" srcset=\"https:\/\/test.feurich.com\/wp-content\/uploads\/J\u00f6rg_1-1024x683.jpg 1024w, https:\/\/test.feurich.com\/wp-content\/uploads\/J\u00f6rg_1-scaled-450x300.jpg 450w, https:\/\/test.feurich.com\/wp-content\/uploads\/J\u00f6rg_1-scaled-1000x667.jpg 1000w, https:\/\/test.feurich.com\/wp-content\/uploads\/J\u00f6rg_1-300x200.jpg 300w, https:\/\/test.feurich.com\/wp-content\/uploads\/J\u00f6rg_1-768x512.jpg 768w, https:\/\/test.feurich.com\/wp-content\/uploads\/J\u00f6rg_1-800x533.jpg 800w\" sizes=\"(max-width: 1024px) 100vw, 1024px\" \/><\/div>\n\t\t<\/figure>\n\t<\/div>\n<\/div><\/div><\/div><div class=\"wpb_column vc_column_container vc_col-sm-8 et-dark-column\"><div class=\"vc_column-inner\"><div class=\"wpb_wrapper\">\n\t<div class=\"wpb_text_column wpb_content_element   big-title\" >\n\t\t<div class=\"wpb_wrapper\">\n\t\t\t<p>J\u00f6rg Wachler<\/p>\n\n\t\t<\/div>\n\t<\/div>\n\n\t<div class=\"wpb_text_column wpb_content_element  \" >\n\t\t<div class=\"wpb_wrapper\">\n\t\t\t<p><strong>Harmoniste &amp; Accordeur de pianos de concert en chef<\/strong><\/p>\n<p>J\u00f6rg Wachler est responsable de la pr\u00e9paration finale des pianos sur les sites de production de FEURICH \u00e0 Vienne. Il est continuellement impliqu\u00e9 dans le d\u00e9veloppement de nouvelles techniques dans le monde du son et de l&#8217;harmonisation de pianos, et dialogue constamment avec notre \u00e9quipe et les nombreux partenaires de FEURICH dans le monde, afin de partager et d\u00e9velopper ces connaissances.<\/p>\n<p>Apr\u00e8s des \u00e9tudes de piano, d&#8217;orgue et de trompette, J\u00f6rg entreprend son apprentissage de piano en 1981 \u00e0 Eisenberg \/ Th\u00fcringen, en Allemagne. Ayant pass\u00e9 son apprentissage avec distinction, il a d\u00e9cid\u00e9 de se plonger dans le monde de la construction d&#8217;orgues, en \u00e9tudiant pendant 3 ans avec Schuster &amp; Sohn \u00e0 Zittau en Allemagne.<\/p>\n<p>Il a acquis une exp\u00e9rience consid\u00e9rable dans le travail du piano avec le Deutschen Piano Union de Leipzig, a travaill\u00e9 comme musicien d&#8217;\u00e9glise et dirig\u00e9 de nombreux ensembles d&#8217;\u00e9glises au fil des ans.<\/p>\n<p>En 1998, J\u00f6rg a \u00e9t\u00e9 sollicit\u00e9 par le prestigieux fabricant de pianos C.Bechstein pour travailler sur le processus critique d&#8217;accordage et d&#8217;intonation comme derni\u00e8re \u00e9tape de la production du piano. J\u00f6rg a \u00e9t\u00e9 mandat\u00e9 pour travailler avec des experts renomm\u00e9s dans ce domaine, notamment Naoki Yamauchi (Bechstein-Berlin), Ewald V\u00f6gele (T\u00fcbingen), Gert G\u00e4bler (Steinway-Dresden) et August F\u00f6rster.<\/p>\n<p>Avec plus de 30 ans d&#8217;exp\u00e9rience, nous sommes fiers d&#8217;avoir J\u00f6rg en tant que chef de la voix chez FEURICH, et en tant que chef de la pr\u00e9paration du piano dans nos installations de production \u00e0 Vienne.<\/p>\n<p><a href=\"https:\/\/www.feurich.com\/fr\/a-propos-de-nous\/une-equipe-dexperts\/\">&gt;&gt; retour<\/a><\/p>\n\n\t\t<\/div>\n\t<\/div>\n<\/div><\/div><\/div><\/div><\/div>\n<\/div>","protected":false},"excerpt":{"rendered":"J\u00f6rg Wachler Harmoniste &amp; Accordeur de pianos de concert en chef J\u00f6rg Wachler est responsable de la pr\u00e9paration finale des pianos sur les sites de production de FEURICH \u00e0 Vienne. Il est continuellement impliqu\u00e9 dans le d\u00e9veloppement de nouvelles techniques dans le monde du son et de l'harmonisation de pianos,&hellip;","protected":false},"author":4,"featured_media":0,"parent":13705,"menu_order":0,"comment_status":"closed","ping_status":"closed","template":"","meta":{"inline_featured_image":false,"footnotes":""},"class_list":["post-13755","page","type-page","status-publish","hentry"],"acf":[],"_links":{"self":[{"href":"https:\/\/test.feurich.com\/fr\/wp-json\/wp\/v2\/pages\/13755"}],"collection":[{"href":"https:\/\/test.feurich.com\/fr\/wp-json\/wp\/v2\/pages"}],"about":[{"href":"https:\/\/test.feurich.com\/fr\/wp-json\/wp\/v2\/types\/page"}],"author":[{"embeddable":true,"href":"https:\/\/test.feurich.com\/fr\/wp-json\/wp\/v2\/users\/4"}],"replies":[{"embeddable":true,"href":"https:\/\/test.feurich.com\/fr\/wp-json\/wp\/v2\/comments?post=13755"}],"version-history":[{"count":2,"href":"https:\/\/test.feurich.com\/fr\/wp-json\/wp\/v2\/pages\/13755\/revisions"}],"predecessor-version":[{"id":13758,"href":"https:\/\/test.feurich.com\/fr\/wp-json\/wp\/v2\/pages\/13755\/revisions\/13758"}],"up":[{"embeddable":true,"href":"https:\/\/test.feurich.com\/fr\/wp-json\/wp\/v2\/pages\/13705"}],"wp:attachment":[{"href":"https:\/\/test.feurich.com\/fr\/wp-json\/wp\/v2\/media?parent=13755"}],"curies":[{"name":"wp","href":"https:\/\/api.w.org\/{rel}","templated":true}]}}