{"id":15608,"date":"2017-12-05T16:20:12","date_gmt":"2017-12-05T16:20:12","guid":{"rendered":"https:\/\/www.feurich.com\/innovation\/kamm-mecanisme-haute-vitesse\/"},"modified":"2021-08-03T13:26:01","modified_gmt":"2021-08-03T13:26:01","slug":"high-speed-kamm-action","status":"publish","type":"page","link":"https:\/\/test.feurich.com\/fr\/innovation\/high-speed-kamm-action\/","title":{"rendered":"High Speed KAMM Action"},"content":{"rendered":"<div class=\"wpb-content-wrapper\"><div  class=\"sec_row container\"><div class=\"vc_row wpb_row vc_row-fluid\"><div class=\"wpb_column vc_column_container vc_col-sm-12 et-dark-column\"><div class=\"vc_column-inner\"><div class=\"wpb_wrapper\"><div class=\"vc_empty_space\"   style=\"height: 32px\"><span class=\"vc_empty_space_inner\"><\/span><\/div>\n\t<div class=\"wpb_text_column wpb_content_element   big-title\" >\n\t\t<div class=\"wpb_wrapper\">\n\t\t\t<p style=\"text-align: center;\">High Speed KAMM Action<\/p>\n\n\t\t<\/div>\n\t<\/div>\n<div class=\"vc_empty_space\"   style=\"height: 20px\"><span class=\"vc_empty_space_inner\"><\/span><\/div><\/div><\/div><\/div><\/div><\/div><div  class=\"sec_row container\"><div class=\"vc_row wpb_row vc_row-fluid\"><div class=\"wpb_column vc_column_container vc_col-sm-6 et-dark-column\"><div class=\"vc_column-inner\"><div class=\"wpb_wrapper\">\n\t<div class=\"wpb_text_column wpb_content_element  \" >\n\t\t<div class=\"wpb_wrapper\">\n\t\t\t<p>[feurich_vid youtube=&#8221;roAPxagOb-4&#8243; youku=&#8221;XMzI4MTMzMTE4NA==&#8221;]<\/p>\n\n\t\t<\/div>\n\t<\/div>\n<\/div><\/div><\/div><div class=\"wpb_column vc_column_container vc_col-sm-6 et-dark-column\"><div class=\"vc_column-inner\"><div class=\"wpb_wrapper\">\n\t<div class=\"wpb_text_column wpb_content_element  \" >\n\t\t<div class=\"wpb_wrapper\">\n\t\t\t<p>Les pianistes professionnels ont toujours pr\u00e9f\u00e9r\u00e9 les pianos \u00e0 queue aux pianos droits. Les r\u00e9p\u00e9titions d\u00e9licates sont tout simplement trop difficiles \u00e0 reproduire sur un piano droit &#8211; jusqu&#8217;\u00e0 pr\u00e9sent. Le facteur de pianos allemand Udo Kamm, en collaboration avec FEURICH, a mis au point une extension de la m\u00e9canique du piano qui am\u00e9liore consid\u00e9rablement les caract\u00e9ristiques de jeu du piano.<\/p>\n<p>Des tests scientifiques effectu\u00e9s au d\u00e9partement d&#8217;acoustique musicale de l&#8217;Universit\u00e9 de musique et des arts du spectacle de Vienne ont confirm\u00e9 l&#8217;efficacit\u00e9 du m\u00e9canisme High Speed KAMM Action: Le brevet a permis d&#8217;am\u00e9liorer sensiblement les caract\u00e9ristiques de r\u00e9p\u00e9tition, m\u00eame lorsque la touche n&#8217;est pas compl\u00e8tement rel\u00e2ch\u00e9e. Le r\u00e9sultat est que les r\u00e9p\u00e9titions rapides sont plus faciles \u00e0 jouer, \u00e0 tous les niveaux dynamiques.<\/p>\n\n\t\t<\/div>\n\t<\/div>\n\n\t<div class=\"wpb_text_column wpb_content_element  \" >\n\t\t<div class=\"wpb_wrapper\">\n\t\t\t<p>La meilleure partie : Vous pouvez faire installer le m\u00e9canisme High Speed KAMM Action <strong>dans n&#8217;importe quel piano droit de n&#8217;importe quel fabricant<\/strong> par votre technicien.<\/p>\n<p>Pour plus d&#8217;informations et pour passer votre commande, veuillez utiliser notre formulaire de contact :<\/p>\n\n\t\t<\/div>\n\t<\/div>\n<div class=\"vc_btn3-container vc_btn3-left\" ><a class=\"vc_general vc_btn3 vc_btn3-size-md vc_btn3-shape-rounded vc_btn3-style-classic vc_btn3-color-grey\" href=\"https:\/\/www.feurich.com\/en\/information-contact\/contact\/\" title=\"\">Commander le m\u00e9canisme High Speed KAMM Action<\/a><\/div><\/div><\/div><\/div><\/div><\/div><div  class=\"sec_row container\"><div class=\"vc_row wpb_row vc_row-fluid\"><div class=\"wpb_column vc_column_container vc_col-sm-12 et-dark-column\"><div class=\"vc_column-inner\"><div class=\"wpb_wrapper\"><div class=\"vc_empty_space\"   style=\"height: 32px\"><span class=\"vc_empty_space_inner\"><\/span><\/div>\n<div class=\"vc_grid-container-wrapper vc_clearfix vc_grid-animation-fadeIn\">\n\t<div class=\"vc_grid-container vc_clearfix wpb_content_element vc_media_grid\" data-initial-loading-animation=\"fadeIn\" data-vc-grid-settings=\"{&quot;page_id&quot;:15608,&quot;style&quot;:&quot;all&quot;,&quot;action&quot;:&quot;vc_get_vc_grid_data&quot;,&quot;shortcode_id&quot;:&quot;1627997110818-893ff9c9-9109-7&quot;,&quot;tag&quot;:&quot;vc_media_grid&quot;}\" data-vc-request=\"https:\/\/test.feurich.com\/wp-admin\/admin-ajax.php?lang=fr\" data-vc-post-id=\"15608\" data-vc-public-nonce=\"6987838599\">\n\t\t\n\t<\/div>\n<\/div><div class=\"vc_empty_space\"   style=\"height: 32px\"><span class=\"vc_empty_space_inner\"><\/span><\/div><\/div><\/div><\/div><\/div><\/div>\n<\/div>","protected":false},"excerpt":{"rendered":"<p>Les pianos \u00e0 queue sont g\u00e9niaux, mais si vous ne pouvez pas en avoir un chez vous, il existe un moyen d&#8217;am\u00e9liorer consid\u00e9rablement votre piano droit : le m\u00e9canisme High Speed KAMM Action.<\/p>\n","protected":false},"author":4,"featured_media":0,"parent":13731,"menu_order":0,"comment_status":"closed","ping_status":"closed","template":"template-fullwidth.php","meta":{"inline_featured_image":false,"footnotes":""},"class_list":["post-15608","page","type-page","status-publish","hentry"],"acf":[],"_links":{"self":[{"href":"https:\/\/test.feurich.com\/fr\/wp-json\/wp\/v2\/pages\/15608"}],"collection":[{"href":"https:\/\/test.feurich.com\/fr\/wp-json\/wp\/v2\/pages"}],"about":[{"href":"https:\/\/test.feurich.com\/fr\/wp-json\/wp\/v2\/types\/page"}],"author":[{"embeddable":true,"href":"https:\/\/test.feurich.com\/fr\/wp-json\/wp\/v2\/users\/4"}],"replies":[{"embeddable":true,"href":"https:\/\/test.feurich.com\/fr\/wp-json\/wp\/v2\/comments?post=15608"}],"version-history":[{"count":8,"href":"https:\/\/test.feurich.com\/fr\/wp-json\/wp\/v2\/pages\/15608\/revisions"}],"predecessor-version":[{"id":53057,"href":"https:\/\/test.feurich.com\/fr\/wp-json\/wp\/v2\/pages\/15608\/revisions\/53057"}],"up":[{"embeddable":true,"href":"https:\/\/test.feurich.com\/fr\/wp-json\/wp\/v2\/pages\/13731"}],"wp:attachment":[{"href":"https:\/\/test.feurich.com\/fr\/wp-json\/wp\/v2\/media?parent=15608"}],"curies":[{"name":"wp","href":"https:\/\/api.w.org\/{rel}","templated":true}]}}