{"id":20152,"date":"2018-09-09T09:46:16","date_gmt":"2018-09-09T09:46:16","guid":{"rendered":"https:\/\/www.feurich.com\/?page_id=20152"},"modified":"2018-09-09T09:49:45","modified_gmt":"2018-09-09T09:49:45","slug":"vladislav-oleg-mikucionok-2","status":"publish","type":"page","link":"https:\/\/test.feurich.com\/fr\/a-propos-de-nous\/une-equipe-dexperts\/vladislav-oleg-mikucionok-2\/","title":{"rendered":"Vladislav &#038; Oleg Mikucionok"},"content":{"rendered":"<div class=\"wpb-content-wrapper\"><div  class=\"sec_row container\"><div class=\"vc_row wpb_row vc_row-fluid\"><div class=\"wpb_column vc_column_container vc_col-sm-12 et-dark-column\"><div class=\"vc_column-inner\"><div class=\"wpb_wrapper\"><div class=\"vc_empty_space\"   style=\"height: 32px\"><span class=\"vc_empty_space_inner\"><\/span><\/div><\/div><\/div><\/div><\/div><\/div><div  class=\"sec_row container\"><div class=\"vc_row wpb_row vc_row-fluid\"><div class=\"wpb_column vc_column_container vc_col-sm-4 et-dark-column\"><div class=\"vc_column-inner\"><div class=\"wpb_wrapper\">\n\t<div  class=\"wpb_single_image wpb_content_element vc_align_center\">\n\t\t\n\t\t<figure class=\"wpb_wrapper vc_figure\">\n\t\t\t<div class=\"vc_single_image-wrapper   vc_box_border_grey\"><img loading=\"lazy\" decoding=\"async\" width=\"1024\" height=\"683\" src=\"https:\/\/test.feurich.com\/wp-content\/uploads\/Vladislav-and-Oleg-Mikucionok-1-1024x683.jpg\" class=\"vc_single_image-img attachment-large\" alt=\"Vladislav and Oleg Mikucionok KLAVIERmanufaktur\" title=\"Vladislav and Oleg Mikucionok 1\" srcset=\"https:\/\/test.feurich.com\/wp-content\/uploads\/Vladislav-and-Oleg-Mikucionok-1-1024x683.jpg 1024w, https:\/\/test.feurich.com\/wp-content\/uploads\/Vladislav-and-Oleg-Mikucionok-1-450x300.jpg 450w, https:\/\/test.feurich.com\/wp-content\/uploads\/Vladislav-and-Oleg-Mikucionok-1-1000x667.jpg 1000w, https:\/\/test.feurich.com\/wp-content\/uploads\/Vladislav-and-Oleg-Mikucionok-1-300x200.jpg 300w, https:\/\/test.feurich.com\/wp-content\/uploads\/Vladislav-and-Oleg-Mikucionok-1-768x512.jpg 768w, https:\/\/test.feurich.com\/wp-content\/uploads\/Vladislav-and-Oleg-Mikucionok-1-800x533.jpg 800w, https:\/\/test.feurich.com\/wp-content\/uploads\/Vladislav-and-Oleg-Mikucionok-1.jpg 1980w\" sizes=\"(max-width: 1024px) 100vw, 1024px\" \/><\/div>\n\t\t<\/figure>\n\t<\/div>\n<\/div><\/div><\/div><div class=\"wpb_column vc_column_container vc_col-sm-8 et-dark-column\"><div class=\"vc_column-inner\"><div class=\"wpb_wrapper\">\n\t<div class=\"wpb_text_column wpb_content_element   big-title\" >\n\t\t<div class=\"wpb_wrapper\">\n\t\t\t<p>Vladislav &amp; Oleg Mikucionok<\/p>\n\n\t\t<\/div>\n\t<\/div>\n\n\t<div class=\"wpb_text_column wpb_content_element  \" >\n\t\t<div class=\"wpb_wrapper\">\n\t\t\t<p><strong>Ma\u00eetre facteur de pianos, Technicien Piano et Directeur du centre de production FEURICH Vienne<\/strong><\/p>\n<p>Vladislav Mikucionok grandit dans l&#8217;atelier de pianos dirig\u00e9 par son p\u00e8re \u00e0 Pilsen, en R\u00e9publique tch\u00e8que. Apr\u00e8s ses \u00e9tudes secondaires, il cr\u00e9e son propre<br \/>\natelier de restauration \u00e0 Pilsen. En 2002, il s&#8217;installe \u00e0 Prague o\u00f9 il ouvre un magasin de pianos, en exporte dans divers pays, et fournit des services complets \u00e0 de nombreuses institutions musicales et pianistes. En 2008, l&#8217;atelier s&#8217;est install\u00e9 \u00e0 Vienne, en Autriche. Vladislav a \u00e9t\u00e9 un membre cl\u00e9 de l&#8217;\u00e9quipe de la<br \/>\nKLAVIERgalerie, \u00e0 Vienne, en tant que technicien et accordeur de piano. Depuis le d\u00e9but de l\u2019ann\u00e9e 2018, il est charg\u00e9 de la direction de la KLAVIERmanufaktur,<br \/>\no\u00f9 est produit notre piano-phare, le FEURICH 123 &#8211; Vienna.<\/p>\n<p>Son p\u00e8re, Oleg Mikucionok, apprend aussi les ficelles du m\u00e9tier avec son p\u00e8re. Apr\u00e8s avoir obtenu son dipl\u00f4me de ma\u00eetre facteur de piano en 1975, il travaille<br \/>\ndans diverses institutions musicales et ateliers de restauration \u00e0 Saint-P\u00e9tersbourg, en Russie. Il se cr\u00e9e rapidement une solide r\u00e9putation pour son travail de ma\u00eetre facteur de piano et d&#8217;accordeur de piano. En 1990, il d\u00e9m\u00e9nage en R\u00e9publique tch\u00e8que, o\u00f9 il dirige de l&#8217;atelier de piano d\u00e9tenu par l&#8217;\u00c9tat. En 1992, il d\u00e9cide de devenir ind\u00e9pendant et de travailler \u00e0 Pilsen avec son fils Vladislav. Apr\u00e8s avoir d\u00e9m\u00e9nag\u00e9 en Autriche, son titre de ma\u00eetre-facteur de pianos est officiellement reconnu en 2009. Depuis le d\u00e9but de l\u2019ann\u00e9e 2018, Oleg Mikucionok est le ma\u00eetre facteur de piano de notre production de Vienne,<br \/>\nla KLAVIERmanufaktur.<br \/>\n<a href=\"https:\/\/www.feurich.com\/?page_id=406\">&gt;&gt; retour<\/a><\/p>\n\n\t\t<\/div>\n\t<\/div>\n<\/div><\/div><\/div><\/div><\/div><div  class=\"sec_row container\"><div class=\"vc_row wpb_row vc_row-fluid\"><div class=\"wpb_column vc_column_container vc_col-sm-12 et-dark-column\"><div class=\"vc_column-inner\"><div class=\"wpb_wrapper\">\n\t<div class=\"wpb_text_column wpb_content_element  \" >\n\t\t<div class=\"wpb_wrapper\">\n\t\t\t\n\t\t<\/div>\n\t<\/div>\n<\/div><\/div><\/div><\/div><\/div>\n<\/div>","protected":false},"excerpt":{"rendered":"Vladislav &amp; Oleg Mikucionok Ma\u00eetre facteur de pianos, Technicien Piano et Directeur du centre de production FEURICH Vienne Vladislav Mikucionok grandit dans l'atelier de pianos dirig\u00e9 par son p\u00e8re \u00e0 Pilsen, en R\u00e9publique tch\u00e8que. Apr\u00e8s ses \u00e9tudes secondaires, il cr\u00e9e son propre atelier de restauration \u00e0 Pilsen. En 2002, il&hellip;","protected":false},"author":30,"featured_media":0,"parent":13705,"menu_order":0,"comment_status":"closed","ping_status":"closed","template":"","meta":{"inline_featured_image":false,"footnotes":""},"class_list":["post-20152","page","type-page","status-publish","hentry"],"acf":[],"_links":{"self":[{"href":"https:\/\/test.feurich.com\/fr\/wp-json\/wp\/v2\/pages\/20152"}],"collection":[{"href":"https:\/\/test.feurich.com\/fr\/wp-json\/wp\/v2\/pages"}],"about":[{"href":"https:\/\/test.feurich.com\/fr\/wp-json\/wp\/v2\/types\/page"}],"author":[{"embeddable":true,"href":"https:\/\/test.feurich.com\/fr\/wp-json\/wp\/v2\/users\/30"}],"replies":[{"embeddable":true,"href":"https:\/\/test.feurich.com\/fr\/wp-json\/wp\/v2\/comments?post=20152"}],"version-history":[{"count":4,"href":"https:\/\/test.feurich.com\/fr\/wp-json\/wp\/v2\/pages\/20152\/revisions"}],"predecessor-version":[{"id":20157,"href":"https:\/\/test.feurich.com\/fr\/wp-json\/wp\/v2\/pages\/20152\/revisions\/20157"}],"up":[{"embeddable":true,"href":"https:\/\/test.feurich.com\/fr\/wp-json\/wp\/v2\/pages\/13705"}],"wp:attachment":[{"href":"https:\/\/test.feurich.com\/fr\/wp-json\/wp\/v2\/media?parent=20152"}],"curies":[{"name":"wp","href":"https:\/\/api.w.org\/{rel}","templated":true}]}}