{"id":8888,"date":"2018-01-16T12:00:38","date_gmt":"2018-01-16T12:00:38","guid":{"rendered":"https:\/\/www.feurich.com\/%ec%9a%94%eb%a5%b4%ea%b7%b8-%eb%b0%94%ed%81%b4%eb%9f%ac-joerg-wachler\/"},"modified":"2018-01-22T13:10:09","modified_gmt":"2018-01-22T13:10:09","slug":"%ec%9a%94%eb%a5%b4%ea%b7%b8-%eb%b0%94%ed%81%b4%eb%9f%ac-joerg-wachler","status":"publish","type":"page","link":"https:\/\/test.feurich.com\/ko\/%ed%9a%8c%ec%82%ac-%ec%86%8c%ea%b0%9c\/%ec%a0%84%eb%ac%b8%ea%b0%80-%ed%8c%80\/%ec%9a%94%eb%a5%b4%ea%b7%b8-%eb%b0%94%ed%81%b4%eb%9f%ac-joerg-wachler\/","title":{"rendered":"\uc694\ub974\uadf8 \ubc14\ud074\ub7ec (J\u00f6rg Wachler)"},"content":{"rendered":"<div class=\"wpb-content-wrapper\"><div  class=\"sec_row container\"><div class=\"vc_row wpb_row vc_row-fluid\"><div class=\"wpb_column vc_column_container vc_col-sm-12 et-dark-column\"><div class=\"vc_column-inner\"><div class=\"wpb_wrapper\"><div class=\"vc_empty_space\"   style=\"height: 32px\"><span class=\"vc_empty_space_inner\"><\/span><\/div><\/div><\/div><\/div><\/div><\/div><div  class=\"sec_row container\"><div class=\"vc_row wpb_row vc_row-fluid\"><div class=\"wpb_column vc_column_container vc_col-sm-4 et-dark-column\"><div class=\"vc_column-inner\"><div class=\"wpb_wrapper\">\n\t<div  class=\"wpb_single_image wpb_content_element vc_align_left\">\n\t\t\n\t\t<figure class=\"wpb_wrapper vc_figure\">\n\t\t\t<div class=\"vc_single_image-wrapper   vc_box_border_grey\"><img loading=\"lazy\" decoding=\"async\" width=\"1024\" height=\"683\" src=\"https:\/\/test.feurich.com\/wp-content\/uploads\/J\u00f6rg_1-1024x683.jpg\" class=\"vc_single_image-img attachment-large\" alt=\"\" title=\"J\u00f6rg_1\" srcset=\"https:\/\/test.feurich.com\/wp-content\/uploads\/J\u00f6rg_1-1024x683.jpg 1024w, https:\/\/test.feurich.com\/wp-content\/uploads\/J\u00f6rg_1-scaled-450x300.jpg 450w, https:\/\/test.feurich.com\/wp-content\/uploads\/J\u00f6rg_1-scaled-1000x667.jpg 1000w, https:\/\/test.feurich.com\/wp-content\/uploads\/J\u00f6rg_1-300x200.jpg 300w, https:\/\/test.feurich.com\/wp-content\/uploads\/J\u00f6rg_1-768x512.jpg 768w, https:\/\/test.feurich.com\/wp-content\/uploads\/J\u00f6rg_1-800x533.jpg 800w\" sizes=\"(max-width: 1024px) 100vw, 1024px\" \/><\/div>\n\t\t<\/figure>\n\t<\/div>\n<\/div><\/div><\/div><div class=\"wpb_column vc_column_container vc_col-sm-8 et-dark-column\"><div class=\"vc_column-inner\"><div class=\"wpb_wrapper\">\n\t<div class=\"wpb_text_column wpb_content_element   big-title\" >\n\t\t<div class=\"wpb_wrapper\">\n\t\t\t<p>\uc694\ub974\uadf8 \ubc14\ud074\ub7ec (J\u00f6rg Wachler)<\/p>\n\n\t\t<\/div>\n\t<\/div>\n\n\t<div class=\"wpb_text_column wpb_content_element  \" >\n\t\t<div class=\"wpb_wrapper\">\n\t\t\t<div class=\"wpb_text_column wpb_content_element products-title\">\n<div class=\"wpb_wrapper\">\n<p>\uc218\uc11d \uc778\ud130\ub0b4\uc774\uc154\ub108 FEURICH \ube48(Wien) &amp; \ucf58\uc11c\ud2b8 \ud29c\ub108<\/p>\n<p>\uc694\ub974\uadf8 \ubc14\ud074\ub7ec(J\u00f6rg Wachler)\ub294 \ud3ec\uc774\ub9ac\ud788(FEURICH) \ube48(Wien) \ud504\ub85c\ub355\uc158\uc5d0\uc11c \ud53c\uc544\ub178\ub97c \ucd5c\uc885\uc801\uc73c\ub85c \uac1c\ubc1c\ud558\ub294 \ucc45\uc784\uc744 \ub9e1\uace0 \uc788\uc73c\uba70 \uc0c8\ub85c\uc6b4 \uae30\uc220\uacfc \uc74c\uc0c9\uc758 \ubc1c\uc804\uc744 \uc704\ud574 \ub04a\uc784\uc5c6\uc774 \ub178\ub825\ud558\uace0 \uc788\uc2b5\ub2c8\ub2e4. \uadf8\ub294 \uc804\uc138\uacc4\uc801\uc73c\ub85c \ud300\uacfc \ud30c\ud2b8\ub108\uc758 \uad50\ub958\uc5d0 \uc885\uc0ac\ud558\uace0 \uc788\uc2b5\ub2c8\ub2e4.<\/p>\n<p>\uc5b4\ub9b0 \uc2dc\uc808\ubd80\ud130 \uc74c\uc545\uc801\uc778 \uc601\ud5a5\uc744 \ubc1b\uace0 \uc131\uc7a5\ud55c \uc694\ub974\uadf8 \ubc14\ud074\ub7ec(J\u00f6rg Wachler)\ub294 1981 \ub144 \ud280\ub9c1\uac90 (\ub3c5\uc77c)\uc758 \uc544\uc774\uc820\ubca0\ub974\uadf8 (Eisenberg)\uc5d0\uc11c \ud53c\uc544\ub178 \uc81c\uc791\uc0ac\ub85c\uc11c \uacac\uc2b5\uc744 \uc2dc\uc791\ud558\uc5ec 1982 \ub144\uc5d0 \uc6b0\ub4f1\uc73c\ub85c \uc878\uc5c5\ud588\uc2b5\ub2c8\ub2e4. Zittau\uc758 Schuster &amp; Sohn\uacfc \ud568\uaed8 3 \ub144 \ub3d9\uc548\uc758 \uc7a5\uae30\uc801\uc778 \uc624\ub974\uac94 \uc81c\uc791 \ud6c8\ub828\uc740 \uadf8\uc758 \uad11\ubc94\uc704\ud55c \uc74c\uc545\uc758 \uc9c0\uc2dd\uc744 \ubcf4\uc644\ud588\uc2b5\ub2c8\ub2e4. \uc694\ub974\uadf8 \ubc14\ud074\ub7ec( J\u00f6rg Wachler)\ub294 \ub3c5\uc77c \ud53c\uc544\ub178 \uc5f0\ud569 \ub77c\uc774\ud504 \uce58\ud788 (Leipzig)\uc5d0\uc11c \ud53c\uc544\ub178 \ud29c\ub108\ub85c\uc11c\uc758 \uacbd\ud5d8\uc744 \ucd95\uc801\ud588\uc73c\uba70 \uc720\uba85\ud55c \ud53c\uc544\ub178 \uc81c\uc870\uc5c5\uccb4 \uc778 C. Bechstein\uacfc \ud568\uaed8 1998 \ub144\ubd80\ud130 \ub354 \ub9ce\uc740 \uacbd\ud5d8\uc744 \uc313\uc558\uc2b5\ub2c8\ub2e4. \uadf8\ub294 Naoki Yamauchi (Bechstein Berlin), Ewald V\u00f6gele (T\u00fcbingen), Gert G\u00f6bler (Steinway Dresden) \ub610\ub294 August F\u00f6rster\uc640 \uac19\uc740 \uc720\uba85\uc778\uacfc \ud568\uaed8 \uc791\uc5c5\ud588\uc2b5\ub2c8\ub2e4.\u00a0 J\u00f6rg \uc774 2013 \ub144\ubd80\ud130 30 \ub144 \uc774\uc0c1 \uacbd\ud5d8\uc744 \uc313\uc740 \uc218\uc11d \uc2a4\ud0c0\uc77c\ub9c1 \ud50c\ub808\uc774\uc5b4\ub85c\uc11c \uc6b0\ub9ac \ud300\uc744 \uc131\uc7a5 \uc2dc\ucf30\uc73c\uba70 FEURICH Wien \uc0dd\uc0b0\uc758 \ucd5c\uc885 \uc0dd\uc0b0 \ucc45\uc784\uc744 \uc778\uc218 \ud55c \uac83\uc744 \uc790\ub791\uc2a4\ub7fd\uac8c \uc0dd\uac01\ud569\ub2c8\ub2e4.<\/p>\n<p><a href=\"https:\/\/test.feurich.com\/ko\/%ed%9a%8c%ec%82%ac-%ec%86%8c%ea%b0%9c\/%ec%a0%84%eb%ac%b8%ea%b0%80-%ed%8c%80\/\">&gt;&gt; \ub3cc\uc544\uac00\uae30<\/a><\/p>\n<\/div>\n<\/div>\n<div class=\"wpb_text_column wpb_content_element \"><\/div>\n\n\t\t<\/div>\n\t<\/div>\n<\/div><\/div><\/div><\/div><\/div>\n<\/div>","protected":false},"excerpt":{"rendered":"\uc694\ub974\uadf8 \ubc14\ud074\ub7ec (J\u00f6rg Wachler) \uc218\uc11d \uc778\ud130\ub0b4\uc774\uc154\ub108 FEURICH \ube48(Wien) &amp; \ucf58\uc11c\ud2b8 \ud29c\ub108 \uc694\ub974\uadf8 \ubc14\ud074\ub7ec(J\u00f6rg Wachler)\ub294 \ud3ec\uc774\ub9ac\ud788(FEURICH) \ube48(Wien) \ud504\ub85c\ub355\uc158\uc5d0\uc11c \ud53c\uc544\ub178\ub97c \ucd5c\uc885\uc801\uc73c\ub85c \uac1c\ubc1c\ud558\ub294 \ucc45\uc784\uc744 \ub9e1\uace0 \uc788\uc73c\uba70 \uc0c8\ub85c\uc6b4 \uae30\uc220\uacfc \uc74c\uc0c9\uc758 \ubc1c\uc804\uc744 \uc704\ud574 \ub04a\uc784\uc5c6\uc774 \ub178\ub825\ud558\uace0 \uc788\uc2b5\ub2c8\ub2e4. \uadf8\ub294 \uc804\uc138\uacc4\uc801\uc73c\ub85c \ud300\uacfc \ud30c\ud2b8\ub108\uc758 \uad50\ub958\uc5d0 \uc885\uc0ac\ud558\uace0 \uc788\uc2b5\ub2c8\ub2e4. \uc5b4\ub9b0 \uc2dc\uc808\ubd80\ud130 \uc74c\uc545\uc801\uc778 \uc601\ud5a5\uc744 \ubc1b\uace0 \uc131\uc7a5\ud55c \uc694\ub974\uadf8 \ubc14\ud074\ub7ec(J\u00f6rg Wachler)\ub294 1981 \ub144 \ud280\ub9c1\uac90&hellip;","protected":false},"author":4,"featured_media":0,"parent":9199,"menu_order":0,"comment_status":"closed","ping_status":"closed","template":"","meta":{"inline_featured_image":false,"footnotes":""},"class_list":["post-8888","page","type-page","status-publish","hentry"],"acf":[],"_links":{"self":[{"href":"https:\/\/test.feurich.com\/ko\/wp-json\/wp\/v2\/pages\/8888"}],"collection":[{"href":"https:\/\/test.feurich.com\/ko\/wp-json\/wp\/v2\/pages"}],"about":[{"href":"https:\/\/test.feurich.com\/ko\/wp-json\/wp\/v2\/types\/page"}],"author":[{"embeddable":true,"href":"https:\/\/test.feurich.com\/ko\/wp-json\/wp\/v2\/users\/4"}],"replies":[{"embeddable":true,"href":"https:\/\/test.feurich.com\/ko\/wp-json\/wp\/v2\/comments?post=8888"}],"version-history":[{"count":3,"href":"https:\/\/test.feurich.com\/ko\/wp-json\/wp\/v2\/pages\/8888\/revisions"}],"predecessor-version":[{"id":9706,"href":"https:\/\/test.feurich.com\/ko\/wp-json\/wp\/v2\/pages\/8888\/revisions\/9706"}],"up":[{"embeddable":true,"href":"https:\/\/test.feurich.com\/ko\/wp-json\/wp\/v2\/pages\/9199"}],"wp:attachment":[{"href":"https:\/\/test.feurich.com\/ko\/wp-json\/wp\/v2\/media?parent=8888"}],"curies":[{"name":"wp","href":"https:\/\/api.w.org\/{rel}","templated":true}]}}