{"id":9073,"date":"2018-01-18T07:42:36","date_gmt":"2018-01-18T07:42:36","guid":{"rendered":"https:\/\/www.feurich.com\/%ec%88%98%ec%83%81-%ea%b2%bd%eb%a0%a5\/"},"modified":"2018-02-04T13:57:38","modified_gmt":"2018-02-04T13:57:38","slug":"%ec%88%98%ec%83%81-%ea%b2%bd%eb%a0%a5","status":"publish","type":"page","link":"https:\/\/test.feurich.com\/ko\/%eb%b3%b4%ea%b3%a0%ec%84%9c\/%ec%88%98%ec%83%81-%ea%b2%bd%eb%a0%a5\/","title":{"rendered":"\uc218\uc0c1 \uacbd\ub825"},"content":{"rendered":"<div class=\"wpb-content-wrapper\"><div  class=\"sec_row container\"><div class=\"vc_row wpb_row vc_row-fluid\"><div class=\"wpb_column vc_column_container vc_col-sm-12 et-dark-column\"><div class=\"vc_column-inner\"><div class=\"wpb_wrapper\"><div class=\"vc_empty_space\"   style=\"height: 52px\"><span class=\"vc_empty_space_inner\"><\/span><\/div><\/div><\/div><\/div><\/div><\/div><div  class=\"sec_row container\"><div class=\"vc_row wpb_row vc_row-fluid\"><div class=\"wpb_column vc_column_container vc_col-sm-4 et-dark-column\"><div class=\"vc_column-inner\"><div class=\"wpb_wrapper\"><div class=\"vc_empty_space\"   style=\"height: 10px\"><span class=\"vc_empty_space_inner\"><\/span><\/div>\n\t<div  class=\"wpb_single_image wpb_content_element vc_align_center\">\n\t\t\n\t\t<figure class=\"wpb_wrapper vc_figure\">\n\t\t\t<div class=\"vc_single_image-wrapper   vc_box_border_grey\"><img decoding=\"async\" class=\"vc_single_image-img \" src=\"https:\/\/test.feurich.com\/wp-content\/uploads\/diapason-or-1-220x220.png\" width=\"220\" height=\"220\" alt=\"diapason D&#039;OR, LOGO\" title=\"diapason D&#039;OR\" loading=\"lazy\" \/><\/div>\n\t\t<\/figure>\n\t<\/div>\n<\/div><\/div><\/div><div class=\"wpb_column vc_column_container vc_col-sm-8 et-dark-column\"><div class=\"vc_column-inner\"><div class=\"wpb_wrapper\">\n\t<div class=\"wpb_text_column wpb_content_element   big-title\" >\n\t\t<div class=\"wpb_wrapper\">\n\t\t\t<p>\ub2e4\uc774\uc544\ud398\uc774\uc190 \ub3c4\uc5b4(DIAPASON D\u2019OR)<\/p>\n\n\t\t<\/div>\n\t<\/div>\n\n\t<div class=\"wpb_text_column wpb_content_element  \" >\n\t\t<div class=\"wpb_wrapper\">\n\t\t\t<p>Das renommierte franz\u00f6sische Fachmagazin <a href=\"https:\/\/www.diapasonmag.fr\">Diapason<\/a>\u00a0vergibt neben einem monatlichen Schallplattenpreis f\u00fcr klassische Musik auch j\u00e4hrlich eine Auszeichnung f\u00fcr Pianos und Klaviere. Der Diapason D\u2019OR gilt neben dem \u201ePreis der deutschen Schallplattenkritik\u201c und dem britischen \u201eGramophone Award\u201c als einer der bedeutendsten Schallplattenpreise f\u00fcr klassische Musik.<\/p>\n<p>Mehrere Pianisten testen die Klaviere in einem objektiven Blindtest zu identischen akustischen Bedingungen.<\/p>\n<h3>FEURICH Pianos und Fl\u00fcgel wurden bereits drei Mal<br \/>\nmit dem Diapason D\u2019OR ausgezeichnet:<\/h3>\n<p><strong><span style=\"font-size: 14pt\">2007 &amp; 2011: FEURICH Mod. 122 \u2013 Universal<\/span><br \/>\n<\/strong>Ein PDF mit dem Originalartikel von 2011 und einer \u00dcbersetzung gibt es <a href=\"\/wp-content\/uploads\/DIAPASON-2011-fu\u0308r-FEURICH-122-Deutsch.pdf\" target=\"_blank\" rel=\"noopener\">HIER<\/a>.<\/p>\n<p><span style=\"font-size: 14pt\"><strong>2008: Mod. 178\u00a0<\/strong><\/span> (Vorg\u00e4ngermodell des FEURICH Mod. 179 \u2013 Dynamic II)<br \/>\nDer DIAPASON d\u2019or wurde uns f\u00fcr den Fl\u00fcgel FEURICH Mod. 178 \u2013 Professional II verliehen. Das war f\u00fcr uns nicht nur eine Best\u00e4tigung unserer Arbeit, sondern zugleich Ansporn, dieses Piano noch weiter zu perfektionieren. F\u00fcr das Nachfolger-Modell FEURICH Mod. 179 \u2013 Dynamic II haben wir eine F\u00fclle weiterer Verbesserungen und Innovationen integriert.<br \/>\nEin PDF mit dem Originalartikel und einer \u00dcbersetzung gibt es <a href=\"\/wp-content\/uploads\/DIAPASON-2008-fu\u0308r-FEURICH-178-Deutsch.pdf\" target=\"_blank\" rel=\"noopener\">HIER<\/a>.<\/p>\n\n\t\t<\/div>\n\t<\/div>\n<\/div><\/div><\/div><\/div><\/div><div  class=\"sec_row container\"><div class=\"vc_row wpb_row vc_row-fluid\"><div class=\"wpb_column vc_column_container vc_col-sm-4 et-dark-column\"><div class=\"vc_column-inner\"><div class=\"wpb_wrapper\"><div class=\"vc_empty_space\"   style=\"height: 42px\"><span class=\"vc_empty_space_inner\"><\/span><\/div>\n\t<div  class=\"wpb_single_image wpb_content_element vc_align_center\">\n\t\t\n\t\t<figure class=\"wpb_wrapper vc_figure\">\n\t\t\t<div class=\"vc_single_image-wrapper   vc_box_border_grey\"><img loading=\"lazy\" decoding=\"async\" width=\"300\" height=\"156\" src=\"https:\/\/test.feurich.com\/wp-content\/uploads\/Pianiste_Maestro_Logo-300x156.jpg\" class=\"vc_single_image-img attachment-medium\" alt=\"\" title=\"Pianiste_Maestro_Logo\" srcset=\"https:\/\/test.feurich.com\/wp-content\/uploads\/Pianiste_Maestro_Logo-300x156.jpg 300w, https:\/\/test.feurich.com\/wp-content\/uploads\/Pianiste_Maestro_Logo.jpg 350w\" sizes=\"(max-width: 300px) 100vw, 300px\" \/><\/div>\n\t\t<\/figure>\n\t<\/div>\n<\/div><\/div><\/div><div class=\"wpb_column vc_column_container vc_col-sm-8 et-dark-column\"><div class=\"vc_column-inner\"><div class=\"wpb_wrapper\"><div class=\"vc_empty_space\"   style=\"height: 32px\"><span class=\"vc_empty_space_inner\"><\/span><\/div>\n\t<div class=\"wpb_text_column wpb_content_element   big-title\" >\n\t\t<div class=\"wpb_wrapper\">\n\t\t\t<p>\ud53c\uc544\ub2c8\uc2a4\ud2b8 \ub9c8\uc5d0\uc2a4\ud2b8\ub85c(PIANISTE MAESTRO)<\/p>\n\n\t\t<\/div>\n\t<\/div>\n\n\t<div class=\"wpb_text_column wpb_content_element  \" >\n\t\t<div class=\"wpb_wrapper\">\n\t\t\t<p>\uad6d\uc81c\uc801\uc73c\ub85c \uc778\uc815\ubc1b\ub294 \ud504\ub791\uc2a4 \uc7a1\uc9c0 <a href=\"http:\/\/www.pianiste.fr\/\">Pianiste<\/a>\ub294 \uc815\uae30\uc801\uc73c\ub85c \uc0c8\ub85c\uc6b4 \ud53c\uc544\ub178\ub97c \ud14c\uc2a4\ud2b8 \ud569\ub2c8\ub2e4. \uc18c\uc704 \uc720\uba85 \uc81c\uc870\uc5c5\uccb4\ub4e4\uc758 \uc0c1\uc704 \uac00\uaca9\ub300 \uc545\uae30\uc870\ucc28\ub3c4 \uc57d\uc810\ub4e4\uc774 \ub178\ucd9c \ub429\ub2c8\ub2e4.<\/p>\n<p><strong>\uc6b0\ub9ac\uc758 \uc0c8\ub86d\uace0 \ud601\uc2e0\uc801\uc778 &#8220;Wien-Klavier&#8221; FEURICH Mod. 123 &#8211; Vienna\ub294 \ubaa8\ub4e0\uba74\uc5d0\uc11c \ud488\uc9c8\uc774 \uc99d\uba85 \ub418\uc5c8\uc73c\uba70 &#8220;PIANISTE MAESTRO&#8221;\ub77c\ub294 \uce6d\ud638\ub97c \ubc1b\uc558\uc2b5\ub2c8\ub2e4.<\/strong><\/p>\n\n\t\t<\/div>\n\t<\/div>\n<\/div><\/div><\/div><\/div><\/div><div  class=\"sec_row container\"><div class=\"vc_row wpb_row vc_row-fluid\"><div class=\"wpb_column vc_column_container vc_col-sm-12 et-dark-column\"><div class=\"vc_column-inner\"><div class=\"wpb_wrapper\"><div class=\"vc_empty_space\"   style=\"height: 26px\"><span class=\"vc_empty_space_inner\"><\/span><\/div><\/div><\/div><\/div><\/div><\/div>\n<\/div>","protected":false},"excerpt":{"rendered":"\ub2e4\uc774\uc544\ud398\uc774\uc190 \ub3c4\uc5b4(DIAPASON D\u2019OR) Das renommierte franz\u00f6sische Fachmagazin Diapason\u00a0vergibt neben einem monatlichen Schallplattenpreis f\u00fcr klassische Musik auch j\u00e4hrlich eine Auszeichnung f\u00fcr Pianos und Klaviere. Der Diapason D\u2019OR gilt neben dem \u201ePreis der deutschen Schallplattenkritik\u201c und dem britischen \u201eGramophone Award\u201c als einer der bedeutendsten Schallplattenpreise f\u00fcr klassische Musik. Mehrere Pianisten testen die&hellip;","protected":false},"author":4,"featured_media":0,"parent":9087,"menu_order":0,"comment_status":"closed","ping_status":"closed","template":"template-fullwidth.php","meta":{"inline_featured_image":false,"footnotes":""},"class_list":["post-9073","page","type-page","status-publish","hentry"],"acf":[],"_links":{"self":[{"href":"https:\/\/test.feurich.com\/ko\/wp-json\/wp\/v2\/pages\/9073"}],"collection":[{"href":"https:\/\/test.feurich.com\/ko\/wp-json\/wp\/v2\/pages"}],"about":[{"href":"https:\/\/test.feurich.com\/ko\/wp-json\/wp\/v2\/types\/page"}],"author":[{"embeddable":true,"href":"https:\/\/test.feurich.com\/ko\/wp-json\/wp\/v2\/users\/4"}],"replies":[{"embeddable":true,"href":"https:\/\/test.feurich.com\/ko\/wp-json\/wp\/v2\/comments?post=9073"}],"version-history":[{"count":18,"href":"https:\/\/test.feurich.com\/ko\/wp-json\/wp\/v2\/pages\/9073\/revisions"}],"predecessor-version":[{"id":10752,"href":"https:\/\/test.feurich.com\/ko\/wp-json\/wp\/v2\/pages\/9073\/revisions\/10752"}],"up":[{"embeddable":true,"href":"https:\/\/test.feurich.com\/ko\/wp-json\/wp\/v2\/pages\/9087"}],"wp:attachment":[{"href":"https:\/\/test.feurich.com\/ko\/wp-json\/wp\/v2\/media?parent=9073"}],"curies":[{"name":"wp","href":"https:\/\/api.w.org\/{rel}","templated":true}]}}