{"id":9193,"date":"2018-01-18T11:36:04","date_gmt":"2018-01-18T11:36:04","guid":{"rendered":"https:\/\/www.feurich.com\/%eb%b0%94%ec%9d%bc%eb%a6%b0bailin-%ec%97%90%eb%a5%b4%eb%84%a4%ec%8a%a4%ed%81%ac-%eb%b9%84%ed%8a%b8%eb%84%88ernest-bittner\/"},"modified":"2018-07-30T20:37:22","modified_gmt":"2018-07-30T20:37:22","slug":"%eb%b0%94%ec%9d%bc%eb%a6%b0bailin-%ec%97%90%eb%a5%b4%eb%84%a4%ec%8a%a4%ed%81%ac-%eb%b9%84%ed%8a%b8%eb%84%88ernest-bittner","status":"publish","type":"page","link":"https:\/\/test.feurich.com\/ko\/%ed%9a%8c%ec%82%ac-%ec%86%8c%ea%b0%9c\/%eb%b0%94%ec%9d%bc%eb%a6%b0bailin-%ec%97%90%eb%a5%b4%eb%84%a4%ec%8a%a4%ed%81%ac-%eb%b9%84%ed%8a%b8%eb%84%88ernest-bittner\/","title":{"rendered":"\ubc14\uc77c\ub9b0(Bailin) &amp; \uc5d0\ub974\ub124\uc2a4\ud06c \ube44\ud2b8\ub108(Ernest Bittner)"},"content":{"rendered":"<div class=\"wpb-content-wrapper\"><div  class=\"sec_row container\"><div class=\"vc_row wpb_row vc_row-fluid\"><div class=\"wpb_column vc_column_container vc_col-sm-12 et-dark-column\"><div class=\"vc_column-inner\"><div class=\"wpb_wrapper\"><div class=\"vc_empty_space\"   style=\"height: 32px\"><span class=\"vc_empty_space_inner\"><\/span><\/div>\n\t<div class=\"wpb_text_column wpb_content_element   big-title\" >\n\t\t<div class=\"wpb_wrapper\">\n\t\t\t<p style=\"text-align: center;\">\ubc14\uc77c\ub9b0(Bailin) &amp; \uc5d0\ub974\ub124\uc2a4\ud06c \ube44\ud2b8\ub108(Ernest Bittner)<\/p>\n\n\t\t<\/div>\n\t<\/div>\n<div class=\"vc_empty_space\"   style=\"height: 24px\"><span class=\"vc_empty_space_inner\"><\/span><\/div><\/div><\/div><\/div><\/div><\/div><div  class=\"sec_row container\"><div class=\"vc_row wpb_row vc_row-fluid\"><div class=\"wpb_column vc_column_container vc_col-sm-4 et-dark-column\"><div class=\"vc_column-inner\"><div class=\"wpb_wrapper\">\n\t<div  class=\"wpb_single_image wpb_content_element vc_align_left\">\n\t\t\n\t\t<figure class=\"wpb_wrapper vc_figure\">\n\t\t\t<div class=\"vc_single_image-wrapper   vc_box_border_grey\"><img loading=\"lazy\" decoding=\"async\" width=\"1024\" height=\"683\" src=\"https:\/\/test.feurich.com\/wp-content\/uploads\/Lin-Ernest-FEURICH-179-Dynamic-II-1071x476-1024x683.jpg\" class=\"vc_single_image-img attachment-large\" alt=\"\" title=\"Lin &amp; Ernest, FEURICH 179 - Dynamic II\" srcset=\"https:\/\/test.feurich.com\/wp-content\/uploads\/Lin-Ernest-FEURICH-179-Dynamic-II-1071x476-1024x683.jpg 1024w, https:\/\/test.feurich.com\/wp-content\/uploads\/Lin-Ernest-FEURICH-179-Dynamic-II-1071x476-450x300.jpg 450w, https:\/\/test.feurich.com\/wp-content\/uploads\/Lin-Ernest-FEURICH-179-Dynamic-II-1071x476-1000x667.jpg 1000w, https:\/\/test.feurich.com\/wp-content\/uploads\/Lin-Ernest-FEURICH-179-Dynamic-II-1071x476-300x200.jpg 300w, https:\/\/test.feurich.com\/wp-content\/uploads\/Lin-Ernest-FEURICH-179-Dynamic-II-1071x476-768x512.jpg 768w, https:\/\/test.feurich.com\/wp-content\/uploads\/Lin-Ernest-FEURICH-179-Dynamic-II-1071x476-800x533.jpg 800w, https:\/\/test.feurich.com\/wp-content\/uploads\/Lin-Ernest-FEURICH-179-Dynamic-II-1071x476.jpg 1071w\" sizes=\"(max-width: 1024px) 100vw, 1024px\" \/><\/div>\n\t\t<\/figure>\n\t<\/div>\n<div class=\"vc_empty_space\"   style=\"height: 32px\"><span class=\"vc_empty_space_inner\"><\/span><\/div>\n\t<div class=\"wpb_text_column wpb_content_element  \" >\n\t\t<div class=\"wpb_wrapper\">\n\t\t\t<p>[feurich_vid youtube=&#8221;3SvQuuv7lCc&#8221; youku=&#8221;XMzI4MTg3MDEyNA==&#8221;]<\/p>\n\n\t\t<\/div>\n\t<\/div>\n<div class=\"vc_empty_space\"   style=\"height: 32px\"><span class=\"vc_empty_space_inner\"><\/span><\/div><\/div><\/div><\/div><div class=\"wpb_column vc_column_container vc_col-sm-8 et-dark-column\"><div class=\"vc_column-inner\"><div class=\"wpb_wrapper\">\n\t<div class=\"wpb_text_column wpb_content_element  \" >\n\t\t<div class=\"wpb_wrapper\">\n\t\t\t<p><span style=\"font-size: 14pt;\"><strong>\uac00\uc871 \ube44\uc988\ub2c8\uc2a4 &amp; \uc74c\uc545\uc5d0 \ub300\ud55c \uc5f4\uc815 &#8230;<\/strong><\/span><\/p>\n<p><span id=\"result_box\" class=\"\" lang=\"ko\"><span title=\"Bailin und Ernest kennen sich seit ihrer Schulzeit, wo sie sich am Wiener BRG Boerhaavegasse um das beste Klavierzimmer stritten.\">Bailin\uacfc Ernest\ub294 \ud559\ucc3d \uc2dc\uc808 \ube44\uc5d4\ub098\uc758 BRG Boerhaavegasse\uc5d0\uc11c \uc88b\uc740 \ud53c\uc544\ub178 \ub8f8\ub54c\ubb38\uc5d0 \ub17c\uc7c1\uc774 \ub418\uc5b4 \uc11c\ub85c\ub97c \uc54c\uac8c \ub418\uc5c8\uc2b5\ub2c8\ub2e4. \uc5d0\ub974\ub124\uc2a4\ud2b8(<\/span><span title=\"Ernest studierte im Anschluss Komposition und Saxophon an der Universit\u00e4t f\u00fcr Musik und Darstellende Kunst, Bailin inskribierte an der Wiener Universit\u00e4t f\u00fcr Medizin.\">Ernest)\ub294 \ube44\uc5d4\ub098 \uc74c\uc545\u00a0 \ub300\ud559 (University of Music and Performing Arts)\uc5d0\uc11c \uc791\uace1\uacfc \uc0c9\uc18c\ud3f0\uc744 \uacf5\ubd80\ud588\uc73c\uba70 \ubc14\uc77c\ub9b0(Bailin)\uc740 \ube44\uc5d4\ub098 \uc758\uacfc \ub300\ud559 (Vienna University of Medicine)\uc5d0 \ub4f1\ub85d \ud55c \uc0c1\ud0dc\uc600\uc2b5\ub2c8\ub2e4.\u00a0<\/span><span title=\"Bereits w\u00e4hrend ihres Studiums gr\u00fcndeten die beiden 1997 mit Freunden das Musikprobe- und Aufnahme-Zentrum \u201et-on\u201c beim Wiener Naschmarkt.\">\ud559\ucc3d\uc2dc\uc808 \ub450 \uc0ac\ub78c\uc740 1997 \ub144 \ube44\uc5d4\ub098 \ub098\uc26c \ub9c8\ud2b8 (Viennese Naschmarkt)\uc5d0\uc11c \uce5c\uad6c\uc640\ub4e4\uacfc\ud568\uaed8 \uc74c\uc545 \ub9ac\ud5c8\uc124 \ubc0f \ub179\uc74c \uc13c\ud130 <span style=\"color: #00ccff;\">&#8220;t-on&#8221;\u00a0<\/span>\uc744 \uc124\ub9bd\ud588\uc2b5\ub2c8\ub2e4. \uadf8\uc640\u00a0<\/span><span title=\"Gleichzeitig verdiente sich Ernest mit dem Stimmen von Klavieren regelm\u00e4\u00dfig etwas dazu.\">\ub3d9\uc2dc\uc5d0 Ernest\ub294 \ud53c\uc544\ub178 \uc18c\ub9ac\ub85c \uc815\uae30\uc801\uc778 \uc218\uc785\uc744 \uc5bb\uace0 \uc788\uc5c8\uc2b5\ub2c8\ub2e4.\u00a0<\/span><span title=\"Dabei h\u00f6rte er immer wieder, wie unerschwinglich neue Instrumente f\u00fcr viele Familien sind und wie die Unkenntnis von K\u00e4ufern am Gebrauchtmarkt ausgen\u00fctzt wird.\">\uadf8\ub7ec\uba74\uc11c, \uadf8\ub294 \uc545\uae30 \uad6c\uc785\uc774 \ub9ce\uc740 \uac00\uc871 \ub4e4\uc5d0\uac8c \uc5bc\ub9c8\ub098 \ud798\ub4e0 \uc77c\uc778\uc9c0, \uadf8\ub9ac\uace0 \uc911\uace0 \uc2dc\uc7a5\uc5d0\uc11c \uad6c\ub9e4\uc790\uc758 \ubb34\uc9c0\uac00 \uc5b4\ub5bb\uac8c \uc545\uc6a9\ub418\ub294\uc9c0 \uacc4\uc18d\ud574\uc11c \ub4e4\uc5c8\uc2b5\ub2c8\ub2e4.\u00a0<\/span><span title=\"Das meist m\u00fchsam gesparte Geld ist dahin und der Traum vom Klavier auch.\">\ud798\ub4e4\uac8c \uc808\uc57d \ub41c \ub3c8\uc740 \uc0ac\ub77c\uc9c0\uace0 \ud53c\uc544\ub178\uc5d0 \ub300\ud55c \uafc8\ub3c4 \ub9c8\ucc2c\uac00\uc9c0\uc785\ub2c8\ub2e4.\u00a0<\/span><span title=\"Dieser Zustand in der Stadt der Musik \u00e4rgerte die beiden ma\u00dflos und sie waren entschlossen, etwas zu \u00e4ndern. \">\uc74c\uc545\ub3c4\uc2dc\uc758 \uc774\ub7f0 \uc0c1\ud0dc\ub294 \ub450 \uc0ac\ub78c\uc744 \ud654\ub098\uac8c\ud588\uace0 \uadf8\ub4e4\uc740 \ubb54\uac00\ub97c \ubc14\uafc0 \uacb0\uc2ec\uc744 \ud588\uc2b5\ub2c8\ub2e4.<\/span><\/span><\/p>\n<p><span title=\"ALLES F\u00dcR'S PERFEKTE KLAVIER ... \"><strong>\uc644\ubcbd\ud55c \ud53c\uc544\ub178\ub97c\uc704\ud55c \ubaa8\ub4e0 \uac83 &#8230;<\/strong><br \/>\n<\/span><\/p>\n<div class=\"trans-verified-button-small\" dir=\"ltr\">\n<p><span id=\"result_box\" class=\"\" lang=\"ko\"><span title=\"1998 er\u00f6ffneten Bailin und Ernest ihre erste KLAVIERgalerie in der Wiener Andreasgasse, nahe der Mariahilfer Stra\u00dfe.\">1998 \ub144 Bailin\uacfc Ernest\ub294 Mariahilfer Strasse \uadfc\ucc98\uc758 \ube44\uc5d4\ub098 \uc548\ub4dc\ub808\uc544\uc2a4 \uac00\uc138 (Andreasgasse)\uc5d0\uc11c \uccab \ubc88\uc9f8 PIANO \uac24\ub7ec\ub9ac(<span style=\"color: #00ccff;\">KLAVIER galerie<\/span>)\ub97c \uc5f4\uc5c8\uc2b5\ub2c8\ub2e4.\u00a0<\/span><span title=\"Auf 120 m\u00b2 verkauften sie sorgf\u00e4ltig ausgew\u00e4hlte gebrauchte, preisg\u00fcnstige Klaviere.\">120m\u00b2 \ud06c\uae30\uc758 \uac24\ub7ec\ub9ac\uc5d0\uc11c \uc2e0\uc911\ud558\uac8c \uc120\ubcc4\ub41c \uc800\ub834\ud55c \ud53c\uc544\ub178\ub97c \ud310\ub9e4\ud588\uc2b5\ub2c8\ub2e4.\u00a0<\/span><span title=\"Nach ihrer Hochzeitsreise 1999 nach Asien war beiden endg\u00fcltig klar, dass sie \u201ebefl\u00fcgelt\u201c sein wollten.\">1999 \ub144 \uc544\uc2dc\uc544\ub85c \uc2e0\ud63c \uc5ec\ud589\uc744 \ub9c8\uce58\uace0 \ub9c8\uce68\ub0b4 \uadf8\ub4e4\uc740 \ub354 \ud070 \ube44\uc0c1\uc744 \uc6d0\ud558\uace0 \uc788\ub2e4\ub294 \uac83\uc744 \uae68\ub2ec\uc558\uc2b5\ub2c8\ub2e4.\u00a0<\/span><span title=\"Auf ihrer Reise besuchten sie insgesamt sieben Klavierfabriken und zahlreiche Klaviergesch\u00e4fte.\">\uadf8\ub4e4\uc740 \ucd1d 7 \uac1c\uc758 \ud53c\uc544\ub178 \uacf5\uc7a5\uacfc \uc218\ub9ce\uc740 \ud53c\uc544\ub178 \uc0f5\uc744 \ubc29\ubb38\ud588\uc2b5\ub2c8\ub2e4.\u00a0<\/span><span title=\"Sie erkannten das gro\u00dfe Potenzial der Klavierproduktionen in China \u2013 trotz enormer Qualit\u00e4tsschwankungen aufgrund fehlender Qualit\u00e4tsstandards.\">\uadf8\ub4e4\uc740 \ud488\uc9c8 \uae30\uc900\uc758 \ubd80\uc871\uc73c\ub85c \uc778\ud574 \ud488\uc9c8\uc5d0 \uc5c4\uccad\ub09c \ubd88\uc548\uc815\uc774\u00a0 \uc788\uc5c8\uc74c\uc5d0\ub3c4 \ubd88\uad6c\ud558\uace0 \uc911\uad6d\uc5d0\uc11c \ud53c\uc544\ub178 \uc791\ud488\uc758 \uc704\ub300\ud55c \uc7a0\uc7ac\ub825\uc744 \uc778\uc2dd\ud588\uc2b5\ub2c8\ub2e4.\u00a0<\/span><span title=\"Sie begeisterten sich f\u00fcr die Idee, europ\u00e4isches Know-how nach China zu bringen, um so eine perfekte Symbiose von traditionellem, fachlichem Spezialwissen und moderner Produktion zu schaffen. \">\uadf8\ub4e4\uc740 \uc804\ud1b5\uc801\uc774\uace0 \uc804\ubb38\uc801\uc778 \uae30\uc220 \uc9c0\uc2dd\uacfc \ud604\ub300\uc801\uc778 \uc0dd\uc0b0\uc758 \uc644\ubcbd\ud55c \uacf5\uc0dd\uc744 \ucc3d\uc870\ud558\uae30 \uc704\ud574 \uc720\ub7fd\uc758 \ub178\ud558\uc6b0\ub97c \uc911\uad6d\uc5d0 \uac00\uc838 \uc624\uae30 \uc704\ud55c \uc544\uc774\ub514\uc5b4\uc5d0 \uc5f4\uc911\ud588\uc2b5\ub2c8\ub2e4.<\/span><\/span><\/p>\n<p><span title=\"DIE NADEL IM HEUHAUFEN ... \"><span style=\"font-size: 14pt;\"><strong>\ubccf\uc9da\uc5d0\uc11c \ubc14\ub298 \ucc3e\uae30&#8230;<\/strong><\/span><br \/>\n<\/span><\/p>\n<\/div>\n<div dir=\"ltr\"><\/div>\n<div class=\"trans-verified-button-small\" dir=\"ltr\">\n<p><span id=\"result_box\" class=\"\" lang=\"ko\"><span title=\"Die erste Kooperation mit einer staatlichen chinesischen Klavierproduktion wurde gestartet.\">\uc911\uad6d \uad6d\uc601 \ud53c\uc544\ub178 \uc81c\uc791\uacfc\uc758 \uccab \ud611\ub825\uc774 \uc2dc\uc791\ub418\uc5c8\uc2b5\ub2c8\ub2e4.\u00a0<\/span><span title=\"Durch komplizierte B\u00fcrokratie und oft wechselnde F\u00fchrungskr\u00e4fte konnte man jedoch jahrelang keine signifikante Verbesserung erreichen.\">\uadf8\ub7ec\ub098 \ubcf5\uc7a1\ud55c \uad00\ub8cc\uc8fc\uc758\uc640 \uc7a6\uc740 \uacbd\uc601\uc9c4\uc758 \ubcc0\ud654\ub85c \uc778\ud574 \uc218\ub144 \ub3d9\uc548 \ud070 \ubc1c\uc804\uc744 \uc774\ub8e8\uc9c0 \ubabb\ud588\uc2b5\ub2c8\ub2e4.\u00a0<\/span><span title=\"Die Empfehlung eines chinesischen Freundes der Familie brachte dann die entscheidende Wende.\">\uac00\uc871\uc758 \uc911\uad6d \uce5c\uad6c\uc758 \ucd94\ucc9c\uc740 \uadf8 \ub54c \ub2e8\ud638\ud55c \uc804\ud658\uc810\uc744 \uac00\uc838\uc654\uc2b5\ub2c8\ub2e4.\u00a0<\/span><span title=\"Bailin und Ernest wurden auf einen privaten Klaviereinzelteilehersteller in Ningbo aufmerksam.\">Bailin\uacfc Ernest\ub294 Ningbo\uc5d0\uc11c \uac1c\uc778 \ud53c\uc544\ub178 \ubd80\ud488 \u200b\u200b\uc81c\uc870\uc0ac\ub97c \uc54c\uac8c\ub418\uc5c8\uc2b5\ub2c8\ub2e4.\u00a0<\/span><span title=\"Das war der Beginn einer bis jetzt andauernden, erfolgreichen und intensiven Zusammenarbeit.\">\uadf8\uac83\uc774 \uc9c0\uc18d\uc801\uc73c\ub85c \uc131\uacf5\uc801\uc774\uace0 \uc9d1\uc911\uc801 \uc778 \ud611\ub825\uc758 \uc2dc\uc791\uc774\uc5c8\uc2b5\ub2c8\ub2e4.\u00a0<\/span><span title=\"Die hohen europ\u00e4ischen Qualit\u00e4tsstandards und die Hightech-Pr\u00e4zisionsmaschinen in der chinesischen Fabrik bilden die perfekte Symbiose, um hochwertigste Klaviere zu einem unglaublichen Preis-Leistungs-Verh\u00e4ltnis zu entwickeln und zu bauen. \">\ub192\uc740 \uc720\ub7fd\uc758 \ud488\uc9c8 \ud45c\uc900\uacfc \uc911\uad6d \uacf5\uc7a5\uc758 \ucca8\ub2e8 \uc815\ubc00 \uae30\uacc4\ub294 \ubbff\uc744 \uc218\uc5c6\ub294 \uac00\uaca9 \ub300\ube44 \uc131\ub2a5\uc73c\ub85c \uace0\ud488\uc9c8\uc758 \ud53c\uc544\ub178\ub97c \uc704\ud55c \uac1c\ubc1c \ubc0f \uad6c\ucd95\uc758 \uc644\ubcbd\ud55c \uacf5\uc0dd\uc744 \ud615\uc131\ud569\ub2c8\ub2e4.<\/span><\/span><\/p>\n<p><span title=\"DER KLAVIERBAU IST WIEDER DAHEIM IN WIEN \"><span style=\"font-size: 14pt;\"><strong>\ube44\uc5d4\ub098\uc758 \uc9d1\uc73c\ub85c \ub2e4\uc2dc \ub3cc\uc544 \uac04 \ud53c\uc544\ub178 \uc81c\uc791.<\/strong><\/span><br \/>\n<\/span><\/p>\n<\/div>\n<div dir=\"ltr\"><\/div>\n<div class=\"trans-verified-button-small\" dir=\"ltr\"><span id=\"result_box\" class=\"\" lang=\"ko\"><span title=\"In den vergangenen Jahren haben Bailin und Ernest das internationale technische FEURICH-Team stets erweitert und keine M\u00fchen gescheut, um komplizierte Innovationen im Klavierbau umzusetzen.\">\ucd5c\uadfc \uba87 \ub144 \ub3d9\uc548 Bailin\uacfc Ernest\ub294 \uad6d\uc81c FEURICH \uae30\uc220 \ud300\uc744 \uc9c0\uc18d\uc801\uc73c\ub85c \ud655\uc7a5\ud558\uace0 \ubcf5\uc7a1\ud55c \ud53c\uc544\ub178 \ud601\uc2e0\uc744 \uad6c\ud604\ud558\uae30 \uc704\ud574 \ub178\ub825\ud558\uc600\uc2b5\ub2c8\ub2e4.\u00a0<\/span><\/span>2016\ub144\uc5d0 Bailin\uacfc Ernest\ub294\u00a0<span title=\"Mit der Er\u00f6ffnung der KLAVIERmanufaktur in Wien haben sich Bailin und Ernest 2016 einen Traum erf\u00fcllt.\">\ube44\uc5d4\ub098\uc5d0\uc11c\u00a0 KLAVIERmanufaktur\uc758 \uac1c\uc7a5\uc73c\ub85c \uadf8\ub4e4\uc758 \uafc8\uc744 \uc774\ub8e8\uc5c8\uc2b5\ub2c8\ub2e4.<\/span><span title=\"Einerseits, weil hier eines der innovativsten und modernsten Pianos der Welt gebaut wird und andererseits, weil eine Wiederbelebung dieser historischen Tradition in der Musikstadt Wien eine Herzensangelegenheit f\u00fcr sie ist.\">\u00a0\ud55c\ud3b8\uc73c\ub85c \uc138\uacc4\uc5d0\uc11c \uac00\uc7a5 \ud601\uc2e0\uc801\uc774\uace0 \ud604\ub300\uc801\uc778 \ud53c\uc544\ub178 \uc911 \ud558\ub098\uac00 \uc5ec\uae30\uc5d0\uc11c \ub9cc\ub4e4\uc5b4 \uc9c0\uae30 \ub54c\ubb38\uc774\uba70 \ub2e4\ub978 \ud55c\ud3b8\uc73c\ub85c\ub294 \uc74c\uc545 \ube44\uc5d4\ub098\uc2dc\uc5d0\uc11c\uc758 \uc5ed\uc0ac\uc801\uc778 \uc804\ud1b5\uc758 \ubd80\ud65c\uc740 \uadf8\ub140\uac00 \uac00\uc7a5 \uc6d0\ud558\ub294 \uc77c\uc774\uc600\uae30 \ub54c\ubb38\uc785\ub2c8\ub2e4. \uadf8\ub4e4\uc758\u00a0<\/span>\ub450 \uc790\ub140<span title=\"Einerseits, weil hier eines der innovativsten und modernsten Pianos der Welt gebaut wird und andererseits, weil eine Wiederbelebung dieser historischen Tradition in der Musikstadt Wien eine Herzensangelegenheit f\u00fcr sie ist.\">\u00a0<\/span><span title=\"Die beiden Kinder Ennio und Loreen sind schon genauso musikbegeistert wie ihre Eltern und t\u00e4glich in der KLAVIERgalerie und der Werkst\u00e4tten von FEURICH zu finden. \">\uc5d4\ub2c8\uc624 (Ennio)\uc640 \ub85c\ub80c (Loreen)\uc740 \ubd80\ubaa8\ub2d8\uc758 \uc74c\uc545\uc5d0 \uc5f4\uad11\ud558\uba70 KLAVIER<em>galerie\u00a0<\/em>\uc640 FEURICH\uc758 \uc6cc\ud06c\uc0f5\uc5d0\uc11c \ub9e4\uc77c \ubcfc \uc218 \uc788\uc2b5\ub2c8\ub2e4.<\/span><\/div>\n<div class=\"trans-verified-button-small\" dir=\"ltr\"><span class=\"\" lang=\"ko\"><span title=\"Die beiden Kinder Ennio und Loreen sind schon genauso musikbegeistert wie ihre Eltern und t\u00e4glich in der KLAVIERgalerie und der Werkst\u00e4tten von FEURICH zu finden. \"><br \/>\n<\/span><span title=\"\u201eUnsere Vision: Wir wollen Pianos und Klaviere mit sinnvollen Innovationen schaffen und m\u00f6glichst vielen musikbegeisterten Menschen auf dieser Welt Freude mit ihrem eigenen Klavier bereiten!\u201c (Bailin &amp; Ernest)\"><em>&#8220;\uc6b0\ub9ac\uc758 \ube44\uc804 : \uc6b0\ub9ac\ub294 \uc758\ubbf8\uc788\ub294 \ud601\uc2e0\uc73c\ub85c \ud53c\uc544\ub178\ub97c \ub9cc\ub4e4\uace0 \uc774 \uc138\uc0c1\uc758 \uc74c\uc545\uc744 \uc0ac\ub791\ud558\ub294 \uc0ac\ub78c\ub4e4\uc5d0\uac8c \uc790\uc2e0\uc758 \ud53c\uc544\ub178\ub85c \uae30\uc068\uc744 \ub4dc\ub9ac\uace0 \uc2f6\uc2b5\ub2c8\ub2e4!&#8221;<\/em>(Bailin &amp; Ernest)<\/span><\/span><\/div>\n\n\t\t<\/div>\n\t<\/div>\n<\/div><\/div><\/div><\/div><\/div>\n<\/div>","protected":false},"excerpt":{"rendered":"<p>\uc6b0\ub9ac\uc758 \ube44\uc804 : \uc758\ubbf8\uc788\ub294 \ud601\uc2e0\uc73c\ub85c \ud53c\uc544\ub178\ub97c \ub9cc\ub4e4\uace0,\uc774 \uc138\uc0c1\uc758 \uc74c\uc545\uc744 \uc0ac\ub791\ud558\ub294 \uc0ac\ub78c\ub4e4\uc744 \uac00\ub2a5\ud55c \ud55c \ub9ce\uc774 \ud53c\uc544\ub178\ub85c \uae30\uc068\uc744 \ub4dc\ub9ac\uace0 \uc2f6\uc2b5\ub2c8\ub2e4.<\/p>\n","protected":false},"author":4,"featured_media":0,"parent":9241,"menu_order":0,"comment_status":"closed","ping_status":"closed","template":"template-fullwidth.php","meta":{"inline_featured_image":false,"footnotes":""},"class_list":["post-9193","page","type-page","status-publish","hentry"],"acf":[],"_links":{"self":[{"href":"https:\/\/test.feurich.com\/ko\/wp-json\/wp\/v2\/pages\/9193"}],"collection":[{"href":"https:\/\/test.feurich.com\/ko\/wp-json\/wp\/v2\/pages"}],"about":[{"href":"https:\/\/test.feurich.com\/ko\/wp-json\/wp\/v2\/types\/page"}],"author":[{"embeddable":true,"href":"https:\/\/test.feurich.com\/ko\/wp-json\/wp\/v2\/users\/4"}],"replies":[{"embeddable":true,"href":"https:\/\/test.feurich.com\/ko\/wp-json\/wp\/v2\/comments?post=9193"}],"version-history":[{"count":12,"href":"https:\/\/test.feurich.com\/ko\/wp-json\/wp\/v2\/pages\/9193\/revisions"}],"predecessor-version":[{"id":19621,"href":"https:\/\/test.feurich.com\/ko\/wp-json\/wp\/v2\/pages\/9193\/revisions\/19621"}],"up":[{"embeddable":true,"href":"https:\/\/test.feurich.com\/ko\/wp-json\/wp\/v2\/pages\/9241"}],"wp:attachment":[{"href":"https:\/\/test.feurich.com\/ko\/wp-json\/wp\/v2\/media?parent=9193"}],"curies":[{"name":"wp","href":"https:\/\/api.w.org\/{rel}","templated":true}]}}