{"id":14915,"date":"2018-05-01T10:47:27","date_gmt":"2018-05-01T10:47:27","guid":{"rendered":"https:\/\/www.feurich.com\/%d0%ba%d0%be%d0%bc%d0%b0%d0%bd%d0%b4%d0%b0-%d1%8d%d0%ba%d1%81%d0%bf%d0%b5%d1%80%d1%82%d0%be%d0%b2\/"},"modified":"2019-06-26T08:23:25","modified_gmt":"2019-06-26T08:23:25","slug":"%d0%ba%d0%be%d0%bc%d0%b0%d0%bd%d0%b4%d0%b0-%d1%8d%d0%ba%d1%81%d0%bf%d0%b5%d1%80%d1%82%d0%be%d0%b2","status":"publish","type":"page","link":"https:\/\/test.feurich.com\/ru\/%d0%be-%d0%bd%d0%b0%d1%81\/%d0%ba%d0%be%d0%bc%d0%b0%d0%bd%d0%b4%d0%b0-%d1%8d%d0%ba%d1%81%d0%bf%d0%b5%d1%80%d1%82%d0%be%d0%b2\/","title":{"rendered":"\u041a\u043e\u043c\u0430\u043d\u0434\u0430 \u044d\u043a\u0441\u043f\u0435\u0440\u0442\u043e\u0432"},"content":{"rendered":"<div class=\"wpb-content-wrapper\"><div  class=\"sec_row container\"><div class=\"vc_row wpb_row vc_row-fluid\"><div class=\"wpb_column vc_column_container vc_col-sm-2 et-dark-column\"><div class=\"vc_column-inner\"><div class=\"wpb_wrapper\"><\/div><\/div><\/div><div class=\"wpb_column vc_column_container vc_col-sm-8 et-dark-column\"><div class=\"vc_column-inner\"><div class=\"wpb_wrapper\"><div class=\"vc_empty_space\"   style=\"height: 44px\"><span class=\"vc_empty_space_inner\"><\/span><\/div>\n\t<div class=\"wpb_text_column wpb_content_element   big-title\" >\n\t\t<div class=\"wpb_wrapper\">\n\t\t\t<p style=\"text-align: center;\">FEURICH Experten-Team<\/p>\n\n\t\t<\/div>\n\t<\/div>\n<div class=\"vc_empty_space\"   style=\"height: 24px\"><span class=\"vc_empty_space_inner\"><\/span><\/div>\n\t<div class=\"wpb_text_column wpb_content_element  \" >\n\t\t<div class=\"wpb_wrapper\">\n\t\t\t<p><span style=\"font-size: 14pt;\">Wer gro\u00dfe Visionen hat und sein Handwerk bis ins kleinste Detail beherrscht, kann echte Innovationen vorantreiben. Nicht ohne Stolz stellen wir Ihnen unser internationales Expertenteam vor, das aus wahren Meisterinnen und Meistern ihres Fachs besteht, die ohne Unterlass verbessern, an v\u00f6llig neuen L\u00f6sungen t\u00fcfteln und immer wieder neue Wege gehen.<\/span><\/p>\n<p><span style=\"font-size: 14pt;\">Unsere Experten werden tagt\u00e4glich von unserem gesamten FEURICH-Team mit unvergleichlichem Engagement und viel Leidenschaft unterst\u00fctzt.<\/span><\/p>\n\n\t\t<\/div>\n\t<\/div>\n<div class=\"vc_empty_space\"   style=\"height: 24px\"><span class=\"vc_empty_space_inner\"><\/span><\/div><\/div><\/div><\/div><div class=\"wpb_column vc_column_container vc_col-sm-2 et-dark-column\"><div class=\"vc_column-inner\"><div class=\"wpb_wrapper\"><\/div><\/div><\/div><\/div><\/div><div  class=\"sec_row container\"><div class=\"vc_row wpb_row vc_row-fluid\"><div class=\"wpb_column vc_column_container vc_col-sm-4 et-dark-column\"><div class=\"vc_column-inner\"><div class=\"wpb_wrapper\">\n\t<div  class=\"wpb_single_image wpb_content_element vc_align_center\">\n\t\t\n\t\t<figure class=\"wpb_wrapper vc_figure\">\n\t\t\t<a href=\"?page_id=14753\" target=\"_self\" class=\"vc_single_image-wrapper   vc_box_border_grey\"><img decoding=\"async\" class=\"vc_single_image-img \" src=\"https:\/\/test.feurich.com\/wp-content\/uploads\/Jo\u0308rg_Wachler-360x260.jpg\" width=\"360\" height=\"260\" alt=\"J\u00f6rg Wachler\" title=\"Jo\u0308rg_Wachler\" loading=\"lazy\" \/><\/a>\n\t\t<\/figure>\n\t<\/div>\n\n\t<div class=\"wpb_text_column wpb_content_element   products-title\" >\n\t\t<div class=\"wpb_wrapper\">\n\t\t\t<p><a href=\"?page_id=14753\">\u0419\u043e\u0440\u0433 \u0412\u0430\u0445\u043b\u0435\u0440<\/a><\/p>\n\n\t\t<\/div>\n\t<\/div>\n\n\t<div class=\"wpb_text_column wpb_content_element  \" >\n\t\t<div class=\"wpb_wrapper\">\n\t\t\t<div data-canvas-width=\"324.0569125915081\"><strong>Chefintonateur FEURICH Wien &amp; Konzertstimmer<\/strong><\/div>\n<p>J\u00f6rg Wachler ist f\u00fcr die Endausarbeitung der Klaviere aus der FEURICH Wien Produktion verantwortlich und feilt unaufh\u00f6rlich an neuen Techniken sowie der Weiterentwicklung im Bereich Klangfarben\/Intonation. Er steht st\u00e4ndig im weltweiten Austausch mit unserem Team und unseren Partnern. <a href=\"https:\/\/test.feurich.com\/de\/ueber-uns\/expertenteam\/joerg-wachler\/\">Mehr \u00fcber J\u00f6rg Wachler<\/a><\/p>\n\n\t\t<\/div>\n\t<\/div>\n<\/div><\/div><\/div><div class=\"wpb_column vc_column_container vc_col-sm-4 et-dark-column\"><div class=\"vc_column-inner\"><div class=\"wpb_wrapper\">\n\t<div  class=\"wpb_single_image wpb_content_element vc_align_center\">\n\t\t\n\t\t<figure class=\"wpb_wrapper vc_figure\">\n\t\t\t<a href=\"?page_id=14725\" target=\"_self\" class=\"vc_single_image-wrapper   vc_box_border_grey\"><img decoding=\"async\" class=\"vc_single_image-img \" src=\"https:\/\/test.feurich.com\/wp-content\/uploads\/Sibin_Zlatkovic-360x260.jpg\" width=\"360\" height=\"260\" alt=\"Sibin Zlatkovic\" title=\"Sibin Zlatkovic\" loading=\"lazy\" \/><\/a>\n\t\t<\/figure>\n\t<\/div>\n\n\t<div class=\"wpb_text_column wpb_content_element   products-title\" >\n\t\t<div class=\"wpb_wrapper\">\n\t\t\t<p><a class=\"mega-menu-link\" href=\"?page_id=14725\">\u0421\u0438\u0431\u0438\u043d \u0417\u043b\u0430\u0442\u043a\u043e\u0432\u0438\u0447 <\/a><\/p>\n\n\t\t<\/div>\n\t<\/div>\n\n\t<div class=\"wpb_text_column wpb_content_element  \" >\n\t\t<div class=\"wpb_wrapper\">\n\t\t\t<div data-canvas-width=\"324.0569125915081\"><strong>Chefintonateur FEURICH Wien &amp; Konzertstimmer<\/strong><\/div>\n<p>Sibin Zlatkovic ist international f\u00fcr die Aus- und Weiterbildung unserer Klaviertechniker und FEURICH Partner verantwortlich. Er steht zusammen mit J\u00f6rg Wachler und St\u00e9phane Boussuge an der Spitze unseres Teams in Bezug auf Klang und Instrumentenausarbeitung und perfektioniert unser Ziel, stets einen m\u00f6glichst dynamischen, nuancenreichen und lang anhaltenden warmen Klang zu erreichen \u2013 das typische Wiener Klangideal. <a href=\"https:\/\/test.feurich.com\/de\/ueber-uns\/expertenteam\/sibin_zlatkovic\/\">Mehr \u00fcber Sibin Zlatkovic<\/a><\/p>\n\n\t\t<\/div>\n\t<\/div>\n<\/div><\/div><\/div><div class=\"wpb_column vc_column_container vc_col-sm-4 et-dark-column\"><div class=\"vc_column-inner\"><div class=\"wpb_wrapper\">\n\t<div  class=\"wpb_single_image wpb_content_element vc_align_center   info-img\">\n\t\t\n\t\t<figure class=\"wpb_wrapper vc_figure\">\n\t\t\t<a href=\"?page_id=14617\" target=\"_self\" class=\"vc_single_image-wrapper   vc_box_border_grey\"><img decoding=\"async\" class=\"vc_single_image-img \" src=\"https:\/\/test.feurich.com\/wp-content\/uploads\/featured-360x260.jpg\" width=\"360\" height=\"260\" alt=\"Boussuge\" title=\"Boussuge\" loading=\"lazy\" \/><\/a>\n\t\t<\/figure>\n\t<\/div>\n\n\t<div class=\"wpb_text_column wpb_content_element   products-title\" >\n\t\t<div class=\"wpb_wrapper\">\n\t\t\t<p><a href=\"?page_id=14716\">\u0421\u0442\u0435\u0444\u0430\u043d \u0411\u0443\u0437\u044c\u0435\u0436<\/a><\/p>\n\n\t\t<\/div>\n\t<\/div>\n\n\t<div class=\"wpb_text_column wpb_content_element  \" >\n\t\t<div class=\"wpb_wrapper\">\n\t\t\t<div data-canvas-width=\"324.0569125915081\"><strong>Chefintonateur FEURICH Wien &amp; Konzertstimmer<\/strong><\/div>\n<p>St\u00e9phane Boussuge ist mit seinem gro\u00dfen K\u00f6nnen und Wissen als Intonations- und Regulationsexperte sowie Konzertstimmer zust\u00e4ndig f\u00fcr die klangliche Ausarbeitung der FEURICH-Instrumente und begeistert mit seinen Erfahrungsschatz Pianisten wie auch Klaviertechniker auf der ganzen Welt. <a href=\"https:\/\/test.feurich.com\/de\/ueber-uns\/expertenteam\/stephane_boussuge\/\">Mehr \u00fcber St\u00e9phane Boussuge<\/a><\/p>\n\n\t\t<\/div>\n\t<\/div>\n<\/div><\/div><\/div><\/div><\/div><div  class=\"sec_row container\"><div class=\"vc_row wpb_row vc_row-fluid\"><div class=\"wpb_column vc_column_container vc_col-sm-4 et-dark-column\"><div class=\"vc_column-inner\"><div class=\"wpb_wrapper\">\n\t<div  class=\"wpb_single_image wpb_content_element vc_align_center\">\n\t\t\n\t\t<figure class=\"wpb_wrapper vc_figure\">\n\t\t\t<a href=\"?page_id=14713\" target=\"_self\" class=\"vc_single_image-wrapper   vc_box_border_grey\"><img decoding=\"async\" class=\"vc_single_image-img \" src=\"https:\/\/test.feurich.com\/wp-content\/uploads\/Vladislav-and-Oleg-Mikucionok-1-360x260.jpg\" width=\"360\" height=\"260\" alt=\"Vladislav and Oleg Mikucionok KLAVIERmanufaktur\" title=\"Vladislav and Oleg Mikucionok 1\" loading=\"lazy\" \/><\/a>\n\t\t<\/figure>\n\t<\/div>\n\n\t<div class=\"wpb_text_column wpb_content_element   products-title\" >\n\t\t<div class=\"wpb_wrapper\">\n\t\t\t<p><a href=\"?page_id=14713\">\u0412\u043b\u0430\u0434\u0438\u0441\u043b\u0430\u0432 \u0438 \u041e\u043b\u0435\u0433 \u041c\u0438\u043a\u0443\u0447\u0451\u043d\u043e\u043a<\/a><\/p>\n\n\t\t<\/div>\n\t<\/div>\n\n\t<div class=\"wpb_text_column wpb_content_element  \" >\n\t\t<div class=\"wpb_wrapper\">\n\t\t\t<div data-canvas-width=\"324.0569125915081\"><strong>\u041d\u0430\u0441\u0442\u0440\u043e\u0439\u0449\u0438\u043a \u0438 \u043c\u0430\u0441\u0442\u0435\u0440 \u0444\u043e\u0440\u0442\u0435\u043f\u0438\u0430\u043d\u043e, \u0432\u0435\u043d\u0441\u043a\u0430\u044f \u043c\u0430\u0441\u0442\u0435\u0440\u0441\u043a\u0430\u044f FEURICH<\/strong><\/div>\n<p>\u0412\u043b\u0430\u0434\u0438\u0441\u043b\u0430\u0432 \u041c\u0438\u043a\u0443\u0447\u0451\u043d\u043e\u043a &#8211; \u043c\u0430\u0441\u0442\u0435\u0440 \u0444\u043e\u0440\u0442\u0435\u043f\u0438\u0430\u043d\u043e \u0438 \u0442\u0435\u0445\u043d\u0438\u0447\u0435\u0441\u043a\u0438\u0439 \u0440\u0443\u043a\u043e\u0432\u043e\u0434\u0438\u0442\u0435\u043b\u044c \u043d\u0430\u0448\u0435\u0439 \u043c\u0430\u0441\u0442\u0435\u0440\u0441\u043a\u043e\u0439 \u0432 \u0412\u0435\u043d\u0435. \u0415\u0433\u043e \u043e\u0442\u0435\u0446, \u041e\u043b\u0435\u0433 \u041c\u0438\u043a\u0443\u0447\u0451\u043d\u043e\u043a, \u043f\u0435\u0440\u0435\u0434\u0430\u0451\u0442 \u0441\u0432\u043e\u0438 \u0437\u043d\u0430\u043d\u0438\u044f \u0441\u043b\u0435\u0434\u0443\u044e\u0449\u0435\u043c\u0443 \u043f\u043e\u043a\u043e\u043b\u0435\u043d\u0438\u044e \u0444\u043e\u0440\u0442\u0435\u043f\u0438\u0430\u043d\u043d\u044b\u0445 \u043c\u0430\u0441\u0442\u0435\u0440\u043e\u0432: \u043e\u0431\u0443\u0447\u0430\u0435\u0442 \u0441\u0442\u0443\u0434\u0435\u043d\u0442\u043e\u0432 \u043d\u0430 \u043d\u0430\u0448\u0435\u043c \u043f\u0440\u043e\u0438\u0437\u0432\u043e\u0434\u0441\u0442\u0432\u0435\u043d\u043d\u043e\u043c \u043e\u0431\u044a\u0435\u043a\u0442\u0435 \u0432 \u0412\u0435\u043d\u0435.<br \/>\n<a href=\"?page_id=14713\">\u0423\u0437\u043d\u0430\u0442\u044c \u0431\u043e\u043b\u044c\u0448\u0435 \u043e\u0431 \u041e\u043b\u0435\u0433\u0435 \u0438 \u0412\u043b\u0430\u0434\u0438\u0441\u043b\u0430\u0432\u0435 \u041c\u0438\u043a\u0443\u0447\u0451\u043d\u043e\u043a.<\/a><\/p>\n\n\t\t<\/div>\n\t<\/div>\n<\/div><\/div><\/div><div class=\"wpb_column vc_column_container vc_col-sm-4 et-dark-column\"><div class=\"vc_column-inner\"><div class=\"wpb_wrapper\">\n\t<div  class=\"wpb_single_image wpb_content_element vc_align_center\">\n\t\t\n\t\t<figure class=\"wpb_wrapper vc_figure\">\n\t\t\t<a href=\"?page_id=14707\" target=\"_self\" class=\"vc_single_image-wrapper   vc_box_border_grey\"><img decoding=\"async\" class=\"vc_single_image-img \" src=\"https:\/\/test.feurich.com\/wp-content\/uploads\/Wang_Jing-360x260.jpg\" width=\"360\" height=\"260\" alt=\"WANG Jing\" title=\"Wang Jing\" loading=\"lazy\" \/><\/a>\n\t\t<\/figure>\n\t<\/div>\n\n\t<div class=\"wpb_text_column wpb_content_element   products-title\" >\n\t\t<div class=\"wpb_wrapper\">\n\t\t\t<p><a href=\"?page_id=14707\">\u041c\u0430\u0433\u0438\u0441\u0442\u0440 \u0412\u0430\u043d \u0427\u0436\u0438\u043d <\/a><\/p>\n\n\t\t<\/div>\n\t<\/div>\n\n\t<div class=\"wpb_text_column wpb_content_element  \" >\n\t\t<div class=\"wpb_wrapper\">\n\t\t\t<div data-canvas-width=\"324.0569125915081\">\n<div data-canvas-width=\"254.615539238653\"><strong>Gesch\u00e4ftsf\u00fchrerin &amp; Kommunikation der FEURICH Wien Produktion<\/strong><\/div>\n<\/div>\n<p>WANG Jing ist als Gesch\u00e4ftsf\u00fchrerin der KLAVIER<em>manufaktur<\/em> f\u00fcr den administrativen und operativen Bereich der Produktionsst\u00e4tte in Wien zust\u00e4ndig. <a href=\"https:\/\/test.feurich.com\/de\/ueber-uns\/expertenteam\/wang_jing\/\">Mehr zu Wang Jing<\/a><\/p>\n\n\t\t<\/div>\n\t<\/div>\n<\/div><\/div><\/div><div class=\"wpb_column vc_column_container vc_col-sm-4 et-dark-column\"><div class=\"vc_column-inner\"><div class=\"wpb_wrapper\">\n\t<div  class=\"wpb_single_image wpb_content_element vc_align_center\">\n\t\t\n\t\t<figure class=\"wpb_wrapper vc_figure\">\n\t\t\t<a href=\"?page_id=14722\" target=\"_self\" class=\"vc_single_image-wrapper   vc_box_border_grey\"><img decoding=\"async\" class=\"vc_single_image-img \" src=\"https:\/\/test.feurich.com\/wp-content\/uploads\/Udo-Kamm-e1505666597852-360x260.jpg\" width=\"360\" height=\"260\" alt=\"Udo Kamm_FEURICH-Expert\" title=\"Udo Kamm\" loading=\"lazy\" \/><\/a>\n\t\t<\/figure>\n\t<\/div>\n\n\t<div class=\"wpb_text_column wpb_content_element   products-title\" >\n\t\t<div class=\"wpb_wrapper\">\n\t\t\t<p><a class=\"mega-menu-link\" href=\"https:\/\/www.feurich.com\/ru\/%d0%be-%d0%bd%d0%b0%d1%81\/%d0%ba%d0%be%d0%bc%d0%b0%d0%bd%d0%b4%d0%b0-%d1%8d%d0%ba%d1%81%d0%bf%d0%b5%d1%80%d1%82%d0%be%d0%b2\/%d1%83%d0%b4%d0%be-%d0%ba%d0%b0%d0%bc%d0%bc\/\">\u0423\u0434\u043e \u041a\u0430\u043c\u043c <\/a><\/p>\n\n\t\t<\/div>\n\t<\/div>\n\n\t<div class=\"wpb_text_column wpb_content_element  \" >\n\t\t<div class=\"wpb_wrapper\">\n\t\t\t<div data-canvas-width=\"324.0569125915081\"><strong>Klavierbaumeister und Erfinder, Kirchhain\/Deutschland<br \/>\n<\/strong><\/div>\n<p>Udo Kamm ist genialer Erfinder und Mastermind zahlreicher Innovationen im Bereich akustischer Klaviere. <a href=\"https:\/\/test.feurich.com\/de\/ueber-uns\/expertenteam\/udo_kamm\/\">Mehr \u00fcber Udo Kamm<\/a><\/p>\n\n\t\t<\/div>\n\t<\/div>\n<\/div><\/div><\/div><\/div><\/div><div  class=\"sec_row container\"><div class=\"vc_row wpb_row vc_row-fluid\"><div class=\"wpb_column vc_column_container vc_col-sm-4 et-dark-column\"><div class=\"vc_column-inner\"><div class=\"wpb_wrapper\">\n\t<div  class=\"wpb_single_image wpb_content_element vc_align_center\">\n\t\t\n\t\t<figure class=\"wpb_wrapper vc_figure\">\n\t\t\t<div class=\"vc_single_image-wrapper   vc_box_border_grey\"><img decoding=\"async\" class=\"vc_single_image-img \" src=\"https:\/\/test.feurich.com\/wp-content\/uploads\/Claire-Paulello-360x260.jpg\" width=\"360\" height=\"260\" alt=\"Claire Paulello\" title=\"Claire Paulello\" loading=\"lazy\" \/><\/div>\n\t\t<\/figure>\n\t<\/div>\n\n\t<div class=\"wpb_text_column wpb_content_element   products-title\" >\n\t\t<div class=\"wpb_wrapper\">\n\t\t\t<p><a class=\"mega-menu-link\">\u041a\u043b\u044d\u0440 \u041f\u0430\u0443\u043b\u0435\u043b\u043b\u043e <\/a><\/p>\n\n\t\t<\/div>\n\t<\/div>\n\n\t<div class=\"wpb_text_column wpb_content_element  \" >\n\t\t<div class=\"wpb_wrapper\">\n\t\t\t<div data-canvas-width=\"324.0569125915081\"><strong>Klavierdesignerin, Villethierry\/Frankreich<\/strong><\/div>\n<p>Claire Paulello ist diplomierte Geh\u00e4usebauerin und versierte technische Zeichnerin. Durch die eigenh\u00e4ndige Restaurierung zahlreicher alter Instrumente sammelte sie wertvolle Erfahrungen und ein tiefes Verst\u00e4ndnis des Zusammenspiels von Form und Material. Sie ist Spezialistin f\u00fcr 2D- und 3D-Computerzeichnungen von Pianos und Fl\u00fcgel.<\/p>\n\n\t\t<\/div>\n\t<\/div>\n<\/div><\/div><\/div><div class=\"wpb_column vc_column_container vc_col-sm-4 et-dark-column\"><div class=\"vc_column-inner\"><div class=\"wpb_wrapper\">\n\t<div  class=\"wpb_single_image wpb_content_element vc_align_center\">\n\t\t\n\t\t<figure class=\"wpb_wrapper vc_figure\">\n\t\t\t<a href=\"?page_id=14710\" target=\"_self\" class=\"vc_single_image-wrapper   vc_box_border_grey\"><img decoding=\"async\" class=\"vc_single_image-img \" src=\"https:\/\/test.feurich.com\/wp-content\/uploads\/Stepehen_Paulello-360x260.jpg\" width=\"360\" height=\"260\" alt=\"Stephen Paulello\" title=\"Stephen Paulello\" loading=\"lazy\" \/><\/a>\n\t\t<\/figure>\n\t<\/div>\n\n\t<div class=\"wpb_text_column wpb_content_element   products-title\" >\n\t\t<div class=\"wpb_wrapper\">\n\t\t\t<p><a class=\"mega-menu-link\" href=\"?page_id=14710\">\u0421\u0442\u0438\u0432\u0435\u043d \u041f\u0430\u0443\u043b\u0435\u043b\u043b\u043e <\/a><\/p>\n\n\t\t<\/div>\n\t<\/div>\n\n\t<div class=\"wpb_text_column wpb_content_element  \" >\n\t\t<div class=\"wpb_wrapper\">\n\t\t\t<div data-canvas-width=\"324.0569125915081\"><strong>Konzertpianist und Klavierkonstrukteur, Villethierry\/Frankreich<\/strong><\/div>\n<p>Stephen Paulello unterst\u00fctzt FEURICH seit 2006 als Klavierdesigner und Experte und ist der Innovator schlechthin im Bereich des klassischen Klavierbaus. Der FEURICH Fl\u00fcgel Mod. 218 \u2013 Concert wurde von ihm und seiner Frau Claire Paulello konstruiert, ebenso auch die finale Version des 4. Pedals \u201ep\u00e9dale harmonique\u201c und essentielle weitere konstruktive Elemente unserer FEURICH-Instrumente.\u00a0<a href=\"https:\/\/test.feurich.com\/de\/ueber-uns\/expertenteam\/stephen_paulello\/\">Mehr \u00fcber Stephen Paulello<\/a><\/p>\n\n\t\t<\/div>\n\t<\/div>\n<\/div><\/div><\/div><div class=\"wpb_column vc_column_container vc_col-sm-4 et-dark-column\"><div class=\"vc_column-inner\"><div class=\"wpb_wrapper\">\n\t<div  class=\"wpb_single_image wpb_content_element vc_align_center\">\n\t\t\n\t\t<figure class=\"wpb_wrapper vc_figure\">\n\t\t\t<a href=\"?page_id=14719\" target=\"_self\" class=\"vc_single_image-wrapper   vc_box_border_grey\"><img decoding=\"async\" class=\"vc_single_image-img \" src=\"https:\/\/test.feurich.com\/wp-content\/uploads\/DSC_0160-scaled-360x260.jpg\" width=\"360\" height=\"260\" alt=\"J\u00f6rg Hauser_FEURICH-Expert\" title=\"J\u00f6rg Hauser\" loading=\"lazy\" \/><\/a>\n\t\t<\/figure>\n\t<\/div>\n\n\t<div class=\"wpb_text_column wpb_content_element   products-title\" >\n\t\t<div class=\"wpb_wrapper\">\n\t\t\t<p><a class=\"mega-menu-link\" href=\"?page_id=14719\">\u0419\u043e\u0440\u0433 \u0425\u0430\u0443\u0437\u0435\u0440 <\/a><\/p>\n\n\t\t<\/div>\n\t<\/div>\n\n\t<div class=\"wpb_text_column wpb_content_element  \" >\n\t\t<div class=\"wpb_wrapper\">\n\t\t\t<div data-canvas-width=\"324.0569125915081\"><strong>Klavier- und Cembalobaumeister Aldingen\/Deutschland<\/strong><\/div>\n<p>J\u00f6rg Hauser ist Teil des FEURICH Entwicklungsteams und f\u00fcr etliche Innovationen im FEURICH-Klavierbau verantwortlich. So z\u00e4hlen zum Beispiel das \u201eschw\u00e4bische Pedalsystem\u201c oder die einzigartig einfache Demontage der Pianogeh\u00e4use zu seinen Entwicklungen. <a href=\"https:\/\/test.feurich.com\/de\/ueber-uns\/expertenteam\/joerg-hauser\/\">Mehr \u00fcber J\u00f6rg Hauser <\/a><\/p>\n\n\t\t<\/div>\n\t<\/div>\n<\/div><\/div><\/div><\/div><\/div><div  class=\"sec_row container\"><div class=\"vc_row wpb_row vc_row-fluid\"><div class=\"wpb_column vc_column_container vc_col-sm-12 et-dark-column\"><div class=\"vc_column-inner\"><div class=\"wpb_wrapper\"><div class=\"vc_empty_space\"   style=\"height: 52px\"><span class=\"vc_empty_space_inner\"><\/span><\/div><\/div><\/div><\/div><\/div><\/div>\n<\/div>","protected":false},"excerpt":{"rendered":"<p>\u0422\u0435, \u0443 \u043a\u043e\u0433\u043e \u0435\u0441\u0442\u044c \u0432\u0438\u0434\u0435\u043d\u0438\u0435 \u0431\u0443\u0434\u0443\u0449\u0435\u0433\u043e \u0438 \u043a\u0442\u043e \u0432\u043b\u0430\u0434\u0435\u0435\u0442 \u0441\u0432\u043e\u0438\u043c \u043c\u0430\u0441\u0442\u0435\u0440\u0441\u0442\u0432\u043e\u043c \u0434\u043e \u043c\u0435\u043b\u044c\u0447\u0430\u0439\u0448\u0438\u0445 \u0434\u0435\u0442\u0430\u043b\u0435\u0439, \u043c\u043e\u0433\u0443\u0442 \u0441\u043e\u0437\u0434\u0430\u0432\u0430\u0442\u044c \u043d\u0430\u0441\u0442\u043e\u044f\u0449\u0438\u0435 \u0438\u043d\u043d\u043e\u0432\u0430\u0446\u0438\u0438: \u043c\u0435\u0436\u0434\u0443\u043d\u0430\u0440\u043e\u0434\u043d\u0430\u044f \u043a\u043e\u043c\u0430\u043d\u0434\u0430 \u044d\u043a\u0441\u043f\u0435\u0440\u0442\u043e\u0432 FEURICH.<\/p>\n","protected":false},"author":4,"featured_media":0,"parent":14943,"menu_order":0,"comment_status":"closed","ping_status":"closed","template":"template-fullwidth.php","meta":{"inline_featured_image":false,"footnotes":""},"class_list":["post-14915","page","type-page","status-publish","hentry"],"acf":[],"_links":{"self":[{"href":"https:\/\/test.feurich.com\/ru\/wp-json\/wp\/v2\/pages\/14915"}],"collection":[{"href":"https:\/\/test.feurich.com\/ru\/wp-json\/wp\/v2\/pages"}],"about":[{"href":"https:\/\/test.feurich.com\/ru\/wp-json\/wp\/v2\/types\/page"}],"author":[{"embeddable":true,"href":"https:\/\/test.feurich.com\/ru\/wp-json\/wp\/v2\/users\/4"}],"replies":[{"embeddable":true,"href":"https:\/\/test.feurich.com\/ru\/wp-json\/wp\/v2\/comments?post=14915"}],"version-history":[{"count":54,"href":"https:\/\/test.feurich.com\/ru\/wp-json\/wp\/v2\/pages\/14915\/revisions"}],"predecessor-version":[{"id":24830,"href":"https:\/\/test.feurich.com\/ru\/wp-json\/wp\/v2\/pages\/14915\/revisions\/24830"}],"up":[{"embeddable":true,"href":"https:\/\/test.feurich.com\/ru\/wp-json\/wp\/v2\/pages\/14943"}],"wp:attachment":[{"href":"https:\/\/test.feurich.com\/ru\/wp-json\/wp\/v2\/media?parent=14915"}],"curies":[{"name":"wp","href":"https:\/\/api.w.org\/{rel}","templated":true}]}}